{"id":773572,"date":"2025-08-28T16:20:58","date_gmt":"2025-08-28T13:20:58","guid":{"rendered":"https:\/\/roveyayinevi.com.tr\/index.php\/urun\/etimolojik-sozluk-numunesi\/"},"modified":"2026-04-15T03:39:50","modified_gmt":"2026-04-15T00:39:50","slug":"etimolojik-sozluk-numunesi","status":"publish","type":"product","link":"https:\/\/roveyayinevi.com.tr\/index.php\/urun\/etimolojik-sozluk-numunesi\/","title":{"rendered":"Etimolojik S\u00f6zl\u00fck Numunesi"},"content":{"rendered":"<p>Prof. Dr. Osman Fikri Sertkaya Hocam\u0131n Etimoloji Ara\u015ft\u0131rmalar\u0131 1 ve 2 kitab\u0131n\u0131n \u00e7al\u0131\u015ft\u0131\u011f\u0131 \u00f6rneklerin hepsinde, etimoloji felsefesi denilen mana m\u00fcnasebetleri, latif g\u00fczel incelikleri ve zamanla kazan\u0131lan yeni kavram manalar demek olan semantik ve ilm\u00fc\u2019l-i\u015ftikak, hemen hemen hi\u00e7 yoktur. Haliyle kitap etimolojik bir \u00e7al\u0131\u015fmadan ziyade, s\u00f6zc\u00fckleri, edatlar\u0131 ve ekleri \u00e7al\u0131\u015fan bir gramer ve sade bir s\u00f6zl\u00fck kitab\u0131 gibi olmu\u015ftur. Ger\u00e7i Osman Fikri Hocam da kendine g\u00f6re hakl\u0131d\u0131r. \u00c7\u00fcnk\u00fc T\u00fcrk\u00e7e hece dilidir, dolay\u0131s\u0131yla kelimelerin \u00f6zg\u00fcn ki\u015fili\u011fi ve tam te\u015fekk\u00fcl\u00fc olmuyor. Evet, Ural-Altay dilleri, az geli\u015fmi\u015f olduklar\u0131ndan Hind-Aryen diller ve Sami diller gibi \u00fc\u00e7 ve d\u00f6rt harfli k\u00f6k kelimeleri yoktur. Ayr\u0131ca heceler her zaman m\u00fcstakil, ayr\u0131 bir mana vermiyor. Fakat yine de Hocam, baz\u0131 letafetleri, bir k\u0131s\u0131m incelikleri katabilirdi. Mesela bu iki misal gibi:   Bilgi: Bil ve bilye k\u00f6k\u00fcnden en ufak varl\u0131k datas\u0131 demektir. Sonuna gelen gi eki fazlal\u0131k ve \u00e7okluk manas\u0131n\u0131 verir. Dolay\u0131s\u0131yla, bilgi, ger\u00e7ek ve en fazla de\u011ferli olan varl\u0131k demek oluyor. Ben: \u0130nsan\u0131n derisinde olu\u015fan karart\u0131 veya ki\u015filik manas\u0131na gelir. Deride olu\u015fan karart\u0131 da insan ki\u015fili\u011fi de bir organizmad\u0131r. Organizma ise hayat demektir. Sonuna fazlal\u0131k ve \u00e7okluk bildiren gi hecesi gelince Bengi olur. Bu da T\u00fcrk\u00e7ede, tam\u0131 tam\u0131na hayat demektir. Sonuna bir de su hecesi ilave edilince Bengisu olur. Ebedi hayat suyu manas\u0131na gelir. Osmanl\u0131cada ise bu mana, ab-\u0131 hayat diye ge\u00e7er.<\/p>\n","protected":false},"excerpt":{"rendered":"<p>Prof. Dr. Osman Fikri Sertkaya Hocam\u0131n Etimoloji Ara\u015ft\u0131rmalar\u0131 1 ve 2 kitab\u0131n\u0131n \u00e7al\u0131\u015ft\u0131\u011f\u0131 \u00f6rneklerin hepsinde, etimoloji felsefesi denilen mana m\u00fcnasebetleri, latif g\u00fczel incelikleri ve zamanla kazan\u0131lan<span class=\"excerpt-hellip\"> [\u2026]<\/span><\/p>\n","protected":false},"featured_media":0,"template":"","meta":{"_monsterinsights_skip_tracking":false,"_monsterinsights_sitenote_active":false,"_monsterinsights_sitenote_note":"","_monsterinsights_sitenote_category":0},"product_brand":[],"product_cat":[13072,12291],"product_tag":[],"class_list":{"0":"post-773572","1":"product","2":"type-product","3":"status-publish","5":"product_cat-arastirma-inceleme-referans","6":"product_cat-edebiyat","7":"pa_cilt-ciltsiz","8":"pa_tur-kitap","9":"pa_yayinevi-gulnar-yayinlari","10":"pa_yazar-bahaeddin-saglam","12":"first","13":"instock","14":"sale","15":"shipping-taxable","16":"purchasable","17":"product-type-simple"},"_links":{"self":[{"href":"https:\/\/roveyayinevi.com.tr\/index.php\/wp-json\/wp\/v2\/product\/773572","targetHints":{"allow":["GET"]}}],"collection":[{"href":"https:\/\/roveyayinevi.com.tr\/index.php\/wp-json\/wp\/v2\/product"}],"about":[{"href":"https:\/\/roveyayinevi.com.tr\/index.php\/wp-json\/wp\/v2\/types\/product"}],"wp:attachment":[{"href":"https:\/\/roveyayinevi.com.tr\/index.php\/wp-json\/wp\/v2\/media?parent=773572"}],"wp:term":[{"taxonomy":"product_brand","embeddable":true,"href":"https:\/\/roveyayinevi.com.tr\/index.php\/wp-json\/wp\/v2\/product_brand?post=773572"},{"taxonomy":"product_cat","embeddable":true,"href":"https:\/\/roveyayinevi.com.tr\/index.php\/wp-json\/wp\/v2\/product_cat?post=773572"},{"taxonomy":"product_tag","embeddable":true,"href":"https:\/\/roveyayinevi.com.tr\/index.php\/wp-json\/wp\/v2\/product_tag?post=773572"}],"curies":[{"name":"wp","href":"https:\/\/api.w.org\/{rel}","templated":true}]}}