{"id":773571,"date":"2025-08-28T16:20:56","date_gmt":"2025-08-28T13:20:56","guid":{"rendered":"https:\/\/roveyayinevi.com.tr\/index.php\/urun\/mihaliccik-egitim-tarihi\/"},"modified":"2026-04-15T03:39:50","modified_gmt":"2026-04-15T00:39:50","slug":"mihaliccik-egitim-tarihi","status":"publish","type":"product","link":"https:\/\/roveyayinevi.com.tr\/index.php\/urun\/mihaliccik-egitim-tarihi\/","title":{"rendered":"Mihal\u0131\u00e7\u00e7\u0131k E\u011fitim Tarihi"},"content":{"rendered":"<p>Mihal\u0131\u00e7\u00e7\u0131k il\u00e7emiz, y\u00fczlerce y\u0131ll\u0131k k\u00f6kl\u00fc bir ge\u00e7mi\u015fe sahip olmas\u0131na ra\u011fmen, tarihiyle ilgili yap\u0131lan yaz\u0131l\u0131 \u00e7al\u0131\u015fmalar olduk\u00e7a s\u0131n\u0131rl\u0131d\u0131r. Yaz\u0131l\u0131 kaynaklar\u0131n eksikli\u011fi, nesiller aras\u0131 bilgi aktar\u0131m\u0131n\u0131 zorla\u015ft\u0131rm\u0131\u015f; ge\u00e7mi\u015fte ya\u015fanm\u0131\u015f ve bilinen pek \u00e7ok olay zamanla unutulmu\u015ftur. Bu durumdan kaynakl\u0131 olarak bir d\u00f6nem il\u00e7emizin d\u00fc\u015fman i\u015fgalinden kurtulu\u015f g\u00fcn\u00fc 18 Eyl\u00fcl m\u00fc? 20 Eyl\u00fcl m\u00fc? tart\u0131\u015fmas\u0131 bile ortaya \u00e7\u0131km\u0131\u015ft\u0131r. Benzer bir belirsizlik, il\u00e7emizin Ankara\u2019dan ayr\u0131larak Eski\u015fehir\u2019e ba\u011flanma tarihi i\u00e7in de ge\u00e7erlidir; baz\u0131 kaynaklarda bu tarih 1915 olarak belirtilirken, baz\u0131lar\u0131nda 1925 olarak ge\u00e7mektedir. Bu sebeple tarihi olaylar\u0131n do\u011fru anla\u015f\u0131lmas\u0131 ve gelece\u011fe sa\u011fl\u0131kl\u0131 bir \u015fekilde aktar\u0131labilmesi ad\u0131na yaz\u0131l\u0131 kaynaklar son derece b\u00fcy\u00fck bir \u00f6neme sahiptir. Yaz\u0131l\u0131 belge ve \u00e7al\u0131\u015fmalar, yaln\u0131zca ge\u00e7mi\u015fi ayd\u0131nlatmakla kalmaz, ayn\u0131 zamanda toplumsal belle\u011fin olu\u015fmas\u0131na da katk\u0131 sa\u011flar. Bu nedenle il\u00e7emizin tarihine \u0131\u015f\u0131k tutacak her t\u00fcrl\u00fc akademik ve yerel \u00e7al\u0131\u015fma b\u00fcy\u00fck bir de\u011fer ta\u015f\u0131maktad\u0131r.   <\/p>\n","protected":false},"excerpt":{"rendered":"<p>Mihal\u0131\u00e7\u00e7\u0131k il\u00e7emiz, y\u00fczlerce y\u0131ll\u0131k k\u00f6kl\u00fc bir ge\u00e7mi\u015fe sahip olmas\u0131na ra\u011fmen, tarihiyle ilgili yap\u0131lan yaz\u0131l\u0131 \u00e7al\u0131\u015fmalar olduk\u00e7a s\u0131n\u0131rl\u0131d\u0131r. Yaz\u0131l\u0131 kaynaklar\u0131n eksikli\u011fi, nesiller aras\u0131 bilgi aktar\u0131m\u0131n\u0131 zorla\u015ft\u0131rm\u0131\u015f; ge\u00e7mi\u015fte<span class=\"excerpt-hellip\"> [\u2026]<\/span><\/p>\n","protected":false},"featured_media":0,"template":"","meta":{"_monsterinsights_skip_tracking":false,"_monsterinsights_sitenote_active":false,"_monsterinsights_sitenote_note":"","_monsterinsights_sitenote_category":0},"product_brand":[],"product_cat":[12370,12304],"product_tag":[],"class_list":{"0":"post-773571","1":"product","2":"type-product","3":"status-publish","5":"product_cat-arastirma-inceleme","6":"product_cat-tarih","7":"pa_cilt-ciltsiz","8":"pa_tur-kitap","9":"pa_yayinevi-defne-yayinevi","10":"pa_yazar-abdullah-demirtas","12":"first","13":"instock","14":"sale","15":"shipping-taxable","16":"purchasable","17":"product-type-simple"},"_links":{"self":[{"href":"https:\/\/roveyayinevi.com.tr\/index.php\/wp-json\/wp\/v2\/product\/773571","targetHints":{"allow":["GET"]}}],"collection":[{"href":"https:\/\/roveyayinevi.com.tr\/index.php\/wp-json\/wp\/v2\/product"}],"about":[{"href":"https:\/\/roveyayinevi.com.tr\/index.php\/wp-json\/wp\/v2\/types\/product"}],"wp:attachment":[{"href":"https:\/\/roveyayinevi.com.tr\/index.php\/wp-json\/wp\/v2\/media?parent=773571"}],"wp:term":[{"taxonomy":"product_brand","embeddable":true,"href":"https:\/\/roveyayinevi.com.tr\/index.php\/wp-json\/wp\/v2\/product_brand?post=773571"},{"taxonomy":"product_cat","embeddable":true,"href":"https:\/\/roveyayinevi.com.tr\/index.php\/wp-json\/wp\/v2\/product_cat?post=773571"},{"taxonomy":"product_tag","embeddable":true,"href":"https:\/\/roveyayinevi.com.tr\/index.php\/wp-json\/wp\/v2\/product_tag?post=773571"}],"curies":[{"name":"wp","href":"https:\/\/api.w.org\/{rel}","templated":true}]}}