{"id":773568,"date":"2025-08-28T16:20:50","date_gmt":"2025-08-28T13:20:50","guid":{"rendered":"https:\/\/roveyayinevi.com.tr\/index.php\/urun\/bu-bir-kaya\/"},"modified":"2026-04-15T03:39:50","modified_gmt":"2026-04-15T00:39:50","slug":"bu-bir-kaya","status":"publish","type":"product","link":"https:\/\/roveyayinevi.com.tr\/index.php\/urun\/bu-bir-kaya\/","title":{"rendered":"Bu Bir Kaya"},"content":{"rendered":"<p>Kaya milyonlarca y\u0131l oldu\u011fu yerde sapasa\u011flam, dimdik durmu\u015f. Kaya r\u00fczg\u00e2rlara, f\u0131rt\u0131nalara dost olmu\u015f. Kartallar\u0131n, \u015fahinlerin yuvas\u0131 olmu\u015f. D\u00fcnyan\u0131n durmadan de\u011fi\u015fmesine \u015fahit olmu\u015f. Sonra insanlar gelmi\u015f. Evlerini kurmu\u015flar kayan\u0131n iki yan\u0131na. B\u00f6ylece iki ayr\u0131 k\u00f6y kurulmu\u015f. Bir k\u00f6y\u00fcn ad\u0131 Peno, di\u011ferininki Enon olmu\u015f.   Sonra neler mi olmu\u015f? Bu Bir Kaya, Nergis Seli\u2019den bir payla\u015fma, dayan\u0131\u015fma ve dostluk hik\u00e2yesi&#8230; <\/p>\n","protected":false},"excerpt":{"rendered":"<p>Kaya milyonlarca y\u0131l oldu\u011fu yerde sapasa\u011flam, dimdik durmu\u015f. Kaya r\u00fczg\u00e2rlara, f\u0131rt\u0131nalara dost olmu\u015f. Kartallar\u0131n, \u015fahinlerin yuvas\u0131 olmu\u015f. D\u00fcnyan\u0131n durmadan de\u011fi\u015fmesine \u015fahit olmu\u015f. Sonra insanlar gelmi\u015f. Evlerini<span class=\"excerpt-hellip\"> [\u2026]<\/span><\/p>\n","protected":false},"featured_media":0,"template":"","meta":{"_monsterinsights_skip_tracking":false,"_monsterinsights_sitenote_active":false,"_monsterinsights_sitenote_note":"","_monsterinsights_sitenote_category":0},"product_brand":[],"product_cat":[12274,12518],"product_tag":[],"class_list":{"0":"post-773568","1":"product","2":"type-product","3":"status-publish","5":"product_cat-cocuk-ve-genclik-kitaplari","6":"product_cat-okul-oncesi-kitaplar","7":"pa_cilt-ciltsiz","8":"pa_tur-kitap","9":"pa_yayinevi-yapi-kredi-yayinlari","10":"pa_yazar-nergis-seli","12":"first","13":"instock","14":"sale","15":"shipping-taxable","16":"purchasable","17":"product-type-simple"},"_links":{"self":[{"href":"https:\/\/roveyayinevi.com.tr\/index.php\/wp-json\/wp\/v2\/product\/773568","targetHints":{"allow":["GET"]}}],"collection":[{"href":"https:\/\/roveyayinevi.com.tr\/index.php\/wp-json\/wp\/v2\/product"}],"about":[{"href":"https:\/\/roveyayinevi.com.tr\/index.php\/wp-json\/wp\/v2\/types\/product"}],"wp:attachment":[{"href":"https:\/\/roveyayinevi.com.tr\/index.php\/wp-json\/wp\/v2\/media?parent=773568"}],"wp:term":[{"taxonomy":"product_brand","embeddable":true,"href":"https:\/\/roveyayinevi.com.tr\/index.php\/wp-json\/wp\/v2\/product_brand?post=773568"},{"taxonomy":"product_cat","embeddable":true,"href":"https:\/\/roveyayinevi.com.tr\/index.php\/wp-json\/wp\/v2\/product_cat?post=773568"},{"taxonomy":"product_tag","embeddable":true,"href":"https:\/\/roveyayinevi.com.tr\/index.php\/wp-json\/wp\/v2\/product_tag?post=773568"}],"curies":[{"name":"wp","href":"https:\/\/api.w.org\/{rel}","templated":true}]}}