{"id":773567,"date":"2025-08-28T16:20:48","date_gmt":"2025-08-28T13:20:48","guid":{"rendered":"https:\/\/roveyayinevi.com.tr\/index.php\/urun\/blacksad-6-o-zaman-her-sey-yikilir-birinci-bolum\/"},"modified":"2026-04-15T03:39:50","modified_gmt":"2026-04-15T00:39:50","slug":"blacksad-6-o-zaman-her-sey-yikilir-birinci-bolum","status":"publish","type":"product","link":"https:\/\/roveyayinevi.com.tr\/index.php\/urun\/blacksad-6-o-zaman-her-sey-yikilir-birinci-bolum\/","title":{"rendered":"Blacksad 6  O Zaman Her \u015eey Y\u0131k\u0131l\u0131r &#8211; Birinci B\u00f6l\u00fcm"},"content":{"rendered":"<p>Juan D\u00edaz Canales ile Juanjo Guarnido\u2019nun \u00e7izgi roman d\u00fcnyas\u0131nda art\u0131k bir efsane haline gelmi\u015f kahraman\u0131 Blacksad\u2019in yeni maceras\u0131 O Zaman Her \u015eey Y\u0131k\u0131l\u0131r (6. Alb\u00fcm, Birinci B\u00f6l\u00fcm) \u00e7\u0131kt\u0131.   T\u00fcrkiye\u2019de de hat\u0131r\u0131 say\u0131l\u0131r bir hayran kitlesine sahip olan Blacksad\u2019in bu hik\u00e2yesinde, uyumsuz kedi dedektifimiz John Blacksad bu kez \u015fehirdeki g\u00fc\u00e7 sahibi y\u00f6neticilerin i\u015fledi\u011fi su\u00e7lara kar\u015f\u0131 masumlar\u0131 savunmaya \u00e7al\u0131\u015f\u0131yor.   Blacksad \u00e7izgi roman tarihinin en etkileyici yap\u0131tlar\u0131ndan.     \u015eehir, ortak zaferin en y\u00fcksek ifadesidir. \u00d6rg\u00fctlenmi\u015f milyonlarca insan, herkes i\u00e7in hizmet. Bir nota ka\u011f\u0131d\u0131 gibi d\u00fczenlenmi\u015f ve el yap\u0131m\u0131 her \u015fey gibi ar\u0131zalanmaya m\u00fcsait bir makine. <\/p>\n","protected":false},"excerpt":{"rendered":"<p>Juan D\u00edaz Canales ile Juanjo Guarnido\u2019nun \u00e7izgi roman d\u00fcnyas\u0131nda art\u0131k bir efsane haline gelmi\u015f kahraman\u0131 Blacksad\u2019in yeni maceras\u0131 O Zaman Her \u015eey Y\u0131k\u0131l\u0131r (6. Alb\u00fcm, Birinci<span class=\"excerpt-hellip\"> [\u2026]<\/span><\/p>\n","protected":false},"featured_media":0,"template":"","meta":{"_monsterinsights_skip_tracking":false,"_monsterinsights_sitenote_active":false,"_monsterinsights_sitenote_note":"","_monsterinsights_sitenote_category":0},"product_brand":[],"product_cat":[12416,12291],"product_tag":[],"class_list":{"0":"post-773567","1":"product","2":"type-product","3":"status-publish","5":"product_cat-cizgi-roman","6":"product_cat-edebiyat","7":"pa_cilt-ciltsiz","8":"pa_tur-kitap","9":"pa_yayinevi-yapi-kredi-yayinlari","10":"pa_yazar-juan-diaz-canales","12":"first","13":"instock","14":"sale","15":"shipping-taxable","16":"purchasable","17":"product-type-simple"},"_links":{"self":[{"href":"https:\/\/roveyayinevi.com.tr\/index.php\/wp-json\/wp\/v2\/product\/773567","targetHints":{"allow":["GET"]}}],"collection":[{"href":"https:\/\/roveyayinevi.com.tr\/index.php\/wp-json\/wp\/v2\/product"}],"about":[{"href":"https:\/\/roveyayinevi.com.tr\/index.php\/wp-json\/wp\/v2\/types\/product"}],"wp:attachment":[{"href":"https:\/\/roveyayinevi.com.tr\/index.php\/wp-json\/wp\/v2\/media?parent=773567"}],"wp:term":[{"taxonomy":"product_brand","embeddable":true,"href":"https:\/\/roveyayinevi.com.tr\/index.php\/wp-json\/wp\/v2\/product_brand?post=773567"},{"taxonomy":"product_cat","embeddable":true,"href":"https:\/\/roveyayinevi.com.tr\/index.php\/wp-json\/wp\/v2\/product_cat?post=773567"},{"taxonomy":"product_tag","embeddable":true,"href":"https:\/\/roveyayinevi.com.tr\/index.php\/wp-json\/wp\/v2\/product_tag?post=773567"}],"curies":[{"name":"wp","href":"https:\/\/api.w.org\/{rel}","templated":true}]}}