{"id":773565,"date":"2025-08-28T16:20:45","date_gmt":"2025-08-28T13:20:45","guid":{"rendered":"https:\/\/roveyayinevi.com.tr\/index.php\/urun\/vahsi-kapitalizm\/"},"modified":"2026-04-15T03:39:50","modified_gmt":"2026-04-15T00:39:50","slug":"vahsi-kapitalizm","status":"publish","type":"product","link":"https:\/\/roveyayinevi.com.tr\/index.php\/urun\/vahsi-kapitalizm\/","title":{"rendered":"Vah\u015fi Kapitalizm"},"content":{"rendered":"<p>En b\u00fcy\u00fck umudum, bu kitab\u0131 bitirdi\u011finizde d\u00fcnyan\u0131n i\u015fleyi\u015f bi\u00e7imini de\u011fi\u015ftirme g\u00fcc\u00fcne sahip oldu\u011funuza ikna olman\u0131z. Zira orada bir yerlerde bunu yapamayaca\u011f\u0131n\u0131za sizi inand\u0131rmak isteyen b\u00fcy\u00fck kudret sahibi \u00e7ok say\u0131da insan var.   G\u00fcn\u00fcm\u00fcz kapitalizmi, e\u015fitsizli\u011fi k\u00f6r\u00fckleyen, demokrasiyi bo\u011fan ve elitleri zenginle\u015ftiren bir sistem mi? Bize kapitalizmin \u00f6zg\u00fcrl\u00fc\u011f\u00fcm\u00fcz ve refah\u0131m\u0131z i\u00e7in gerekli oldu\u011fu g\u00fcvencesi verilmi\u015fken neden kurumsal g\u00fcc\u00fcn s\u0131n\u0131rs\u0131z oldu\u011fu bu \u00e7a\u011fda, \u00e7o\u011fumuz ay sonunu zor getiriyoruz? Ekonomi t\u00f6kezledi\u011finde, h\u00fck\u00fcmetler neden \u015firketleri ve hissedarlar\u0131 kurtar\u0131yor da s\u0131radan insanlar\u0131 kaderine terk ediyor?   \u201cKapitalizm ko\u015fullar\u0131nda ya\u015famak demek, size serbest oldu\u011funuz s\u00f6ylense de \u00f6nceden planlanm\u0131\u015f bir ekonomide ya\u015famak demektir\u201d diyen ba\u015far\u0131l\u0131 gazeteci ve yazar Grace Blakeley, kitab\u0131nda bu sorular\u0131n etraf\u0131ndaki gizemi kald\u0131r\u0131yor. \u015eirketler, finans ve devletler aras\u0131ndaki tehlikeli ittifak\u0131 mercek alt\u0131na alarak bu \u201cvah\u015fi kapitalizm\u201din nas\u0131l i\u015fledi\u011fini ve neden herkesin zarar\u0131na oldu\u011funu \u00f6rneklerle anlat\u0131yor.     Neoliberalizmin \u2018serbest piyasa\u2019 mant\u0131\u011f\u0131na kar\u015f\u0131, hem tarihe hem de g\u00fcncel olaylara dayanan, sars\u0131c\u0131 bir darbe. Blakeley\u2019nin arg\u00fcman\u0131 iyi ara\u015ft\u0131r\u0131lm\u0131\u015f, net ve y\u0131k\u0131c\u0131. En \u00f6nemlisi de umut, demokrasi ve \u00f6zg\u00fcrle\u015fmeye dayal\u0131 bir yol haritas\u0131 \u00e7iziyor. Naomi Klein, Doppelganger kitab\u0131n\u0131n yazar\u0131   Tutkulu ve k\u0131\u015fk\u0131rt\u0131c\u0131; bu kitap, okuyucular\u0131n ekonomik piyasalar\u0131 y\u00f6neten temel g\u00fc\u00e7lere dair anlay\u0131\u015flar\u0131n\u0131 sorgulatacak. Publishers Weekly   Tutkulu&#8230; titiz&#8230; s\u00fcr\u00fckleyici. Kirkus Reviews <\/p>\n","protected":false},"excerpt":{"rendered":"<p>En b\u00fcy\u00fck umudum, bu kitab\u0131 bitirdi\u011finizde d\u00fcnyan\u0131n i\u015fleyi\u015f bi\u00e7imini de\u011fi\u015ftirme g\u00fcc\u00fcne sahip oldu\u011funuza ikna olman\u0131z. Zira orada bir yerlerde bunu yapamayaca\u011f\u0131n\u0131za sizi inand\u0131rmak isteyen b\u00fcy\u00fck kudret<span class=\"excerpt-hellip\"> [\u2026]<\/span><\/p>\n","protected":false},"featured_media":0,"template":"","meta":{"_monsterinsights_skip_tracking":false,"_monsterinsights_sitenote_active":false,"_monsterinsights_sitenote_note":"","_monsterinsights_sitenote_category":0},"product_brand":[],"product_cat":[12337],"product_tag":[],"class_list":{"0":"post-773565","1":"product","2":"type-product","3":"status-publish","5":"product_cat-politika-siyaset","6":"pa_cilt-ciltsiz","7":"pa_tur-kitap","8":"pa_yayinevi-yapi-kredi-yayinlari","9":"pa_yazar-grace-blakeley","11":"first","12":"instock","13":"sale","14":"shipping-taxable","15":"purchasable","16":"product-type-simple"},"_links":{"self":[{"href":"https:\/\/roveyayinevi.com.tr\/index.php\/wp-json\/wp\/v2\/product\/773565","targetHints":{"allow":["GET"]}}],"collection":[{"href":"https:\/\/roveyayinevi.com.tr\/index.php\/wp-json\/wp\/v2\/product"}],"about":[{"href":"https:\/\/roveyayinevi.com.tr\/index.php\/wp-json\/wp\/v2\/types\/product"}],"wp:attachment":[{"href":"https:\/\/roveyayinevi.com.tr\/index.php\/wp-json\/wp\/v2\/media?parent=773565"}],"wp:term":[{"taxonomy":"product_brand","embeddable":true,"href":"https:\/\/roveyayinevi.com.tr\/index.php\/wp-json\/wp\/v2\/product_brand?post=773565"},{"taxonomy":"product_cat","embeddable":true,"href":"https:\/\/roveyayinevi.com.tr\/index.php\/wp-json\/wp\/v2\/product_cat?post=773565"},{"taxonomy":"product_tag","embeddable":true,"href":"https:\/\/roveyayinevi.com.tr\/index.php\/wp-json\/wp\/v2\/product_tag?post=773565"}],"curies":[{"name":"wp","href":"https:\/\/api.w.org\/{rel}","templated":true}]}}