{"id":773564,"date":"2025-08-28T16:20:44","date_gmt":"2025-08-28T13:20:44","guid":{"rendered":"https:\/\/roveyayinevi.com.tr\/index.php\/urun\/denize-nazir\/"},"modified":"2026-04-15T03:39:50","modified_gmt":"2026-04-15T00:39:50","slug":"denize-nazir","status":"publish","type":"product","link":"https:\/\/roveyayinevi.com.tr\/index.php\/urun\/denize-nazir\/","title":{"rendered":"Denize Naz\u0131r"},"content":{"rendered":"<p>Is\u00e9e Bernateau Paris Cit\u00e9 \u00dcniversitesi UFR IHSS Psikanalitik \u00c7al\u0131\u015fmalar B\u00f6l\u00fcm\u00fc\u2019nde profes\u00f6r. Fransa Psikanaliz Derne\u011fi (APF) \u00fcyesi psikanalist. Ara\u015ft\u0131rmalar\u0131n\u0131 \u00e7o\u011funlukla ergen psikolojisi \u00fczerine yo\u011funla\u015ft\u0131rm\u0131\u015ft\u0131r. L&#8217;adolescent et la separation (PUF, 2010; Ergen ve Ayr\u0131l\u0131k, YKY, 2024) ve Jacques Andr\u00e9 ile birlikte kaleme ald\u0131\u011f\u0131 Les territoires de la haine (PUF, 2014) gibi yap\u0131tlar\u0131 bulunmaktad\u0131r.   Ev, memleket, do\u011fum yeri nedir? Oraya neden ve nas\u0131l ba\u011flan\u0131r\u0131z? Peki yerin ruhsal, yani psi\u015fik \u00f6nemi; hayali ve simgesel olanla ili\u015fkisi? Bir yerde ikamet etmek, bir yere k\u00f6k salmak, haf\u0131za mek\u00e2nlar\u0131, yok-yerler hayat\u0131n s\u0131n\u0131rlar\u0131n\u0131 nas\u0131l \u00e7izer? Ergenlerle yapt\u0131\u011f\u0131 klinik \u00e7al\u0131\u015fmalarla tan\u0131nan Is\u00e9e Bernateau bu kez ergen-yer ili\u015fkileri aras\u0131nda mekik dokuyor. Yolu Georges Perec, Gus Van Sant, Marc Aug\u00e9, Sigmund Freud, Martin Heidegger, Jacques Lacan gibi isimlerle kesi\u015fen Bernateau, ruhsall\u0131\u011f\u0131n k\u0131y\u0131s\u0131nda, s\u00f6zc\u00fcklerden Denize Naz\u0131r bir yer in\u015fa ediyor.   Ergenlik d\u00f6nemi, yer ile kurulan ili\u015fkide hakikat anlar\u0131ndan biridir, \u00e7\u00fcnk\u00fc \u00f6znenin \u00e7e\u015fitli demirleme noktalar\u0131n\u0131n yeniden derinlemesine ele al\u0131nd\u0131\u011f\u0131 bir d\u00f6nemdir. Bir \u00e7ocuk ergenli\u011fe ula\u015ft\u0131\u011f\u0131nda, ba\u015fta do\u011fdu\u011fu yer olmak \u00fczere \u00e7ocuklu\u011funun \u00f6nemli yerlerinden ayr\u0131lmak ve uzakla\u015fmak durumunda kal\u0131r. Demir at\u0131l\u0131r ve al\u0131n\u0131r; sonsuza kadar yere sabitlenmez, hatta tam tersi. Ancak demir al\u0131nd\u0131\u011f\u0131nda bile o demir atma noktalar\u0131, insan ruhsall\u0131\u011f\u0131n\u0131n vazge\u00e7ilmez koordinatlar\u0131 olmaya devam eder.   \u201c\u0130nsan her zaman bir yerdedir. Yer de zaman gibi bireyin ne olmu\u015f oldu\u011funun izlerini verir ve kim oldu\u011funun \u00e7izgilerini \u00e7izer. Ya\u015fam\u0131n ergenlik gibi d\u00f6n\u00fc\u015f\u00fcm evrelerinde zamanda ve yerde, bu yap\u0131land\u0131r\u0131c\u0131 unsurlarda yeni ayarlar yap\u0131l\u0131r ve birey sonraki d\u00f6nemin \u00f6ncelemelerini haz\u0131rlar. Bu ge\u00e7i\u015fler, yenido\u011fandan bebekli\u011fe ge\u00e7i\u015fte be\u015fikten odaya; bebeklikten oyun \u00e7ocuklu\u011fu olmaya ge\u00e7i\u015fte odadan evin b\u00fct\u00fcn\u00fcne ve daha sonra parka, bah\u00e7eye, kimi zaman anaokuluna, okul \u00e7ocuklu\u011funda evden, bah\u00e7eden elbette okula ve soka\u011fa, ergenlikle birlikte ise d\u0131\u015fa \u00e7\u0131kma zorunlulu\u011fu ile evin temsil etti\u011fi her yerden onun d\u0131\u015f\u0131ndaki mek\u00e2nlara, yani ergen yerlere do\u011fru olacakt\u0131r. Denize Naz\u0131r\u2019da Is\u00e9e Bernateau ergenlerin yer\/mek\u00e2n\/uzamla olan ili\u015fkilerinin hemen t\u00fcm boyutlar\u0131n\u0131 ele alan, psikanalitik klinikten edebiyata ve felsefeye uzanan \u00e7a\u011fr\u0131\u015f\u0131mlarla \u00e7ok \u00f6nemli saptamalar i\u00e7eren bir yaz\u0131lar demeti sunuyor bize.\u201d                                                                                                                Talat Parman <\/p>\n","protected":false},"excerpt":{"rendered":"<p>Is\u00e9e Bernateau Paris Cit\u00e9 \u00dcniversitesi UFR IHSS Psikanalitik \u00c7al\u0131\u015fmalar B\u00f6l\u00fcm\u00fc\u2019nde profes\u00f6r. Fransa Psikanaliz Derne\u011fi (APF) \u00fcyesi psikanalist. Ara\u015ft\u0131rmalar\u0131n\u0131 \u00e7o\u011funlukla ergen psikolojisi \u00fczerine yo\u011funla\u015ft\u0131rm\u0131\u015ft\u0131r. L&#8217;adolescent et la<span class=\"excerpt-hellip\"> [\u2026]<\/span><\/p>\n","protected":false},"featured_media":0,"template":"","meta":{"_monsterinsights_skip_tracking":false,"_monsterinsights_sitenote_active":false,"_monsterinsights_sitenote_note":"","_monsterinsights_sitenote_category":0},"product_brand":[],"product_cat":[12357],"product_tag":[],"class_list":{"0":"post-773564","1":"product","2":"type-product","3":"status-publish","5":"product_cat-psikoloji","6":"pa_cilt-ciltsiz","7":"pa_tur-kitap","8":"pa_yayinevi-yapi-kredi-yayinlari","9":"pa_yazar-isee-bernateau","11":"first","12":"instock","13":"sale","14":"shipping-taxable","15":"purchasable","16":"product-type-simple"},"_links":{"self":[{"href":"https:\/\/roveyayinevi.com.tr\/index.php\/wp-json\/wp\/v2\/product\/773564","targetHints":{"allow":["GET"]}}],"collection":[{"href":"https:\/\/roveyayinevi.com.tr\/index.php\/wp-json\/wp\/v2\/product"}],"about":[{"href":"https:\/\/roveyayinevi.com.tr\/index.php\/wp-json\/wp\/v2\/types\/product"}],"wp:attachment":[{"href":"https:\/\/roveyayinevi.com.tr\/index.php\/wp-json\/wp\/v2\/media?parent=773564"}],"wp:term":[{"taxonomy":"product_brand","embeddable":true,"href":"https:\/\/roveyayinevi.com.tr\/index.php\/wp-json\/wp\/v2\/product_brand?post=773564"},{"taxonomy":"product_cat","embeddable":true,"href":"https:\/\/roveyayinevi.com.tr\/index.php\/wp-json\/wp\/v2\/product_cat?post=773564"},{"taxonomy":"product_tag","embeddable":true,"href":"https:\/\/roveyayinevi.com.tr\/index.php\/wp-json\/wp\/v2\/product_tag?post=773564"}],"curies":[{"name":"wp","href":"https:\/\/api.w.org\/{rel}","templated":true}]}}