{"id":773563,"date":"2025-08-28T16:20:42","date_gmt":"2025-08-28T13:20:42","guid":{"rendered":"https:\/\/roveyayinevi.com.tr\/index.php\/urun\/c-vitamini-imkansizi-tedavi-etmek\/"},"modified":"2026-04-15T03:39:50","modified_gmt":"2026-04-15T00:39:50","slug":"c-vitamini-imkansizi-tedavi-etmek","status":"publish","type":"product","link":"https:\/\/roveyayinevi.com.tr\/index.php\/urun\/c-vitamini-imkansizi-tedavi-etmek\/","title":{"rendered":"C Vitamini, \u0130mkans\u0131z\u0131 Tedavi Etmek"},"content":{"rendered":"<p>\u00c7o\u011fu insan, C vitaminini sadece so\u011fuk alg\u0131nl\u0131\u011f\u0131nda birka\u00e7 portakal yiyerek alabilecekleri basit bir destek olarak g\u00f6r\u00fcr. Peki ger\u00e7ekten C vitamini s\u0131radan bir vitamin mi? Yoksa uzun y\u0131llard\u0131r gizlenen bir \u015fifa kayna\u011f\u0131 m\u0131? Bize y\u0131llard\u0131r \u00f6\u011fretilenler, perde arkas\u0131ndaki ger\u00e7e\u011fi sakl\u0131yor olabilir mi? Modern t\u0131p ila\u00e7lar\u0131n\u0131n ABD\u2019de \u00fc\u00e7\u00fcnc\u00fc en b\u00fcy\u00fck \u00f6l\u00fcm nedeni haline geldi\u011fi g\u00fcn\u00fcm\u00fczde, bilimsel \u00e7al\u0131\u015fmalar C vitamininin etkileyici bir iyile\u015ftirici g\u00fcc\u00fc oldu\u011funu ortaya koyuyor. \u00dcstelik bu bilgi yeni de\u011fil! Y\u0131llar \u00f6nce yap\u0131lm\u0131\u015f klinik \u00e7al\u0131\u015fmalar, C vitamininin \u00f6zellikle \u201cki\u015fiye \u00f6zg\u00fc\u201d kullan\u0131m miktar\u0131n\u0131n \u00f6nemini, y\u00fcksek dozlarda ise \u00f6l\u00fcmc\u00fcl hastal\u0131klarda dahi ciddi fark yaratt\u0131\u011f\u0131n\u0131 kan\u0131tlam\u0131\u015f durumda. Yazar hakk\u0131nda: Dr. Hasan H\u00fcsn\u00fc Eren 1966 Afyon do\u011fumlu olan Dr. Hasan H\u00fcsn\u00fc Eren, lise e\u011fitimini Afyon lisesinde tamamlad\u0131ktan sonra 1983 y\u0131l\u0131nda Cerrahpa\u015fa T\u0131p Fak\u00fcltesi&#8217; ne girdi.1989 y\u0131l\u0131nda t\u0131p doktoru olarak mezun oldu. Meslek hayat\u0131n\u0131 \u00c7ank\u0131r\u0131 ve Afyonkarahisar&#8217; daki \u00e7e\u015fitli sa\u011fl\u0131k kurulu\u015flar\u0131nda devam ettirdi. Daha sonra aile hekimli\u011fi g\u00f6revini yaparken emekli oldu. Yurt d\u0131\u015f\u0131 ve yurt i\u00e7inde \u00e7e\u015fitli e\u011fitimlere kat\u0131ld\u0131. \u00d6zellikle enerji t\u0131bb\u0131 konusunda Almanya, Rusya&#8217; da \u00e7e\u015fitli e\u011fitimler ald\u0131. Sa\u011fl\u0131k Bakanl\u0131\u011f\u0131&#8217;n\u0131n d\u00fczenledi\u011fi GETAT e\u011fitimlerine kat\u0131larak, Akupunktur ve Ozon Tedavi Sertifikas\u0131 alarak uygulamaya ba\u015flad\u0131. B\u00fct\u00fcnsel \u0130yot Derne\u011fi kurucusu olan Dr. Eren, T\u00fcrkiye&#8217; de iyot kullan\u0131m\u0131 ve tedavileri ile ilgili \u00e7al\u0131\u015fmalar ve e\u011fitimler d\u00fczenlenmektedir. \u0130yi derecede \u0130ngilizce bilen Eren, evli ve 2 \u00e7ocuk babas\u0131d\u0131r. Halen \u0130stanbul&#8217; da faaliyetlerini s\u00fcrd\u00fcrd\u00fc\u011f\u00fc klini\u011finde, hasta kabullerine devam etmektedir. Hayykitap\u2019tan yay\u0131mlanan kitaplar\u0131: C Vitamini, \u0130mk\u00e2ns\u0131z\u0131 Tedavi Etmek, Temmuz 2025 \u0130yot Giren Eve Doktor Girmez, A\u011fustos 2024 \u2018C Vitamini, \u0130mk\u00e2ns\u0131z\u0131 Tedavi Etmek\u2019 kitab\u0131nda, \u0130yot ile aralad\u0131\u011f\u0131m bu pencereyi C Vitamini ile biraz daha a\u00e7arak, do\u011fru molek\u00fcllerle, do\u011fru dozla sa\u011fl\u0131\u011f\u0131n\u0131z\u0131 nas\u0131l destekleyebilece\u011finiz ile ilgili farkl\u0131 bir bak\u0131\u015f a\u00e7\u0131s\u0131 kazanman\u0131z\u0131 sa\u011flamak istiyorum. Bu kitapta bizlere eksik ve yanl\u0131\u015f anlat\u0131lan bir vitamin olan C Vitamini\u2019nin, sa\u011fl\u0131\u011f\u0131m\u0131z i\u00e7in ne kadar etkili \u00f6zelliklere sahip oldu\u011funu okuyacaks\u0131n\u0131z. Kitap bitti\u011finde onun bir vitaminden daha fazlas\u0131 oldu\u011funa ikna olacaks\u0131n\u0131z. C Vitamini\u2019nin Ortodoks t\u0131bb\u0131n\u0131n tedavide ba\u015far\u0131s\u0131z kald\u0131\u011f\u0131 bir\u00e7ok hastal\u0131kta; \u00f6zellikle kanser ba\u015fta olmak \u00fczere, Influenza, Corona, Herpes, hpv gibi viral hastal\u0131klarda, kalp-damar hastal\u0131klar\u0131, hipertansiyon ve n\u00f6rolojik bozukluklar ve tedavisi imk\u00e2ns\u0131z gibi g\u00f6r\u00fclen bir\u00e7ok hastal\u0131kta, organ yetmezli\u011finde ne kadar etkili ve kolay \u00e7\u00f6z\u00fcmler sundu\u011funu g\u00f6receksiniz. Sa\u011fl\u0131kl\u0131 kalmak i\u00e7in, kimyasal ila\u00e7lardan \u00f6nce C Vitamini \u2019ne \u015fans vererek kadim \u015fifa yolunda bir ad\u0131m daha atmaya haz\u0131r olun.<\/p>\n","protected":false},"excerpt":{"rendered":"<p>\u00c7o\u011fu insan, C vitaminini sadece so\u011fuk alg\u0131nl\u0131\u011f\u0131nda birka\u00e7 portakal yiyerek alabilecekleri basit bir destek olarak g\u00f6r\u00fcr. Peki ger\u00e7ekten C vitamini s\u0131radan bir vitamin mi? Yoksa uzun<span class=\"excerpt-hellip\"> [\u2026]<\/span><\/p>\n","protected":false},"featured_media":0,"template":"","meta":{"_monsterinsights_skip_tracking":false,"_monsterinsights_sitenote_active":false,"_monsterinsights_sitenote_note":"","_monsterinsights_sitenote_category":0},"product_brand":[],"product_cat":[13365],"product_tag":[],"class_list":{"0":"post-773563","1":"product","2":"type-product","3":"status-publish","5":"product_cat-saglik","6":"pa_cilt-ciltsiz","7":"pa_tur-kitap","8":"pa_yayinevi-hayykitap","9":"pa_yazar-hasan-husnu-eren","11":"first","12":"instock","13":"sale","14":"shipping-taxable","15":"purchasable","16":"product-type-simple"},"_links":{"self":[{"href":"https:\/\/roveyayinevi.com.tr\/index.php\/wp-json\/wp\/v2\/product\/773563","targetHints":{"allow":["GET"]}}],"collection":[{"href":"https:\/\/roveyayinevi.com.tr\/index.php\/wp-json\/wp\/v2\/product"}],"about":[{"href":"https:\/\/roveyayinevi.com.tr\/index.php\/wp-json\/wp\/v2\/types\/product"}],"wp:attachment":[{"href":"https:\/\/roveyayinevi.com.tr\/index.php\/wp-json\/wp\/v2\/media?parent=773563"}],"wp:term":[{"taxonomy":"product_brand","embeddable":true,"href":"https:\/\/roveyayinevi.com.tr\/index.php\/wp-json\/wp\/v2\/product_brand?post=773563"},{"taxonomy":"product_cat","embeddable":true,"href":"https:\/\/roveyayinevi.com.tr\/index.php\/wp-json\/wp\/v2\/product_cat?post=773563"},{"taxonomy":"product_tag","embeddable":true,"href":"https:\/\/roveyayinevi.com.tr\/index.php\/wp-json\/wp\/v2\/product_tag?post=773563"}],"curies":[{"name":"wp","href":"https:\/\/api.w.org\/{rel}","templated":true}]}}