{"id":773562,"date":"2025-08-28T16:20:40","date_gmt":"2025-08-28T13:20:40","guid":{"rendered":"https:\/\/roveyayinevi.com.tr\/index.php\/urun\/gecmisten-gelecege-medeniyetin-mimarlari\/"},"modified":"2026-02-03T03:40:14","modified_gmt":"2026-02-03T00:40:14","slug":"gecmisten-gelecege-medeniyetin-mimarlari","status":"publish","type":"product","link":"https:\/\/roveyayinevi.com.tr\/index.php\/urun\/gecmisten-gelecege-medeniyetin-mimarlari\/","title":{"rendered":"Ge\u00e7mi\u015ften Gelece\u011fe Medeniyetin Mimarlar\u0131"},"content":{"rendered":"<p>Her mektup bir s\u0131r, her g\u00f6rev bir tarih\u2026 Atat\u00fcrk\u2019\u00fcn keskin zekas\u0131, Oktay Sinano\u011flu\u2019nun bilimdeki azmi ve T\u00fcrk\u00e7e sevdas\u0131, Ufuk Esin\u2019in tarihe olan tutkusu, \u0130bn-i Sina\u2019n\u0131n bilgelik dolu s\u00f6zleri ve t\u0131bba at\u0131lan temeller, Eylem Elif\u2019in kararl\u0131l\u0131\u011f\u0131 ve macera dolu hayat\u0131, Ali Ku\u015f\u00e7u\u2019nun g\u00f6ky\u00fcz\u00fcne olan a\u015fk\u0131\u2026 Gizemli mektuplar, \u00e7\u00f6z\u00fclmesi gereken \u015fifreler, ula\u015f\u0131lmas\u0131 gereken hedefler ve tarihin derinliklerinde sakl\u0131, ar\u015fa uzanan s\u0131rlar\u2026 Bu kitap sizi, bir zaman yolculu\u011funa \u00e7\u0131kar\u0131rken bilginin ve inanc\u0131n ge\u00e7mi\u015ften gelece\u011fe nas\u0131l bir araya geldi\u011fini g\u00f6sterecek. Haz\u0131r m\u0131s\u0131n\u0131z? \u00c7\u00fcnk\u00fc ger\u00e7ek, d\u00fc\u015f\u00fcnd\u00fc\u011f\u00fcn\u00fczden \u00e7ok daha yak\u0131n ve \u00e7ok daha derin\u2026 <\/p>\n","protected":false},"excerpt":{"rendered":"<p>Her mektup bir s\u0131r, her g\u00f6rev bir tarih\u2026 Atat\u00fcrk\u2019\u00fcn keskin zekas\u0131, Oktay Sinano\u011flu\u2019nun bilimdeki azmi ve T\u00fcrk\u00e7e sevdas\u0131, Ufuk Esin\u2019in tarihe olan tutkusu, \u0130bn-i Sina\u2019n\u0131n bilgelik<span class=\"excerpt-hellip\"> [\u2026]<\/span><\/p>\n","protected":false},"featured_media":0,"template":"","meta":{"_monsterinsights_skip_tracking":false,"_monsterinsights_sitenote_active":false,"_monsterinsights_sitenote_note":"","_monsterinsights_sitenote_category":0},"product_brand":[],"product_cat":[12291,12711],"product_tag":[],"class_list":{"0":"post-773562","1":"product","2":"type-product","3":"status-publish","5":"product_cat-edebiyat","6":"product_cat-roman-oyku","7":"pa_cilt-ciltsiz","8":"pa_tur-kitap","9":"pa_yayinevi-inkilap-kitabevi","10":"pa_yazar-betul-duztepe","12":"first","13":"instock","14":"sale","15":"shipping-taxable","16":"purchasable","17":"product-type-simple"},"_links":{"self":[{"href":"https:\/\/roveyayinevi.com.tr\/index.php\/wp-json\/wp\/v2\/product\/773562","targetHints":{"allow":["GET"]}}],"collection":[{"href":"https:\/\/roveyayinevi.com.tr\/index.php\/wp-json\/wp\/v2\/product"}],"about":[{"href":"https:\/\/roveyayinevi.com.tr\/index.php\/wp-json\/wp\/v2\/types\/product"}],"wp:attachment":[{"href":"https:\/\/roveyayinevi.com.tr\/index.php\/wp-json\/wp\/v2\/media?parent=773562"}],"wp:term":[{"taxonomy":"product_brand","embeddable":true,"href":"https:\/\/roveyayinevi.com.tr\/index.php\/wp-json\/wp\/v2\/product_brand?post=773562"},{"taxonomy":"product_cat","embeddable":true,"href":"https:\/\/roveyayinevi.com.tr\/index.php\/wp-json\/wp\/v2\/product_cat?post=773562"},{"taxonomy":"product_tag","embeddable":true,"href":"https:\/\/roveyayinevi.com.tr\/index.php\/wp-json\/wp\/v2\/product_tag?post=773562"}],"curies":[{"name":"wp","href":"https:\/\/api.w.org\/{rel}","templated":true}]}}