{"id":773561,"date":"2025-08-28T16:20:38","date_gmt":"2025-08-28T13:20:38","guid":{"rendered":"https:\/\/roveyayinevi.com.tr\/index.php\/urun\/yasam-amacini-kesfet\/"},"modified":"2026-04-15T03:39:50","modified_gmt":"2026-04-15T00:39:50","slug":"yasam-amacini-kesfet","status":"publish","type":"product","link":"https:\/\/roveyayinevi.com.tr\/index.php\/urun\/yasam-amacini-kesfet\/","title":{"rendered":"Ya\u015fam Amac\u0131n\u0131 Ke\u015ffet"},"content":{"rendered":"<p>\u201cHer birimiz bu d\u00fcnyevi d\u00fczleme bir misyonla, yerine getirilmesi gereken bir ama\u00e7la geldik. Yery\u00fcz\u00fcnde e\u015fit olmad\u0131\u011f\u0131m\u0131z ger\u00e7e\u011fine ra\u011fmen g\u00fcn\u00fcn sonunda bilincin geni\u015flemesi olan tek bir ama\u00e7ta birle\u015fmi\u015f durumday\u0131z. Bilin\u00e7 sevgi yoluyla geni\u015fler. Bu nedenle s\u0131k s\u0131k insan olarak i\u015fimizin herkeste ve her yerde sevgiyi uyand\u0131rmak oldu\u011funu s\u00f6yl\u00fcyorum. Hayat\u0131m\u0131z\u0131n anlam\u0131n\u0131 ve amac\u0131n\u0131 bulmak, \u00e7o\u011fumuz i\u00e7in en derin aray\u0131\u015flardan biridir.\u201d D\u00fcnyaca \u00fcnl\u00fc Brezilyal\u0131 ruhani guru Sri Prem Baba, sizi anlam aray\u0131\u015f\u0131na do\u011fru bir yolculu\u011fa \u00e7\u0131kmaya davet ediyor. \u0130\u00e7inde bulundu\u011fumuz modern \u00e7a\u011fda insan\u0131n mutluluk aray\u0131\u015flar\u0131nda ba\u015far\u0131s\u0131z olmalar\u0131n\u0131n sebepleri \u00fczerinde duruyor. Kendisini ya\u015fam\u0131n ve yery\u00fcz\u00fcn\u00fcn merkezine konumland\u0131ran insan\u0131n kendini tan\u0131ma s\u00fcrecini kolayla\u015ft\u0131ran ara\u00e7lar sunmaya \u00e7al\u0131\u015f\u0131yor. \u0130nsan\u0131n tesad\u00fcfen bu d\u00fcnyada olmad\u0131\u011f\u0131na ve ya\u015famak i\u00e7in gayeleri olmas\u0131 gerekti\u011fine inan\u0131yor ve hayat\u0131n nas\u0131l daha iyi ya\u015fanaca\u011f\u0131na dair spesifik bilgiler sunuyor. Ya\u015fam Amac\u0131n\u0131 Ke\u015ffet, hayat\u0131n zorluklar\u0131 kar\u015f\u0131s\u0131nda duru\u015fumuzu belirleyen bir rehber\u2026 Her sayfas\u0131, kalbimizi ve ruhumuzu d\u00f6n\u00fc\u015ft\u00fcrmeye y\u00f6nelik bir \u00e7a\u011fr\u0131\u2026 Hayat\u0131 daha anlaml\u0131 ya\u015famak ve ger\u00e7ek amac\u0131 ke\u015ffetmek i\u00e7in cesaretlendirici bir yol haritas\u0131&#8230; <\/p>\n","protected":false},"excerpt":{"rendered":"<p>\u201cHer birimiz bu d\u00fcnyevi d\u00fczleme bir misyonla, yerine getirilmesi gereken bir ama\u00e7la geldik. Yery\u00fcz\u00fcnde e\u015fit olmad\u0131\u011f\u0131m\u0131z ger\u00e7e\u011fine ra\u011fmen g\u00fcn\u00fcn sonunda bilincin geni\u015flemesi olan tek bir ama\u00e7ta<span class=\"excerpt-hellip\"> [\u2026]<\/span><\/p>\n","protected":false},"featured_media":0,"template":"","meta":{"_monsterinsights_skip_tracking":false,"_monsterinsights_sitenote_active":false,"_monsterinsights_sitenote_note":"","_monsterinsights_sitenote_category":0},"product_brand":[],"product_cat":[12364,12376],"product_tag":[],"class_list":{"0":"post-773561","1":"product","2":"type-product","3":"status-publish","5":"product_cat-genel-konular","6":"product_cat-kisisel-gelisim","7":"pa_cilt-ciltsiz","8":"pa_tur-kitap","9":"pa_yayinevi-ucuncu-goz","10":"pa_yazar-sri-prem-baba","12":"first","13":"instock","14":"sale","15":"shipping-taxable","16":"purchasable","17":"product-type-simple"},"_links":{"self":[{"href":"https:\/\/roveyayinevi.com.tr\/index.php\/wp-json\/wp\/v2\/product\/773561","targetHints":{"allow":["GET"]}}],"collection":[{"href":"https:\/\/roveyayinevi.com.tr\/index.php\/wp-json\/wp\/v2\/product"}],"about":[{"href":"https:\/\/roveyayinevi.com.tr\/index.php\/wp-json\/wp\/v2\/types\/product"}],"wp:attachment":[{"href":"https:\/\/roveyayinevi.com.tr\/index.php\/wp-json\/wp\/v2\/media?parent=773561"}],"wp:term":[{"taxonomy":"product_brand","embeddable":true,"href":"https:\/\/roveyayinevi.com.tr\/index.php\/wp-json\/wp\/v2\/product_brand?post=773561"},{"taxonomy":"product_cat","embeddable":true,"href":"https:\/\/roveyayinevi.com.tr\/index.php\/wp-json\/wp\/v2\/product_cat?post=773561"},{"taxonomy":"product_tag","embeddable":true,"href":"https:\/\/roveyayinevi.com.tr\/index.php\/wp-json\/wp\/v2\/product_tag?post=773561"}],"curies":[{"name":"wp","href":"https:\/\/api.w.org\/{rel}","templated":true}]}}