{"id":773560,"date":"2025-08-28T16:20:36","date_gmt":"2025-08-28T13:20:36","guid":{"rendered":"https:\/\/roveyayinevi.com.tr\/index.php\/urun\/kaybolan-2\/"},"modified":"2026-01-30T04:12:12","modified_gmt":"2026-01-30T01:12:12","slug":"kaybolan-2","status":"publish","type":"product","link":"https:\/\/roveyayinevi.com.tr\/index.php\/urun\/kaybolan-2\/","title":{"rendered":"Kaybolan"},"content":{"rendered":"<p>Kimi hik\u00e2yeler sadece anlat\u0131lmaz, ya\u015fan\u0131r. Kimi c\u00fcmleler sayfalarda de\u011fil, belle\u011fin ta\u015f duvarlar\u0131nda yank\u0131lan\u0131r. Kaybolan, bast\u0131r\u0131lm\u0131\u015f haf\u0131zan\u0131n izlerini s\u00fcr\u00fcyor; bir \u00e7ocu\u011fun g\u00f6zlerinden bir baban\u0131n suskunlu\u011funa, bir annenin k\u0131r\u0131lganl\u0131\u011f\u0131ndan bir \u00fclkenin darbe g\u00f6lgeli ge\u00e7mi\u015fine uzan\u0131yor. Erin\u00e7 B\u00fcy\u00fcka\u015f\u0131k, ustal\u0131kl\u0131 bir i\u00e7 sesle, aile alb\u00fcmlerinde solmu\u015f foto\u011fraflar\u0131n, kasaba sokaklar\u0131nda yank\u0131lanan sessizliklerin ve ge\u00e7mi\u015fiyle hesapla\u015fmaya \u00e7al\u0131\u015fan bir evlad\u0131n i\u00e7 yolculu\u011funu anlat\u0131yor. Kitap; darbeler, s\u00fcrg\u00fcnler, travmalar, unutulan mektuplar, g\u00f6m\u00fclen kitaplar, ve her \u015feyden \u00f6nemlisi, konu\u015fulmam\u0131\u015f ama asla unutulmam\u0131\u015f hik\u00e2yelerle \u00f6r\u00fcl\u00fc. Zaman\u0131n dondu\u011fu bir sabah\u0131n foto\u011fraf\u0131nda gizli bir bak\u0131\u015f, bir annenin tar\u00e7\u0131n kokulu mutfa\u011f\u0131nda sakl\u0131 bir yaln\u0131zl\u0131k ya da bir baba evinin kap\u0131s\u0131nda bekleyen g\u00f6lge\u2026 Kaybolan, sadece bir aile anlat\u0131s\u0131 de\u011fil; ayn\u0131 zamanda T\u00fcrkiye\u2019nin yak\u0131n tarihine, suskunluk ve hat\u0131rlama \u00fczerinden yaz\u0131lm\u0131\u015f \u015fiirsel bir kay\u0131t. <\/p>\n","protected":false},"excerpt":{"rendered":"<p>Kimi hik\u00e2yeler sadece anlat\u0131lmaz, ya\u015fan\u0131r. Kimi c\u00fcmleler sayfalarda de\u011fil, belle\u011fin ta\u015f duvarlar\u0131nda yank\u0131lan\u0131r. Kaybolan, bast\u0131r\u0131lm\u0131\u015f haf\u0131zan\u0131n izlerini s\u00fcr\u00fcyor; bir \u00e7ocu\u011fun g\u00f6zlerinden bir baban\u0131n suskunlu\u011funa, bir annenin<span class=\"excerpt-hellip\"> [\u2026]<\/span><\/p>\n","protected":false},"featured_media":0,"template":"","meta":{"_monsterinsights_skip_tracking":false,"_monsterinsights_sitenote_active":false,"_monsterinsights_sitenote_note":"","_monsterinsights_sitenote_category":0},"product_brand":[],"product_cat":[12291,12711],"product_tag":[],"class_list":{"0":"post-773560","1":"product","2":"type-product","3":"status-publish","5":"product_cat-edebiyat","6":"product_cat-roman-oyku","7":"pa_cilt-ciltsiz","8":"pa_tur-kitap","9":"pa_yayinevi-mimas-yayinlari","10":"pa_yazar-erinc-buyukasik","12":"first","13":"instock","14":"sale","15":"shipping-taxable","16":"purchasable","17":"product-type-simple"},"_links":{"self":[{"href":"https:\/\/roveyayinevi.com.tr\/index.php\/wp-json\/wp\/v2\/product\/773560","targetHints":{"allow":["GET"]}}],"collection":[{"href":"https:\/\/roveyayinevi.com.tr\/index.php\/wp-json\/wp\/v2\/product"}],"about":[{"href":"https:\/\/roveyayinevi.com.tr\/index.php\/wp-json\/wp\/v2\/types\/product"}],"wp:attachment":[{"href":"https:\/\/roveyayinevi.com.tr\/index.php\/wp-json\/wp\/v2\/media?parent=773560"}],"wp:term":[{"taxonomy":"product_brand","embeddable":true,"href":"https:\/\/roveyayinevi.com.tr\/index.php\/wp-json\/wp\/v2\/product_brand?post=773560"},{"taxonomy":"product_cat","embeddable":true,"href":"https:\/\/roveyayinevi.com.tr\/index.php\/wp-json\/wp\/v2\/product_cat?post=773560"},{"taxonomy":"product_tag","embeddable":true,"href":"https:\/\/roveyayinevi.com.tr\/index.php\/wp-json\/wp\/v2\/product_tag?post=773560"}],"curies":[{"name":"wp","href":"https:\/\/api.w.org\/{rel}","templated":true}]}}