{"id":773559,"date":"2025-08-28T16:20:33","date_gmt":"2025-08-28T13:20:33","guid":{"rendered":"https:\/\/roveyayinevi.com.tr\/index.php\/urun\/yaralarin-bellegi\/"},"modified":"2026-01-30T04:12:12","modified_gmt":"2026-01-30T01:12:12","slug":"yaralarin-bellegi","status":"publish","type":"product","link":"https:\/\/roveyayinevi.com.tr\/index.php\/urun\/yaralarin-bellegi\/","title":{"rendered":"Yaralar\u0131n Belle\u011fi"},"content":{"rendered":"<p>Bir c\u00fcmle kurulur bazen, i\u00e7inde y\u0131llar\u0131n suskunlu\u011fu sakl\u0131d\u0131r. Bir dize yaz\u0131l\u0131r, sanki b\u00fct\u00fcn bir \u00f6mr\u00fcn yank\u0131s\u0131d\u0131r. Bu \u015fiir kitab\u0131, bir hayat\u0131n k\u0131r\u0131k aynas\u0131nda yank\u0131lanan seslere kulak verir. Kadim ac\u0131lar\u0131n, unutulmu\u015f sevin\u00e7lerin, \u00e7ocukluk an\u0131lar\u0131n\u0131n ve b\u00fcy\u00fcyememi\u015f bir ruhun izlerini ta\u015f\u0131yan \u015fiirlerdir bunlar. Her biri, bir an\u0131 hat\u0131rlatmaz yaln\u0131zca; bazen bir kayb\u0131, bazen bir pi\u015fmanl\u0131\u011f\u0131, \u00e7o\u011fu kez de ge\u00e7 kal\u0131nm\u0131\u015f bir sevgiyi f\u0131s\u0131ldar. Yazar, \u00f6\u011fretmenlik y\u0131llar\u0131ndan s\u00fcz\u00fclen g\u00f6zlemlerini, \u00e7ocuklar\u0131n sesini, okul koridorlar\u0131ndaki yaln\u0131zl\u0131\u011f\u0131, evlerin lo\u015f \u0131\u015f\u0131klar\u0131n\u0131 ve sokaklar\u0131n yaral\u0131 zamanlar\u0131n\u0131 dizelere d\u00f6n\u00fc\u015ft\u00fcr\u00fcyor. On d\u00f6rt y\u0131l\u0131n birikimiyle yaz\u0131lm\u0131\u015f bu \u015fiirlerde, yaln\u0131zl\u0131kla direnen, sessizlikle konu\u015fan bir kalbin izini s\u00fcreceksiniz. <\/p>\n","protected":false},"excerpt":{"rendered":"<p>Bir c\u00fcmle kurulur bazen, i\u00e7inde y\u0131llar\u0131n suskunlu\u011fu sakl\u0131d\u0131r. Bir dize yaz\u0131l\u0131r, sanki b\u00fct\u00fcn bir \u00f6mr\u00fcn yank\u0131s\u0131d\u0131r. Bu \u015fiir kitab\u0131, bir hayat\u0131n k\u0131r\u0131k aynas\u0131nda yank\u0131lanan seslere kulak<span class=\"excerpt-hellip\"> [\u2026]<\/span><\/p>\n","protected":false},"featured_media":0,"template":"","meta":{"_monsterinsights_skip_tracking":false,"_monsterinsights_sitenote_active":false,"_monsterinsights_sitenote_note":"","_monsterinsights_sitenote_category":0},"product_brand":[],"product_cat":[12291,12509],"product_tag":[],"class_list":{"0":"post-773559","1":"product","2":"type-product","3":"status-publish","5":"product_cat-edebiyat","6":"product_cat-siir","7":"pa_cilt-ciltsiz","8":"pa_tur-kitap","9":"pa_yayinevi-mimas-yayinlari","10":"pa_yazar-selman-buyukasik","12":"first","13":"instock","14":"sale","15":"shipping-taxable","16":"purchasable","17":"product-type-simple"},"_links":{"self":[{"href":"https:\/\/roveyayinevi.com.tr\/index.php\/wp-json\/wp\/v2\/product\/773559","targetHints":{"allow":["GET"]}}],"collection":[{"href":"https:\/\/roveyayinevi.com.tr\/index.php\/wp-json\/wp\/v2\/product"}],"about":[{"href":"https:\/\/roveyayinevi.com.tr\/index.php\/wp-json\/wp\/v2\/types\/product"}],"wp:attachment":[{"href":"https:\/\/roveyayinevi.com.tr\/index.php\/wp-json\/wp\/v2\/media?parent=773559"}],"wp:term":[{"taxonomy":"product_brand","embeddable":true,"href":"https:\/\/roveyayinevi.com.tr\/index.php\/wp-json\/wp\/v2\/product_brand?post=773559"},{"taxonomy":"product_cat","embeddable":true,"href":"https:\/\/roveyayinevi.com.tr\/index.php\/wp-json\/wp\/v2\/product_cat?post=773559"},{"taxonomy":"product_tag","embeddable":true,"href":"https:\/\/roveyayinevi.com.tr\/index.php\/wp-json\/wp\/v2\/product_tag?post=773559"}],"curies":[{"name":"wp","href":"https:\/\/api.w.org\/{rel}","templated":true}]}}