{"id":773558,"date":"2025-08-28T16:20:31","date_gmt":"2025-08-28T13:20:31","guid":{"rendered":"https:\/\/roveyayinevi.com.tr\/index.php\/urun\/sonrasi-siir\/"},"modified":"2026-01-30T04:12:12","modified_gmt":"2026-01-30T01:12:12","slug":"sonrasi-siir","status":"publish","type":"product","link":"https:\/\/roveyayinevi.com.tr\/index.php\/urun\/sonrasi-siir\/","title":{"rendered":"Sonras\u0131 \u015eiir"},"content":{"rendered":"<p>D\u00fcnyay\u0131 s\u00fczd\u00fcm \/ \u00d6z\u00fcn\u00fc sana saklad\u0131m\u201d Sonras\u0131 \u015eiir, Aylin Y\u0131lmazer\u2019in, y\u0131llard\u0131r haf\u0131zas\u0131nda yeti\u015ftirdi\u011fi \u00e7i\u00e7eklerin s\u00f6zc\u00fcklere d\u00f6n\u00fc\u015f\u00fcp okurla bulu\u015ftu\u011fu ilk \u015fiir kitab\u0131. Bah\u00e7e ve Arka Bah\u00e7e adl\u0131 iki b\u00f6l\u00fcmde toplanan \u015fiirler size, do\u011fan\u0131n ve insan ruhunun inceliklerini ke\u015ffederek \u015fairin duygu bah\u00e7esinde bir gezinti yapma imk\u00e2n\u0131 sa\u011flayacakt\u0131r.   <\/p>\n","protected":false},"excerpt":{"rendered":"<p>D\u00fcnyay\u0131 s\u00fczd\u00fcm \/ \u00d6z\u00fcn\u00fc sana saklad\u0131m\u201d Sonras\u0131 \u015eiir, Aylin Y\u0131lmazer\u2019in, y\u0131llard\u0131r haf\u0131zas\u0131nda yeti\u015ftirdi\u011fi \u00e7i\u00e7eklerin s\u00f6zc\u00fcklere d\u00f6n\u00fc\u015f\u00fcp okurla bulu\u015ftu\u011fu ilk \u015fiir kitab\u0131. Bah\u00e7e ve Arka Bah\u00e7e adl\u0131<span class=\"excerpt-hellip\"> [\u2026]<\/span><\/p>\n","protected":false},"featured_media":0,"template":"","meta":{"_monsterinsights_skip_tracking":false,"_monsterinsights_sitenote_active":false,"_monsterinsights_sitenote_note":"","_monsterinsights_sitenote_category":0},"product_brand":[],"product_cat":[12291,12509],"product_tag":[],"class_list":{"0":"post-773558","1":"product","2":"type-product","3":"status-publish","5":"product_cat-edebiyat","6":"product_cat-siir","7":"pa_cilt-ciltsiz","8":"pa_tur-kitap","9":"pa_yayinevi-mimas-yayinlari","10":"pa_yazar-aylin-yilmazer","12":"first","13":"instock","14":"sale","15":"shipping-taxable","16":"purchasable","17":"product-type-simple"},"_links":{"self":[{"href":"https:\/\/roveyayinevi.com.tr\/index.php\/wp-json\/wp\/v2\/product\/773558","targetHints":{"allow":["GET"]}}],"collection":[{"href":"https:\/\/roveyayinevi.com.tr\/index.php\/wp-json\/wp\/v2\/product"}],"about":[{"href":"https:\/\/roveyayinevi.com.tr\/index.php\/wp-json\/wp\/v2\/types\/product"}],"wp:attachment":[{"href":"https:\/\/roveyayinevi.com.tr\/index.php\/wp-json\/wp\/v2\/media?parent=773558"}],"wp:term":[{"taxonomy":"product_brand","embeddable":true,"href":"https:\/\/roveyayinevi.com.tr\/index.php\/wp-json\/wp\/v2\/product_brand?post=773558"},{"taxonomy":"product_cat","embeddable":true,"href":"https:\/\/roveyayinevi.com.tr\/index.php\/wp-json\/wp\/v2\/product_cat?post=773558"},{"taxonomy":"product_tag","embeddable":true,"href":"https:\/\/roveyayinevi.com.tr\/index.php\/wp-json\/wp\/v2\/product_tag?post=773558"}],"curies":[{"name":"wp","href":"https:\/\/api.w.org\/{rel}","templated":true}]}}