{"id":773557,"date":"2025-08-28T16:20:29","date_gmt":"2025-08-28T13:20:29","guid":{"rendered":"https:\/\/roveyayinevi.com.tr\/index.php\/urun\/tuz-baski\/"},"modified":"2026-01-30T04:12:12","modified_gmt":"2026-01-30T01:12:12","slug":"tuz-baski","status":"publish","type":"product","link":"https:\/\/roveyayinevi.com.tr\/index.php\/urun\/tuz-baski\/","title":{"rendered":"Tuz Bask\u0131"},"content":{"rendered":"<p>Henry Fox Talbot 1830\u2019larda bir teknik geli\u015ftirdi: \u00dc\u00e7 malzeme ile negatif foto\u011fraf filmlerini pozitife \u00e7evirebiliyordu. Bu malzemelerden biri tuzdu ve bu tekni\u011fe \u201ctuz bask\u0131s\u0131\u201d deniyordu. Tarihteki kadim tedavi y\u00f6ntemlerinden biri de yaraya belli oranda tuz basmakt\u0131r. Ac\u0131l\u0131d\u0131r, yakar ancak enfeksiyon riskini azalt\u0131r.Ruh da yaral\u0131d\u0131r\u2026 Sebebi ise var olu\u015fun kendisidir; ka\u00e7\u0131n\u0131lmaz\u2026 Yarayla g\u00f6z g\u00f6ze gelmeden, yaray\u0131 tan\u0131madan, yaray\u0131 dinlemeden -yaraya tuz basmadan- iyile\u015fmez.Foto\u011fraf\u0131n renginde, yaran\u0131n izinde, \u015fiirin i\u00e7inde tuz sakl\u0131d\u0131r. <\/p>\n","protected":false},"excerpt":{"rendered":"<p>Henry Fox Talbot 1830\u2019larda bir teknik geli\u015ftirdi: \u00dc\u00e7 malzeme ile negatif foto\u011fraf filmlerini pozitife \u00e7evirebiliyordu. Bu malzemelerden biri tuzdu ve bu tekni\u011fe \u201ctuz bask\u0131s\u0131\u201d deniyordu. Tarihteki<span class=\"excerpt-hellip\"> [\u2026]<\/span><\/p>\n","protected":false},"featured_media":0,"template":"","meta":{"_monsterinsights_skip_tracking":false,"_monsterinsights_sitenote_active":false,"_monsterinsights_sitenote_note":"","_monsterinsights_sitenote_category":0},"product_brand":[],"product_cat":[12291,12509],"product_tag":[],"class_list":{"0":"post-773557","1":"product","2":"type-product","3":"status-publish","5":"product_cat-edebiyat","6":"product_cat-siir","7":"pa_cilt-ciltsiz","8":"pa_tur-kitap","9":"pa_yayinevi-mimas-yayinlari","10":"pa_yazar-esra-basak-yilmazer","12":"first","13":"instock","14":"sale","15":"shipping-taxable","16":"purchasable","17":"product-type-simple"},"_links":{"self":[{"href":"https:\/\/roveyayinevi.com.tr\/index.php\/wp-json\/wp\/v2\/product\/773557","targetHints":{"allow":["GET"]}}],"collection":[{"href":"https:\/\/roveyayinevi.com.tr\/index.php\/wp-json\/wp\/v2\/product"}],"about":[{"href":"https:\/\/roveyayinevi.com.tr\/index.php\/wp-json\/wp\/v2\/types\/product"}],"wp:attachment":[{"href":"https:\/\/roveyayinevi.com.tr\/index.php\/wp-json\/wp\/v2\/media?parent=773557"}],"wp:term":[{"taxonomy":"product_brand","embeddable":true,"href":"https:\/\/roveyayinevi.com.tr\/index.php\/wp-json\/wp\/v2\/product_brand?post=773557"},{"taxonomy":"product_cat","embeddable":true,"href":"https:\/\/roveyayinevi.com.tr\/index.php\/wp-json\/wp\/v2\/product_cat?post=773557"},{"taxonomy":"product_tag","embeddable":true,"href":"https:\/\/roveyayinevi.com.tr\/index.php\/wp-json\/wp\/v2\/product_tag?post=773557"}],"curies":[{"name":"wp","href":"https:\/\/api.w.org\/{rel}","templated":true}]}}