{"id":773556,"date":"2025-08-28T16:20:27","date_gmt":"2025-08-28T13:20:27","guid":{"rendered":"https:\/\/roveyayinevi.com.tr\/index.php\/urun\/86-seksen-alti-parcali-gelisim-1\/"},"modified":"2026-04-15T03:39:50","modified_gmt":"2026-04-15T00:39:50","slug":"86-seksen-alti-parcali-gelisim-1","status":"publish","type":"product","link":"https:\/\/roveyayinevi.com.tr\/index.php\/urun\/86-seksen-alti-parcali-gelisim-1\/","title":{"rendered":"86: Seksen Alt\u0131 Par\u00e7al\u0131 Geli\u015fim 1"},"content":{"rendered":"<p>Gen\u00e7 Shin \u00f6l\u00fcm\u00fcn e\u015fi\u011finde y\u00fcr\u00fcyor&#8230;   Dostlar\u0131n\u0131 da inan\u00e7lar\u0131n\u0131 da&#8230;   &#8230;hen\u00fcz yan\u0131nda ta\u015f\u0131m\u0131yor&#8230;    \u201cShinei Nouzen\u201d, San Magnolia Cumhuriyeti Ordusu\u2019nun Do\u011fu Cephesi Birinci Sava\u015f B\u00f6lgesi Birinci Savunma Taburu \u201cSpearhead\u201din lideri kar\u015f\u0131n\u0131zda\u2026 Ge\u00e7mi\u015fte ba\u011fl\u0131 oldu\u011fu birlikler birer birer bozguna u\u011frasa da Shin, sava\u015f alan\u0131nda hayatta kalmaya devam etmektedir! Ola\u011fan\u00fcst\u00fc yetenekleriyle \u201c\u00d6l\u00fcm Tanr\u0131s\u0131\u201d ismiyle an\u0131lan Shin, kendi efsanesini yaz\u0131yor&#8230;   \u00c7ocuklu\u011fundan beri kendini sava\u015f alanlar\u0131na atan Shin, kazand\u0131klar\u0131 ve kaybettikleriyle \u00f6l\u00fcm\u00fcn e\u015fi\u011finde y\u00fcr\u00fcyor. Shin\u2019in korkun\u00e7 ge\u00e7mi\u015fini resmeden ilk cilt kar\u015f\u0131n\u0131zda&#8230; <\/p>\n","protected":false},"excerpt":{"rendered":"<p>Gen\u00e7 Shin \u00f6l\u00fcm\u00fcn e\u015fi\u011finde y\u00fcr\u00fcyor&#8230; Dostlar\u0131n\u0131 da inan\u00e7lar\u0131n\u0131 da&#8230; &#8230;hen\u00fcz yan\u0131nda ta\u015f\u0131m\u0131yor&#8230; \u201cShinei Nouzen\u201d, San Magnolia Cumhuriyeti Ordusu\u2019nun Do\u011fu Cephesi Birinci Sava\u015f B\u00f6lgesi Birinci Savunma Taburu<span class=\"excerpt-hellip\"> [\u2026]<\/span><\/p>\n","protected":false},"featured_media":0,"template":"","meta":{"_monsterinsights_skip_tracking":false,"_monsterinsights_sitenote_active":false,"_monsterinsights_sitenote_note":"","_monsterinsights_sitenote_category":0},"product_brand":[],"product_cat":[12416,12291],"product_tag":[],"class_list":{"0":"post-773556","1":"product","2":"type-product","3":"status-publish","5":"product_cat-cizgi-roman","6":"product_cat-edebiyat","7":"pa_cilt-ciltsiz","8":"pa_tur-kitap","9":"pa_yayinevi-athica-yayinlari","10":"pa_yazar-asato-asato","12":"first","13":"instock","14":"sale","15":"shipping-taxable","16":"purchasable","17":"product-type-simple"},"_links":{"self":[{"href":"https:\/\/roveyayinevi.com.tr\/index.php\/wp-json\/wp\/v2\/product\/773556","targetHints":{"allow":["GET"]}}],"collection":[{"href":"https:\/\/roveyayinevi.com.tr\/index.php\/wp-json\/wp\/v2\/product"}],"about":[{"href":"https:\/\/roveyayinevi.com.tr\/index.php\/wp-json\/wp\/v2\/types\/product"}],"wp:attachment":[{"href":"https:\/\/roveyayinevi.com.tr\/index.php\/wp-json\/wp\/v2\/media?parent=773556"}],"wp:term":[{"taxonomy":"product_brand","embeddable":true,"href":"https:\/\/roveyayinevi.com.tr\/index.php\/wp-json\/wp\/v2\/product_brand?post=773556"},{"taxonomy":"product_cat","embeddable":true,"href":"https:\/\/roveyayinevi.com.tr\/index.php\/wp-json\/wp\/v2\/product_cat?post=773556"},{"taxonomy":"product_tag","embeddable":true,"href":"https:\/\/roveyayinevi.com.tr\/index.php\/wp-json\/wp\/v2\/product_tag?post=773556"}],"curies":[{"name":"wp","href":"https:\/\/api.w.org\/{rel}","templated":true}]}}