{"id":773555,"date":"2025-08-28T16:20:25","date_gmt":"2025-08-28T13:20:25","guid":{"rendered":"https:\/\/roveyayinevi.com.tr\/index.php\/urun\/86-seksen-alti-parcali-gelisim-2\/"},"modified":"2026-04-15T03:39:50","modified_gmt":"2026-04-15T00:39:50","slug":"86-seksen-alti-parcali-gelisim-2","status":"publish","type":"product","link":"https:\/\/roveyayinevi.com.tr\/index.php\/urun\/86-seksen-alti-parcali-gelisim-2\/","title":{"rendered":"86: Seksen Alt\u0131 Par\u00e7al\u0131 Geli\u015fim 2"},"content":{"rendered":"<p>Shin\u2019in ge\u00e7mi\u015fini konu alan&#8230;   &#8230;\u2018\u2018\u00f6n hik\u00e2yenin\u2019\u2019 mangala\u015fm\u0131\u015f halinin 2. cildi.      Shin\u2019in yeni atand\u0131\u011f\u0131 yer, \u00e7etin bir sava\u015f b\u00f6lgesi olarak bilinen \u201cStiletto Birli\u011fi\u201ddir. Birli\u011fin komutan\u0131 \u0130suka, ba\u015f\u0131ndan beri Shin\u2019in inan\u00e7lar\u0131n\u0131 ve davran\u0131\u015flar\u0131n\u0131 ho\u015f kar\u015f\u0131lamamaktad\u0131r.   Bir g\u00fcn sava\u015ftayken \u0130suka, L\u00f6we\u2019nin ani sald\u0131r\u0131s\u0131na u\u011fray\u0131p \u00f6l\u00fcm\u00fcn e\u015fi\u011fine gelir. Onun kar\u015f\u0131s\u0131nda beliren ise kendisinden nefret eden Shin\u2019in y\u00fcz\u00fc olur&#8230;     \u00c7ok say\u0131da \u00f6l\u00fcme tan\u0131k olduktan sonra de\u011fi\u015fen birlik ve bu birlikte yer alan insanlar, Shin\u2019i nas\u0131l birine d\u00f6n\u00fc\u015ft\u00fcrecek? <\/p>\n","protected":false},"excerpt":{"rendered":"<p>Shin\u2019in ge\u00e7mi\u015fini konu alan&#8230; &#8230;\u2018\u2018\u00f6n hik\u00e2yenin\u2019\u2019 mangala\u015fm\u0131\u015f halinin 2. cildi. Shin\u2019in yeni atand\u0131\u011f\u0131 yer, \u00e7etin bir sava\u015f b\u00f6lgesi olarak bilinen \u201cStiletto Birli\u011fi\u201ddir. Birli\u011fin komutan\u0131 \u0130suka, ba\u015f\u0131ndan<span class=\"excerpt-hellip\"> [\u2026]<\/span><\/p>\n","protected":false},"featured_media":0,"template":"","meta":{"_monsterinsights_skip_tracking":false,"_monsterinsights_sitenote_active":false,"_monsterinsights_sitenote_note":"","_monsterinsights_sitenote_category":0},"product_brand":[],"product_cat":[12416,12291],"product_tag":[],"class_list":{"0":"post-773555","1":"product","2":"type-product","3":"status-publish","5":"product_cat-cizgi-roman","6":"product_cat-edebiyat","7":"pa_cilt-ciltsiz","8":"pa_tur-kitap","9":"pa_yayinevi-athica-yayinlari","10":"pa_yazar-asato-asato","12":"first","13":"instock","14":"sale","15":"shipping-taxable","16":"purchasable","17":"product-type-simple"},"_links":{"self":[{"href":"https:\/\/roveyayinevi.com.tr\/index.php\/wp-json\/wp\/v2\/product\/773555","targetHints":{"allow":["GET"]}}],"collection":[{"href":"https:\/\/roveyayinevi.com.tr\/index.php\/wp-json\/wp\/v2\/product"}],"about":[{"href":"https:\/\/roveyayinevi.com.tr\/index.php\/wp-json\/wp\/v2\/types\/product"}],"wp:attachment":[{"href":"https:\/\/roveyayinevi.com.tr\/index.php\/wp-json\/wp\/v2\/media?parent=773555"}],"wp:term":[{"taxonomy":"product_brand","embeddable":true,"href":"https:\/\/roveyayinevi.com.tr\/index.php\/wp-json\/wp\/v2\/product_brand?post=773555"},{"taxonomy":"product_cat","embeddable":true,"href":"https:\/\/roveyayinevi.com.tr\/index.php\/wp-json\/wp\/v2\/product_cat?post=773555"},{"taxonomy":"product_tag","embeddable":true,"href":"https:\/\/roveyayinevi.com.tr\/index.php\/wp-json\/wp\/v2\/product_tag?post=773555"}],"curies":[{"name":"wp","href":"https:\/\/api.w.org\/{rel}","templated":true}]}}