{"id":773554,"date":"2025-08-28T16:20:22","date_gmt":"2025-08-28T13:20:22","guid":{"rendered":"https:\/\/roveyayinevi.com.tr\/index.php\/urun\/doksan-arti-dort-1-2-kutulu-set-ciltli\/"},"modified":"2026-04-11T14:43:34","modified_gmt":"2026-04-11T11:43:34","slug":"doksan-arti-dort-1-2-kutulu-set-ciltli","status":"publish","type":"product","link":"https:\/\/roveyayinevi.com.tr\/index.php\/urun\/doksan-arti-dort-1-2-kutulu-set-ciltli\/","title":{"rendered":"Doksan Art\u0131 D\u00f6rt 1-2 Kutulu Set (Ciltli)"},"content":{"rendered":"<p>Doksan Art\u0131 D\u00f6rt 1 (Ciltli)Doksan Art\u0131 D\u00f6rt 2 (Ciltli)2 Ayra\u00e7 (Bilet)Sticker Seti <\/p>\n","protected":false},"excerpt":{"rendered":"<p>Doksan Art\u0131 D\u00f6rt 1 (Ciltli)Doksan Art\u0131 D\u00f6rt 2 (Ciltli)2 Ayra\u00e7 (Bilet)Sticker Seti<\/p>\n","protected":false},"featured_media":0,"template":"","meta":{"_monsterinsights_skip_tracking":false,"_monsterinsights_sitenote_active":false,"_monsterinsights_sitenote_note":"","_monsterinsights_sitenote_category":0},"product_brand":[],"product_cat":[12291,12711],"product_tag":[],"class_list":{"0":"post-773554","1":"product","2":"type-product","3":"status-publish","5":"product_cat-edebiyat","6":"product_cat-roman-oyku","7":"pa_cilt-ciltli","8":"pa_tur-kitap","9":"pa_yayinevi-athica-yayinlari","10":"pa_yazar-gulben-sakar","12":"first","13":"instock","14":"sale","15":"shipping-taxable","16":"purchasable","17":"product-type-simple"},"_links":{"self":[{"href":"https:\/\/roveyayinevi.com.tr\/index.php\/wp-json\/wp\/v2\/product\/773554","targetHints":{"allow":["GET"]}}],"collection":[{"href":"https:\/\/roveyayinevi.com.tr\/index.php\/wp-json\/wp\/v2\/product"}],"about":[{"href":"https:\/\/roveyayinevi.com.tr\/index.php\/wp-json\/wp\/v2\/types\/product"}],"wp:attachment":[{"href":"https:\/\/roveyayinevi.com.tr\/index.php\/wp-json\/wp\/v2\/media?parent=773554"}],"wp:term":[{"taxonomy":"product_brand","embeddable":true,"href":"https:\/\/roveyayinevi.com.tr\/index.php\/wp-json\/wp\/v2\/product_brand?post=773554"},{"taxonomy":"product_cat","embeddable":true,"href":"https:\/\/roveyayinevi.com.tr\/index.php\/wp-json\/wp\/v2\/product_cat?post=773554"},{"taxonomy":"product_tag","embeddable":true,"href":"https:\/\/roveyayinevi.com.tr\/index.php\/wp-json\/wp\/v2\/product_tag?post=773554"}],"curies":[{"name":"wp","href":"https:\/\/api.w.org\/{rel}","templated":true}]}}