{"id":773553,"date":"2025-08-28T16:20:20","date_gmt":"2025-08-28T13:20:20","guid":{"rendered":"https:\/\/roveyayinevi.com.tr\/index.php\/urun\/dovus-tanrisi-5\/"},"modified":"2026-04-15T03:39:49","modified_gmt":"2026-04-15T00:39:49","slug":"dovus-tanrisi-5","status":"publish","type":"product","link":"https:\/\/roveyayinevi.com.tr\/index.php\/urun\/dovus-tanrisi-5\/","title":{"rendered":"D\u00f6v\u00fc\u015f Tanr\u0131s\u0131 5"},"content":{"rendered":"<p>Yu Mi-Ra, ailesinin k\u0131l\u0131\u00e7 sanat\u0131n\u0131 s\u00fcrd\u00fcrmek i\u00e7in kaderini   sonsuza dek belirleyecek bir karar vermeli. COAX\u2019ta turnuvan\u0131n yar\u0131 finallerinde ba\u015f d\u00f6nd\u00fcr\u00fcc\u00fc durumlar ya\u015fanmaktad\u0131r.   Kat\u0131l\u0131mc\u0131lar\u0131n, rakiplerini yenmek i\u00e7in g\u00fc\u00e7 ve   strateji kullanmalar\u0131 gerek.   \u00dc\u00e7 kahraman\u0131m\u0131z\u0131n dostlu\u011fu \u00f6n\u00fcm\u00fczdeki   sava\u015flarda devam edebilecek mi? <\/p>\n","protected":false},"excerpt":{"rendered":"<p>Yu Mi-Ra, ailesinin k\u0131l\u0131\u00e7 sanat\u0131n\u0131 s\u00fcrd\u00fcrmek i\u00e7in kaderini sonsuza dek belirleyecek bir karar vermeli. COAX\u2019ta turnuvan\u0131n yar\u0131 finallerinde ba\u015f d\u00f6nd\u00fcr\u00fcc\u00fc durumlar ya\u015fanmaktad\u0131r. Kat\u0131l\u0131mc\u0131lar\u0131n, rakiplerini yenmek i\u00e7in<span class=\"excerpt-hellip\"> [\u2026]<\/span><\/p>\n","protected":false},"featured_media":0,"template":"","meta":{"_monsterinsights_skip_tracking":false,"_monsterinsights_sitenote_active":false,"_monsterinsights_sitenote_note":"","_monsterinsights_sitenote_category":0},"product_brand":[],"product_cat":[12416,12291],"product_tag":[],"class_list":{"0":"post-773553","1":"product","2":"type-product","3":"status-publish","5":"product_cat-cizgi-roman","6":"product_cat-edebiyat","7":"pa_cilt-ciltsiz","8":"pa_tur-kitap","9":"pa_yayinevi-athica-yayinlari","10":"pa_yazar-yong-je-park","12":"first","13":"instock","14":"sale","15":"shipping-taxable","16":"purchasable","17":"product-type-simple"},"_links":{"self":[{"href":"https:\/\/roveyayinevi.com.tr\/index.php\/wp-json\/wp\/v2\/product\/773553","targetHints":{"allow":["GET"]}}],"collection":[{"href":"https:\/\/roveyayinevi.com.tr\/index.php\/wp-json\/wp\/v2\/product"}],"about":[{"href":"https:\/\/roveyayinevi.com.tr\/index.php\/wp-json\/wp\/v2\/types\/product"}],"wp:attachment":[{"href":"https:\/\/roveyayinevi.com.tr\/index.php\/wp-json\/wp\/v2\/media?parent=773553"}],"wp:term":[{"taxonomy":"product_brand","embeddable":true,"href":"https:\/\/roveyayinevi.com.tr\/index.php\/wp-json\/wp\/v2\/product_brand?post=773553"},{"taxonomy":"product_cat","embeddable":true,"href":"https:\/\/roveyayinevi.com.tr\/index.php\/wp-json\/wp\/v2\/product_cat?post=773553"},{"taxonomy":"product_tag","embeddable":true,"href":"https:\/\/roveyayinevi.com.tr\/index.php\/wp-json\/wp\/v2\/product_tag?post=773553"}],"curies":[{"name":"wp","href":"https:\/\/api.w.org\/{rel}","templated":true}]}}