{"id":773552,"date":"2025-08-28T16:20:18","date_gmt":"2025-08-28T13:20:18","guid":{"rendered":"https:\/\/roveyayinevi.com.tr\/index.php\/urun\/doksan-arti-dort-2-ciltli\/"},"modified":"2026-04-11T14:43:34","modified_gmt":"2026-04-11T11:43:34","slug":"doksan-arti-dort-2-ciltli","status":"publish","type":"product","link":"https:\/\/roveyayinevi.com.tr\/index.php\/urun\/doksan-arti-dort-2-ciltli\/","title":{"rendered":"Doksan Art\u0131 D\u00f6rt 2 (Ciltli)"},"content":{"rendered":"<p>Hayat\u0131n\u0131n beklemedi\u011fi an\u0131nda hayat\u0131na giren Merdan Efe\u2019yle t\u00fcm dengeleri bozulan \u0130zgi\u2019in art\u0131k en b\u00fcy\u00fck sava\u015f\u0131 kapatt\u0131\u011f\u0131n\u0131 sand\u0131\u011f\u0131 ancak h\u00e2l\u00e2 izlerini s\u00fcrd\u00fcrd\u00fc\u011f\u00fc ge\u00e7mi\u015fiydi. Merdan Efe\u2019den ka\u00e7t\u0131k\u00e7a ona daha da tutulan \u0130zgi hissetti\u011fi t\u00fcm k\u00f6t\u00fc duygular\u0131 ve endi\u015feleri erteleyip dursa da ertelenen her \u015fey g\u00fcn\u00fc geldi\u011finde ortaya \u00e7\u0131kard\u0131. Bazen sevmek yetmezdi, g\u00fcven sevgiyi ayakta tutan yeg\u00e2ne duyguydu.   \u0130zgi\u2019yi g\u00f6rd\u00fc\u011f\u00fc ilk andan itibaren sevgisini i\u00e7inden tutamayan Merdan Efe onun duvarlar\u0131n\u0131 a\u015ft\u0131\u011f\u0131n\u0131 san\u0131rken asl\u0131nda o duvarlar\u0131n d\u0131\u015f\u0131nda kald\u0131\u011f\u0131n\u0131 ge\u00e7 de olsa fark edecekti. A\u015fk dengeleri bozard\u0131, evgi b\u00fcy\u00fct\u00fcrd\u00fc, g\u00fcven sonu olmayan bir hayat\u0131n kap\u0131lar\u0131n\u0131 aralard\u0131.   \u0130ki beden, tek kalp; \u0130zgi G\u00f6kyel ve Merdan Efe Y\u00fcceer. Birbirlerinin d\u00f6n\u00fcm noktalar\u0131 olmu\u015fken t\u00fcm engellere kar\u015f\u0131 s\u0131rt s\u0131rta m\u00fccadele edebilecekler miydi?   Onlar\u0131n doksan dakikal\u0131k ma\u00e7\u0131nda bir kazanan yoktu. Beraberlik iki kalp i\u00e7in tek bir galibiyetti.   Ma\u00e7 uzatmalar\u0131n d\u00f6rd\u00fcnc\u00fc dakikas\u0131nda sonlanm\u0131\u015f, beraberlikle birlikte as\u0131l kazanan belli olmu\u015ftu. <\/p>\n","protected":false},"excerpt":{"rendered":"<p>Hayat\u0131n\u0131n beklemedi\u011fi an\u0131nda hayat\u0131na giren Merdan Efe\u2019yle t\u00fcm dengeleri bozulan \u0130zgi\u2019in art\u0131k en b\u00fcy\u00fck sava\u015f\u0131 kapatt\u0131\u011f\u0131n\u0131 sand\u0131\u011f\u0131 ancak h\u00e2l\u00e2 izlerini s\u00fcrd\u00fcrd\u00fc\u011f\u00fc ge\u00e7mi\u015fiydi. Merdan Efe\u2019den ka\u00e7t\u0131k\u00e7a ona<span class=\"excerpt-hellip\"> [\u2026]<\/span><\/p>\n","protected":false},"featured_media":0,"template":"","meta":{"_monsterinsights_skip_tracking":false,"_monsterinsights_sitenote_active":false,"_monsterinsights_sitenote_note":"","_monsterinsights_sitenote_category":0},"product_brand":[],"product_cat":[12291,12711],"product_tag":[],"class_list":{"0":"post-773552","1":"product","2":"type-product","3":"status-publish","5":"product_cat-edebiyat","6":"product_cat-roman-oyku","7":"pa_cilt-ciltli","8":"pa_tur-kitap","9":"pa_yayinevi-athica-yayinlari","10":"pa_yazar-gulben-sakar","12":"first","13":"instock","14":"sale","15":"shipping-taxable","16":"purchasable","17":"product-type-simple"},"_links":{"self":[{"href":"https:\/\/roveyayinevi.com.tr\/index.php\/wp-json\/wp\/v2\/product\/773552","targetHints":{"allow":["GET"]}}],"collection":[{"href":"https:\/\/roveyayinevi.com.tr\/index.php\/wp-json\/wp\/v2\/product"}],"about":[{"href":"https:\/\/roveyayinevi.com.tr\/index.php\/wp-json\/wp\/v2\/types\/product"}],"wp:attachment":[{"href":"https:\/\/roveyayinevi.com.tr\/index.php\/wp-json\/wp\/v2\/media?parent=773552"}],"wp:term":[{"taxonomy":"product_brand","embeddable":true,"href":"https:\/\/roveyayinevi.com.tr\/index.php\/wp-json\/wp\/v2\/product_brand?post=773552"},{"taxonomy":"product_cat","embeddable":true,"href":"https:\/\/roveyayinevi.com.tr\/index.php\/wp-json\/wp\/v2\/product_cat?post=773552"},{"taxonomy":"product_tag","embeddable":true,"href":"https:\/\/roveyayinevi.com.tr\/index.php\/wp-json\/wp\/v2\/product_tag?post=773552"}],"curies":[{"name":"wp","href":"https:\/\/api.w.org\/{rel}","templated":true}]}}