{"id":773551,"date":"2025-08-28T16:20:16","date_gmt":"2025-08-28T13:20:16","guid":{"rendered":"https:\/\/roveyayinevi.com.tr\/index.php\/urun\/doksan-arti-dort-1-ciltli\/"},"modified":"2026-04-11T14:43:34","modified_gmt":"2026-04-11T11:43:34","slug":"doksan-arti-dort-1-ciltli","status":"publish","type":"product","link":"https:\/\/roveyayinevi.com.tr\/index.php\/urun\/doksan-arti-dort-1-ciltli\/","title":{"rendered":"Doksan Art\u0131 D\u00f6rt 1 (Ciltli)"},"content":{"rendered":"<p>Ba\u015far\u0131l\u0131 avukat \u0130zgi G\u00f6kyel, Y\u00fcceerler ile \u00e7al\u0131\u015fmaktad\u0131r. Bir Galatasaray ma\u00e7\u0131 gecesi, ma\u011flubiyet sonucu karakola d\u00fc\u015fen m\u00fcvekkilini kurtarmak i\u00e7in Ankara\u2019ya gider ve m\u00fcvekkilinin fanatik Galatasarayl\u0131 erkek karde\u015fi ile tan\u0131\u015f\u0131r. Galatasaray fanati\u011fi gen\u00e7 i\u015f adam\u0131 Merdan Efe Y\u00fcceer, ya\u015fad\u0131\u011f\u0131 \u00f6fke problemleri ve derin fanatikli\u011fi nedeniyle ma\u00e7 sonralar\u0131nda kavgalara kar\u0131\u015fmaktad\u0131r. Ankara\u2019da ma\u00e7 sonunda ya\u015fanan bir kavga sonucunda bu kez abisiyle karakola d\u00fc\u015fer ve abisinin avukat\u0131 \u0130zgi\u2019yi ilk kez orada g\u00f6r\u00fcr. A\u015fktan olabildi\u011fince ka\u00e7\u0131p, g\u00fcven problemi y\u00fcz\u00fcnden kalbinin kilidini y\u0131llarca en derin kuytulara iten \u0130zgi ve hayat\u0131nda o zamana dek a\u015fka dair hi\u00e7bir k\u0131r\u0131nt\u0131 bulunmam\u0131\u015f, tamamen futbola odaklanm\u0131\u015f Merdan Efe bu tan\u0131\u015fmalar\u0131n\u0131n asl\u0131nda hayatlar\u0131n\u0131n d\u00f6n\u00fcm noktas\u0131 olaca\u011f\u0131ndan habersizlerdir. Ma\u00e7 doksan dakika, top yuvarlakt\u0131. Belki ma\u00e7\u0131n skoru uzatmalarda de\u011fi\u015fecekti, belki de onlar i\u00e7in as\u0131l galibiyet beraberlikte gelecekti <\/p>\n","protected":false},"excerpt":{"rendered":"<p>Ba\u015far\u0131l\u0131 avukat \u0130zgi G\u00f6kyel, Y\u00fcceerler ile \u00e7al\u0131\u015fmaktad\u0131r. Bir Galatasaray ma\u00e7\u0131 gecesi, ma\u011flubiyet sonucu karakola d\u00fc\u015fen m\u00fcvekkilini kurtarmak i\u00e7in Ankara\u2019ya gider ve m\u00fcvekkilinin fanatik Galatasarayl\u0131 erkek karde\u015fi<span class=\"excerpt-hellip\"> [\u2026]<\/span><\/p>\n","protected":false},"featured_media":0,"template":"","meta":{"_monsterinsights_skip_tracking":false,"_monsterinsights_sitenote_active":false,"_monsterinsights_sitenote_note":"","_monsterinsights_sitenote_category":0},"product_brand":[],"product_cat":[12291,12711],"product_tag":[],"class_list":{"0":"post-773551","1":"product","2":"type-product","3":"status-publish","5":"product_cat-edebiyat","6":"product_cat-roman-oyku","7":"pa_cilt-ciltli","8":"pa_tur-kitap","9":"pa_yayinevi-athica-yayinlari","10":"pa_yazar-gulben-sakar","12":"first","13":"instock","14":"sale","15":"shipping-taxable","16":"purchasable","17":"product-type-simple"},"_links":{"self":[{"href":"https:\/\/roveyayinevi.com.tr\/index.php\/wp-json\/wp\/v2\/product\/773551","targetHints":{"allow":["GET"]}}],"collection":[{"href":"https:\/\/roveyayinevi.com.tr\/index.php\/wp-json\/wp\/v2\/product"}],"about":[{"href":"https:\/\/roveyayinevi.com.tr\/index.php\/wp-json\/wp\/v2\/types\/product"}],"wp:attachment":[{"href":"https:\/\/roveyayinevi.com.tr\/index.php\/wp-json\/wp\/v2\/media?parent=773551"}],"wp:term":[{"taxonomy":"product_brand","embeddable":true,"href":"https:\/\/roveyayinevi.com.tr\/index.php\/wp-json\/wp\/v2\/product_brand?post=773551"},{"taxonomy":"product_cat","embeddable":true,"href":"https:\/\/roveyayinevi.com.tr\/index.php\/wp-json\/wp\/v2\/product_cat?post=773551"},{"taxonomy":"product_tag","embeddable":true,"href":"https:\/\/roveyayinevi.com.tr\/index.php\/wp-json\/wp\/v2\/product_tag?post=773551"}],"curies":[{"name":"wp","href":"https:\/\/api.w.org\/{rel}","templated":true}]}}