{"id":773550,"date":"2025-08-28T16:20:13","date_gmt":"2025-08-28T13:20:13","guid":{"rendered":"https:\/\/roveyayinevi.com.tr\/index.php\/urun\/kivilcim-3\/"},"modified":"2026-04-15T03:39:49","modified_gmt":"2026-04-15T00:39:49","slug":"kivilcim-3","status":"publish","type":"product","link":"https:\/\/roveyayinevi.com.tr\/index.php\/urun\/kivilcim-3\/","title":{"rendered":"K\u0131v\u0131lc\u0131m"},"content":{"rendered":"<p>ANLA\u015eMALI EVL\u0130L\u0130\u011eE SICAK BAKACAK B\u0130R\u0130 ARANIYOR   Ancak hayat\u0131m buna ba\u011fl\u0131ysa evlenece\u011fime yemin etmi\u015ftim. Ne ironi ama.   \u015eimdi de evren bunu bir meydan okuma sand\u0131\u011f\u0131 i\u00e7in acilen bir koca bulmam gerekiyor. Ama ge\u00e7ici bir evlili\u011fe s\u0131k\u0131\u015f\u0131p kalacaksam bunun do\u011fru adamla olmas\u0131n\u0131 istiyorum.   Beni korumal\u0131. Formda olmal\u0131.   Zek\u00e2 ve mizah duygusu da \u00e7ok \u00f6nemli. Madem hayal kuruyoruz, son derece yak\u0131\u015f\u0131kl\u0131 ve biraz da huysuz olsa hi\u00e7 hay\u0131r demem. T\u00fcm kriterlere uyan birini tan\u0131mam da benim \u015fans\u0131ma san\u0131r\u0131m.   Sonunda ikimiz de yanacak olsak da&#8230; <\/p>\n","protected":false},"excerpt":{"rendered":"<p>ANLA\u015eMALI EVL\u0130L\u0130\u011eE SICAK BAKACAK B\u0130R\u0130 ARANIYOR Ancak hayat\u0131m buna ba\u011fl\u0131ysa evlenece\u011fime yemin etmi\u015ftim. Ne ironi ama. \u015eimdi de evren bunu bir meydan okuma sand\u0131\u011f\u0131 i\u00e7in acilen<span class=\"excerpt-hellip\"> [\u2026]<\/span><\/p>\n","protected":false},"featured_media":0,"template":"","meta":{"_monsterinsights_skip_tracking":false,"_monsterinsights_sitenote_active":false,"_monsterinsights_sitenote_note":"","_monsterinsights_sitenote_category":0},"product_brand":[],"product_cat":[12291,12711],"product_tag":[],"class_list":{"0":"post-773550","1":"product","2":"type-product","3":"status-publish","5":"product_cat-edebiyat","6":"product_cat-roman-oyku","7":"pa_cilt-ciltsiz","8":"pa_tur-kitap","9":"pa_yayinevi-nox-yayinlari","10":"pa_yazar-adriana-locke","12":"first","13":"instock","14":"sale","15":"shipping-taxable","16":"purchasable","17":"product-type-simple"},"_links":{"self":[{"href":"https:\/\/roveyayinevi.com.tr\/index.php\/wp-json\/wp\/v2\/product\/773550","targetHints":{"allow":["GET"]}}],"collection":[{"href":"https:\/\/roveyayinevi.com.tr\/index.php\/wp-json\/wp\/v2\/product"}],"about":[{"href":"https:\/\/roveyayinevi.com.tr\/index.php\/wp-json\/wp\/v2\/types\/product"}],"wp:attachment":[{"href":"https:\/\/roveyayinevi.com.tr\/index.php\/wp-json\/wp\/v2\/media?parent=773550"}],"wp:term":[{"taxonomy":"product_brand","embeddable":true,"href":"https:\/\/roveyayinevi.com.tr\/index.php\/wp-json\/wp\/v2\/product_brand?post=773550"},{"taxonomy":"product_cat","embeddable":true,"href":"https:\/\/roveyayinevi.com.tr\/index.php\/wp-json\/wp\/v2\/product_cat?post=773550"},{"taxonomy":"product_tag","embeddable":true,"href":"https:\/\/roveyayinevi.com.tr\/index.php\/wp-json\/wp\/v2\/product_tag?post=773550"}],"curies":[{"name":"wp","href":"https:\/\/api.w.org\/{rel}","templated":true}]}}