{"id":773546,"date":"2025-08-28T16:20:05","date_gmt":"2025-08-28T13:20:05","guid":{"rendered":"https:\/\/roveyayinevi.com.tr\/index.php\/urun\/neden-psikanaliz\/"},"modified":"2026-04-15T03:39:49","modified_gmt":"2026-04-15T00:39:49","slug":"neden-psikanaliz","status":"publish","type":"product","link":"https:\/\/roveyayinevi.com.tr\/index.php\/urun\/neden-psikanaliz\/","title":{"rendered":"Neden Psikanaliz?"},"content":{"rendered":"<p>Psikanaliz nedir? Baz\u0131lar\u0131 bunun tam anlam\u0131yla bir devrim, baz\u0131lar\u0131 ise, art\u0131k daha modern teknikler sayesinde a\u015f\u0131lm\u0131\u015f s\u00f6zde bir bilim oldu\u011funu s\u00f6yl\u00fcyor. Baz\u0131lar\u0131 mucizeler yaratt\u0131\u011f\u0131n\u0131 s\u00f6ylerken, baz\u0131lar\u0131 ise zararl\u0131 yan\u0131lsamalardan \u00f6teye ge\u00e7medi\u011fini ileri s\u00fcr\u00fcyor. Kimdir bu psikanalistler? Psikanaliste gitmeye karar verirsem, nas\u0131l biriyle kar\u015f\u0131la\u015faca\u011f\u0131m? Her \u015feyi s\u00f6ylemem gerekli mi?  Peki o neler s\u00f6yleyecek bana? Psikanaliz tedavisi nas\u0131l ger\u00e7ekle\u015fiyor? Ger\u00e7ekten bir tek cinsellikten mi konu\u015fuluyor? Aktar\u0131m ne demek? \u0130\u015fin sonunda daha da berbat bir yabanc\u0131la\u015fma ya\u015far m\u0131y\u0131m acaba? Niye bir de \u00fcst\u00fcne para vereyim ki? Anneler, babalar hep su\u00e7lu mu peki? vb. vb. Neden Psikanaliz? b\u00fct\u00fcn bu sorulara yan\u0131t veriyor; a\u00e7\u0131k se\u00e7ik, k\u0131sa ama kesin yan\u0131tlar. 20. y\u00fczy\u0131l boyunca insanbilimlerine damgas\u0131n\u0131 vurmu\u015f bir alan\u0131 daha iyi anlayabilmek i\u00e7in okunmas\u0131 gereken bir kitap. Psikanaliz tedavisinin temellerini anlamak, bu tedavinin genel \u00f6zelliklerini kavramak isteyenlere seslenen bir \u00e7al\u0131\u015fma. Klinik psikolog, psikanalist Roger Perron\u2019un psikanaliz tedavisini geni\u015f bir kitleye ula\u015ft\u0131rmak, anla\u015f\u0131lmas\u0131n\u0131 sa\u011flamak ve u\u0308zerindeki \u00f6nyarg\u0131lardan ar\u0131nd\u0131rmak amac\u0131yla yazd\u0131\u011f\u0131 Neden Psikanaliz? geni\u015fletilmi\u015f yeni bask\u0131s\u0131yla tekrar okurlarla bulu\u015fuyor.   \u201cAc\u0131lar\u0131na nerede derman bulacaklar\u0131n\u0131 bilmeyen, ne du\u0308\u015fu\u0308neceklerini bilmeyen, y\u00f6nu\u0308nu\u0308 bulamayan o kadar \u00e7ok insan var ki\u2026 Bence onlar\u0131 bilgilendirmek gerekir. Bu kitab\u0131 yazma amac\u0131m buydu ve yeniden bas\u0131m\u0131n\u0131 haz\u0131rl\u0131yorsam yine ayn\u0131 umudu ta\u015f\u0131d\u0131\u011f\u0131m i\u00e7indir.\u201d <\/p>\n","protected":false},"excerpt":{"rendered":"<p>Psikanaliz nedir? Baz\u0131lar\u0131 bunun tam anlam\u0131yla bir devrim, baz\u0131lar\u0131 ise, art\u0131k daha modern teknikler sayesinde a\u015f\u0131lm\u0131\u015f s\u00f6zde bir bilim oldu\u011funu s\u00f6yl\u00fcyor. Baz\u0131lar\u0131 mucizeler yaratt\u0131\u011f\u0131n\u0131 s\u00f6ylerken, baz\u0131lar\u0131<span class=\"excerpt-hellip\"> [\u2026]<\/span><\/p>\n","protected":false},"featured_media":0,"template":"","meta":{"_monsterinsights_skip_tracking":false,"_monsterinsights_sitenote_active":false,"_monsterinsights_sitenote_note":"","_monsterinsights_sitenote_category":0},"product_brand":[],"product_cat":[12357],"product_tag":[],"class_list":{"0":"post-773546","1":"product","2":"type-product","3":"status-publish","5":"product_cat-psikoloji","6":"pa_cilt-ciltsiz","7":"pa_tur-kitap","8":"pa_yayinevi-minotor-kitap","9":"pa_yazar-roger-perron","11":"first","12":"instock","13":"sale","14":"shipping-taxable","15":"purchasable","16":"product-type-simple"},"_links":{"self":[{"href":"https:\/\/roveyayinevi.com.tr\/index.php\/wp-json\/wp\/v2\/product\/773546","targetHints":{"allow":["GET"]}}],"collection":[{"href":"https:\/\/roveyayinevi.com.tr\/index.php\/wp-json\/wp\/v2\/product"}],"about":[{"href":"https:\/\/roveyayinevi.com.tr\/index.php\/wp-json\/wp\/v2\/types\/product"}],"wp:attachment":[{"href":"https:\/\/roveyayinevi.com.tr\/index.php\/wp-json\/wp\/v2\/media?parent=773546"}],"wp:term":[{"taxonomy":"product_brand","embeddable":true,"href":"https:\/\/roveyayinevi.com.tr\/index.php\/wp-json\/wp\/v2\/product_brand?post=773546"},{"taxonomy":"product_cat","embeddable":true,"href":"https:\/\/roveyayinevi.com.tr\/index.php\/wp-json\/wp\/v2\/product_cat?post=773546"},{"taxonomy":"product_tag","embeddable":true,"href":"https:\/\/roveyayinevi.com.tr\/index.php\/wp-json\/wp\/v2\/product_tag?post=773546"}],"curies":[{"name":"wp","href":"https:\/\/api.w.org\/{rel}","templated":true}]}}