{"id":773543,"date":"2025-08-28T16:19:59","date_gmt":"2025-08-28T13:19:59","guid":{"rendered":"https:\/\/roveyayinevi.com.tr\/index.php\/urun\/longevity-manifestosu\/"},"modified":"2026-04-12T03:31:17","modified_gmt":"2026-04-12T00:31:17","slug":"longevity-manifestosu","status":"publish","type":"product","link":"https:\/\/roveyayinevi.com.tr\/index.php\/urun\/longevity-manifestosu\/","title":{"rendered":"Longevity Manifestosu"},"content":{"rendered":"<p>LONGEVITY MAN\u0130FESTOSU YEN\u0130 D\u00dcNYA GER\u00c7EKL\u0130\u011e\u0130NDE D\u00d6N\u00dc\u015e\u00dcM D\u00fcnya De\u011fi\u015fiyor, Sen de De\u011fi\u015f   Ruh, Zihin ve Beden Dengesinin Algoritmas\u0131yla Yeni Bir Ya\u015fam Haritas\u0131   D\u00fcnya de\u011fi\u015fiyor. Ya\u015fam bi\u00e7imlerimiz, beklentilerimiz ve beden-ruh-zihin dengemiz yeni bir d\u00f6n\u00fc\u015f\u00fcm \u00e7a\u011f\u0131nda yeniden \u015fekilleniyor. Bu kitap, tam da bu d\u00f6n\u00fc\u015f\u00fcm\u00fcn merkezinde yer al\u0131yor.   Ruhsal sa\u011fl\u0131\u011f\u0131m\u0131z\u0131 korumak i\u00e7in hislerimizi bast\u0131rmak yerine duygular\u0131m\u0131zla y\u00fczle\u015fmek \u00e7ok \u00f6nemlidir. Kabul etmek, anlamak ve ifade etmek, asl\u0131nda ger\u00e7ek iyile\u015fmenin ilk ad\u0131m\u0131d\u0131r. Duygular\u0131m\u0131z\u0131 yok saymak, sadece ge\u00e7ici bir \u00e7\u00f6z\u00fcm sunar, ama bir g\u00fcn o bast\u0131r\u0131lm\u0131\u015f duygular birikerek daha b\u00fcy\u00fck bir y\u00fck haline gelir. T\u0131pk\u0131 bir barda\u011f\u0131n i\u00e7ine at\u0131lan her bir damla su gibi, bu k\u00fc\u00e7\u00fck duygusal y\u00fckler bir araya gelir. Sonunda, o bir damla daha, o kadar k\u00fc\u00e7\u00fck ve \u00f6nemsiz gibi g\u00f6r\u00fcnse de, barda\u011f\u0131 ta\u015f\u0131ran son damla oluverir.   \u0130\u015fte bu kitap, o barda\u011f\u0131 ta\u015f\u0131ran son damlaya gelmeden \u00f6nce i\u00e7sel dengeyi kurman\u0131n yollar\u0131n\u0131 sunuyor.   KKTC Bar\u0131\u015f Ruh ve Sinir Hastal\u0131klar\u0131 Hastanesi ile Girne Askeri Hastanesi Psikiyatri B\u00f6l\u00fcm\u00fcnde klinik alanda \u00f6nemli g\u00f6zlem ve deneyim f\u0131rsatlar\u0131 elde eden yazar Uzman Psikolog Ye\u015fim Hamurabi, farkl\u0131 tan\u0131larla bir\u00e7ok hastayla do\u011frudan temas kurarak psikolojik s\u00fcrecin pratik boyutunu yak\u0131ndan tan\u0131ma \u015fans\u0131 buldu. Yazar\u0131n deneyimleriyle \u015fekillenen bu kitap, bir\u00e7o\u011fumuzun duygular\u0131n\u0131 y\u00f6neterek mutlu olmas\u0131n\u0131 sa\u011flayacak \u00f6nemli ad\u0131mlarla dolu.<\/p>\n","protected":false},"excerpt":{"rendered":"<p>LONGEVITY MAN\u0130FESTOSU YEN\u0130 D\u00dcNYA GER\u00c7EKL\u0130\u011e\u0130NDE D\u00d6N\u00dc\u015e\u00dcM D\u00fcnya De\u011fi\u015fiyor, Sen de De\u011fi\u015f Ruh, Zihin ve Beden Dengesinin Algoritmas\u0131yla Yeni Bir Ya\u015fam Haritas\u0131 D\u00fcnya de\u011fi\u015fiyor. Ya\u015fam bi\u00e7imlerimiz, beklentilerimiz<span class=\"excerpt-hellip\"> [\u2026]<\/span><\/p>\n","protected":false},"featured_media":0,"template":"","meta":{"_monsterinsights_skip_tracking":false,"_monsterinsights_sitenote_active":false,"_monsterinsights_sitenote_note":"","_monsterinsights_sitenote_category":0},"product_brand":[],"product_cat":[12364,12376],"product_tag":[],"class_list":{"0":"post-773543","1":"product","2":"type-product","3":"status-publish","5":"product_cat-genel-konular","6":"product_cat-kisisel-gelisim","7":"pa_cilt-ciltsiz","8":"pa_tur-kitap","9":"pa_yayinevi-feniks-yayinlari","10":"pa_yazar-yesim-hamurabi","12":"first","13":"instock","14":"sale","15":"shipping-taxable","16":"purchasable","17":"product-type-simple"},"_links":{"self":[{"href":"https:\/\/roveyayinevi.com.tr\/index.php\/wp-json\/wp\/v2\/product\/773543","targetHints":{"allow":["GET"]}}],"collection":[{"href":"https:\/\/roveyayinevi.com.tr\/index.php\/wp-json\/wp\/v2\/product"}],"about":[{"href":"https:\/\/roveyayinevi.com.tr\/index.php\/wp-json\/wp\/v2\/types\/product"}],"wp:attachment":[{"href":"https:\/\/roveyayinevi.com.tr\/index.php\/wp-json\/wp\/v2\/media?parent=773543"}],"wp:term":[{"taxonomy":"product_brand","embeddable":true,"href":"https:\/\/roveyayinevi.com.tr\/index.php\/wp-json\/wp\/v2\/product_brand?post=773543"},{"taxonomy":"product_cat","embeddable":true,"href":"https:\/\/roveyayinevi.com.tr\/index.php\/wp-json\/wp\/v2\/product_cat?post=773543"},{"taxonomy":"product_tag","embeddable":true,"href":"https:\/\/roveyayinevi.com.tr\/index.php\/wp-json\/wp\/v2\/product_tag?post=773543"}],"curies":[{"name":"wp","href":"https:\/\/api.w.org\/{rel}","templated":true}]}}