{"id":773539,"date":"2025-08-28T16:19:50","date_gmt":"2025-08-28T13:19:50","guid":{"rendered":"https:\/\/roveyayinevi.com.tr\/index.php\/urun\/kapibara-parti-boyama-kitabi\/"},"modified":"2026-04-01T03:31:15","modified_gmt":"2026-04-01T00:31:15","slug":"kapibara-parti-boyama-kitabi","status":"publish","type":"product","link":"https:\/\/roveyayinevi.com.tr\/index.php\/urun\/kapibara-parti-boyama-kitabi\/","title":{"rendered":"Kapibara &#8211; Parti Boyama Kitab\u0131"},"content":{"rendered":"<p>Kapibara seni bekliyor!   Bug\u00fcn kutlama var \u00e7\u00fcnk\u00fc Kapibara&#8217;n\u0131n do\u011fum g\u00fcn\u00fc! Bu tatl\u0131 boyama kitab\u0131nda Kapibara\u2019yla birlikte hem boyayacak hem de sayfalar\u0131 \u00e7\u0131kartmalarla s\u00fcsleyeceksin! Renkli kalemlerini kap ve kutlamaya sen de kat\u0131l! \u00c7ok e\u011flenceli, \u00e7ok \u00e7\u0131kartmal\u0131, \u00e7ok KAP\u0130BARALI!   K\u0131r\u0131l\u0131m: K\u0130TAP\/\u00c7OCUK\/BOYAMA K\u0130TAPLARI <\/p>\n","protected":false},"excerpt":{"rendered":"<p>Kapibara seni bekliyor! Bug\u00fcn kutlama var \u00e7\u00fcnk\u00fc Kapibara&#8217;n\u0131n do\u011fum g\u00fcn\u00fc! Bu tatl\u0131 boyama kitab\u0131nda Kapibara\u2019yla birlikte hem boyayacak hem de sayfalar\u0131 \u00e7\u0131kartmalarla s\u00fcsleyeceksin! Renkli kalemlerini kap<span class=\"excerpt-hellip\"> [\u2026]<\/span><\/p>\n","protected":false},"featured_media":0,"template":"","meta":{"_monsterinsights_skip_tracking":false,"_monsterinsights_sitenote_active":false,"_monsterinsights_sitenote_note":"","_monsterinsights_sitenote_category":0},"product_brand":[],"product_cat":[12644,12274],"product_tag":[],"class_list":{"0":"post-773539","1":"product","2":"type-product","3":"status-publish","5":"product_cat-boyama-kitaplari","6":"product_cat-cocuk-ve-genclik-kitaplari","7":"pa_cilt-ciltsiz","8":"pa_tur-kitap","9":"pa_yayinevi-dogan-cocuk","10":"pa_yazar-kolektif","12":"first","13":"instock","14":"sale","15":"shipping-taxable","16":"purchasable","17":"product-type-simple"},"_links":{"self":[{"href":"https:\/\/roveyayinevi.com.tr\/index.php\/wp-json\/wp\/v2\/product\/773539","targetHints":{"allow":["GET"]}}],"collection":[{"href":"https:\/\/roveyayinevi.com.tr\/index.php\/wp-json\/wp\/v2\/product"}],"about":[{"href":"https:\/\/roveyayinevi.com.tr\/index.php\/wp-json\/wp\/v2\/types\/product"}],"wp:attachment":[{"href":"https:\/\/roveyayinevi.com.tr\/index.php\/wp-json\/wp\/v2\/media?parent=773539"}],"wp:term":[{"taxonomy":"product_brand","embeddable":true,"href":"https:\/\/roveyayinevi.com.tr\/index.php\/wp-json\/wp\/v2\/product_brand?post=773539"},{"taxonomy":"product_cat","embeddable":true,"href":"https:\/\/roveyayinevi.com.tr\/index.php\/wp-json\/wp\/v2\/product_cat?post=773539"},{"taxonomy":"product_tag","embeddable":true,"href":"https:\/\/roveyayinevi.com.tr\/index.php\/wp-json\/wp\/v2\/product_tag?post=773539"}],"curies":[{"name":"wp","href":"https:\/\/api.w.org\/{rel}","templated":true}]}}