{"id":773538,"date":"2025-08-28T16:19:48","date_gmt":"2025-08-28T13:19:48","guid":{"rendered":"https:\/\/roveyayinevi.com.tr\/index.php\/urun\/kapibara-muhtesem-boyama-kitabi\/"},"modified":"2026-04-15T03:39:49","modified_gmt":"2026-04-15T00:39:49","slug":"kapibara-muhtesem-boyama-kitabi","status":"publish","type":"product","link":"https:\/\/roveyayinevi.com.tr\/index.php\/urun\/kapibara-muhtesem-boyama-kitabi\/","title":{"rendered":"Kapibara &#8211; Muhte\u015fem Boyama Kitab\u0131"},"content":{"rendered":"<p>Bug\u00fcn olduk\u00e7a \u0131\u015f\u0131lt\u0131l\u0131 bir g\u00fcn \u00e7\u00fcnk\u00fc Kapibara tac\u0131n\u0131 takt\u0131! Bu tatl\u0131 boyama kitab\u0131nda Kapibara\u2019yla birlikte hem boyayacak hem de sayfalar\u0131 \u00e7\u0131kartmalarla s\u00fcsleyeceksin! Renkli kalemlerini kap ve bu \u0131\u015f\u0131lt\u0131l\u0131 d\u00fcnyaya sen de kat\u0131l! \u00c7ok e\u011flenceli, \u00e7ok \u00e7\u0131kartmal\u0131, \u00e7ok KAP\u0130BARALI!   K\u0131r\u0131l\u0131m: K\u0130TAP\/\u00c7OCUK\/BOYAMA K\u0130TAPLARI <\/p>\n","protected":false},"excerpt":{"rendered":"<p>Bug\u00fcn olduk\u00e7a \u0131\u015f\u0131lt\u0131l\u0131 bir g\u00fcn \u00e7\u00fcnk\u00fc Kapibara tac\u0131n\u0131 takt\u0131! Bu tatl\u0131 boyama kitab\u0131nda Kapibara\u2019yla birlikte hem boyayacak hem de sayfalar\u0131 \u00e7\u0131kartmalarla s\u00fcsleyeceksin! Renkli kalemlerini kap ve<span class=\"excerpt-hellip\"> [\u2026]<\/span><\/p>\n","protected":false},"featured_media":0,"template":"","meta":{"_monsterinsights_skip_tracking":false,"_monsterinsights_sitenote_active":false,"_monsterinsights_sitenote_note":"","_monsterinsights_sitenote_category":0},"product_brand":[],"product_cat":[12644,12274],"product_tag":[],"class_list":{"0":"post-773538","1":"product","2":"type-product","3":"status-publish","5":"product_cat-boyama-kitaplari","6":"product_cat-cocuk-ve-genclik-kitaplari","7":"pa_cilt-ciltsiz","8":"pa_tur-kitap","9":"pa_yayinevi-dogan-cocuk","10":"pa_yazar-kolektif","12":"first","13":"instock","14":"sale","15":"shipping-taxable","16":"purchasable","17":"product-type-simple"},"_links":{"self":[{"href":"https:\/\/roveyayinevi.com.tr\/index.php\/wp-json\/wp\/v2\/product\/773538","targetHints":{"allow":["GET"]}}],"collection":[{"href":"https:\/\/roveyayinevi.com.tr\/index.php\/wp-json\/wp\/v2\/product"}],"about":[{"href":"https:\/\/roveyayinevi.com.tr\/index.php\/wp-json\/wp\/v2\/types\/product"}],"wp:attachment":[{"href":"https:\/\/roveyayinevi.com.tr\/index.php\/wp-json\/wp\/v2\/media?parent=773538"}],"wp:term":[{"taxonomy":"product_brand","embeddable":true,"href":"https:\/\/roveyayinevi.com.tr\/index.php\/wp-json\/wp\/v2\/product_brand?post=773538"},{"taxonomy":"product_cat","embeddable":true,"href":"https:\/\/roveyayinevi.com.tr\/index.php\/wp-json\/wp\/v2\/product_cat?post=773538"},{"taxonomy":"product_tag","embeddable":true,"href":"https:\/\/roveyayinevi.com.tr\/index.php\/wp-json\/wp\/v2\/product_tag?post=773538"}],"curies":[{"name":"wp","href":"https:\/\/api.w.org\/{rel}","templated":true}]}}