{"id":773536,"date":"2025-08-28T16:19:43","date_gmt":"2025-08-28T13:19:43","guid":{"rendered":"https:\/\/roveyayinevi.com.tr\/index.php\/urun\/ari-sari-ve-sehrin-duvarlari\/"},"modified":"2026-04-15T03:39:49","modified_gmt":"2026-04-15T00:39:49","slug":"ari-sari-ve-sehrin-duvarlari","status":"publish","type":"product","link":"https:\/\/roveyayinevi.com.tr\/index.php\/urun\/ari-sari-ve-sehrin-duvarlari\/","title":{"rendered":"Ar\u0131 Sar\u0131 ve \u015eehrin Duvarlar\u0131"},"content":{"rendered":"<p>\u201cYerel ar\u0131lar, b\u00f6lgenin floras\u0131yla uyumlu olduklar\u0131 i\u00e7in, do\u011fal ekosistemlerde polinasyonu ve biyo\u00e7e\u015fitlili\u011fi destekler; bu sayede hem do\u011fan\u0131n dengesinin korunmas\u0131na hem de insan sa\u011fl\u0131\u011f\u0131 ve g\u0131da g\u00fcvenli\u011fine b\u00fcy\u00fck katk\u0131 sa\u011flarlar. \u00c7ocuklar\u0131n do\u011fayla yak\u0131nla\u015fmalar\u0131na imk\u00e2n tan\u0131yarak, k\u00fc\u00e7\u00fck ya\u015fta t\u00fcm canl\u0131larla ileti\u015fim kurabilmelerini sa\u011flamak; do\u011faya ve \u00e7evreye daha duyarl\u0131 bir neslin yeti\u015fmesine zemin haz\u0131rlar. Bu bilin\u00e7le yeti\u015fen gen\u00e7ler, bilgi ve yetilerini \u00e7evresel sorunlara \u00e7\u00f6z\u00fcm \u00fcretme do\u011frultusunda kullanabilecek; gelecekte \u00e7evre dostu liderler, yenilik\u00e7iler ya da toplumsal de\u011fi\u015fimin yarat\u0131c\u0131lar\u0131 olabileceklerdir.\u201d Ar\u0131 A\u015fk\u0131na!   6-8YA\u015e \u0130LKOKUMAK\u0130TAP <\/p>\n","protected":false},"excerpt":{"rendered":"<p>\u201cYerel ar\u0131lar, b\u00f6lgenin floras\u0131yla uyumlu olduklar\u0131 i\u00e7in, do\u011fal ekosistemlerde polinasyonu ve biyo\u00e7e\u015fitlili\u011fi destekler; bu sayede hem do\u011fan\u0131n dengesinin korunmas\u0131na hem de insan sa\u011fl\u0131\u011f\u0131 ve g\u0131da g\u00fcvenli\u011fine<span class=\"excerpt-hellip\"> [\u2026]<\/span><\/p>\n","protected":false},"featured_media":0,"template":"","meta":{"_monsterinsights_skip_tracking":false,"_monsterinsights_sitenote_active":false,"_monsterinsights_sitenote_note":"","_monsterinsights_sitenote_category":0},"product_brand":[],"product_cat":[12274,12284],"product_tag":[],"class_list":{"0":"post-773536","1":"product","2":"type-product","3":"status-publish","5":"product_cat-cocuk-ve-genclik-kitaplari","6":"product_cat-hikayeler","7":"pa_cilt-ciltsiz","8":"pa_tur-kitap","9":"pa_yayinevi-dogan-cocuk","10":"pa_yazar-sima-ozkan","12":"first","13":"instock","14":"sale","15":"shipping-taxable","16":"purchasable","17":"product-type-simple"},"_links":{"self":[{"href":"https:\/\/roveyayinevi.com.tr\/index.php\/wp-json\/wp\/v2\/product\/773536","targetHints":{"allow":["GET"]}}],"collection":[{"href":"https:\/\/roveyayinevi.com.tr\/index.php\/wp-json\/wp\/v2\/product"}],"about":[{"href":"https:\/\/roveyayinevi.com.tr\/index.php\/wp-json\/wp\/v2\/types\/product"}],"wp:attachment":[{"href":"https:\/\/roveyayinevi.com.tr\/index.php\/wp-json\/wp\/v2\/media?parent=773536"}],"wp:term":[{"taxonomy":"product_brand","embeddable":true,"href":"https:\/\/roveyayinevi.com.tr\/index.php\/wp-json\/wp\/v2\/product_brand?post=773536"},{"taxonomy":"product_cat","embeddable":true,"href":"https:\/\/roveyayinevi.com.tr\/index.php\/wp-json\/wp\/v2\/product_cat?post=773536"},{"taxonomy":"product_tag","embeddable":true,"href":"https:\/\/roveyayinevi.com.tr\/index.php\/wp-json\/wp\/v2\/product_tag?post=773536"}],"curies":[{"name":"wp","href":"https:\/\/api.w.org\/{rel}","templated":true}]}}