{"id":773535,"date":"2025-08-28T16:19:41","date_gmt":"2025-08-28T13:19:41","guid":{"rendered":"https:\/\/roveyayinevi.com.tr\/index.php\/urun\/biri-daha-var\/"},"modified":"2026-04-03T03:32:04","modified_gmt":"2026-04-03T00:32:04","slug":"biri-daha-var","status":"publish","type":"product","link":"https:\/\/roveyayinevi.com.tr\/index.php\/urun\/biri-daha-var\/","title":{"rendered":"Biri Daha Var"},"content":{"rendered":"<p>\u201cBir varm\u0131\u015f, bir yokmu\u015f\u2026\u201d diye ba\u015flar b\u00fct\u00fcn masallar. Ve ger\u00e7ekten de birileri varken birileri yoktur. Baz\u0131lar\u0131n\u0131n hik\u00e2yesi anlat\u0131l\u0131rken baz\u0131lar\u0131ndan hi\u00e7 s\u00f6z edilmez. Varsa yoksa ba\u015frol; \u00f6tekiler neler ya\u015fam\u0131\u015f, neler hissetmi\u015f hi\u00e7 s\u00f6ylenmez. Oysa arka plandakilerin, gizli kahramanlar\u0131n neler ya\u015fad\u0131\u011f\u0131n\u0131 ke\u015ffedip olaylara bir de onlar\u0131n g\u00f6z\u00fcnden bakmal\u0131. Mesela masalda sadece 7 c\u00fcce mi vard\u0131? Geppetto Usta&#8217;n\u0131n, bir o\u011fuldan ba\u015fka iste\u011fi yok muydu? \u00c7iftlikteki tavuklar alt\u0131n yumurtlayamad\u0131klar\u0131 i\u00e7in ne hissetmi\u015flerdi? Rapunzel masal\u0131nda \u201coradan ge\u00e7en bir prens\u201din neden ad\u0131 san\u0131 yok? Peki K\u0131rk Haramilerin k\u0131rk\u0131 da k\u00f6t\u00fc m\u00fcyd\u00fc? Usta yazar \u015eermin Ya\u015far, &#8220;Biri Daha Var&#8221; diyerek masallar\u0131n g\u00f6r\u00fcnmeyen kahramanlar\u0131n\u0131 anlat\u0131yor; okuru s\u00f6ylenmeyeni merak etmeye, d\u00fc\u015f\u00fcn\u00fclmeyeni d\u00fc\u015f\u00fcnmeye ve d\u00fcnyay\u0131 her y\u00f6n\u00fcyle g\u00f6rmeye davet ediyor\u2026   8-12YA\u015e H\u0130K\u00c2YE-ROMAN <\/p>\n","protected":false},"excerpt":{"rendered":"<p>\u201cBir varm\u0131\u015f, bir yokmu\u015f\u2026\u201d diye ba\u015flar b\u00fct\u00fcn masallar. Ve ger\u00e7ekten de birileri varken birileri yoktur. Baz\u0131lar\u0131n\u0131n hik\u00e2yesi anlat\u0131l\u0131rken baz\u0131lar\u0131ndan hi\u00e7 s\u00f6z edilmez. Varsa yoksa ba\u015frol; \u00f6tekiler<span class=\"excerpt-hellip\"> [\u2026]<\/span><\/p>\n","protected":false},"featured_media":0,"template":"","meta":{"_monsterinsights_skip_tracking":false,"_monsterinsights_sitenote_active":false,"_monsterinsights_sitenote_note":"","_monsterinsights_sitenote_category":0},"product_brand":[],"product_cat":[12274,12284],"product_tag":[],"class_list":{"0":"post-773535","1":"product","2":"type-product","3":"status-publish","5":"product_cat-cocuk-ve-genclik-kitaplari","6":"product_cat-hikayeler","7":"pa_cilt-ciltsiz","8":"pa_tur-kitap","9":"pa_yayinevi-dogan-cocuk","10":"pa_yazar-sermin-yasar","12":"first","13":"instock","14":"sale","15":"shipping-taxable","16":"purchasable","17":"product-type-simple"},"_links":{"self":[{"href":"https:\/\/roveyayinevi.com.tr\/index.php\/wp-json\/wp\/v2\/product\/773535","targetHints":{"allow":["GET"]}}],"collection":[{"href":"https:\/\/roveyayinevi.com.tr\/index.php\/wp-json\/wp\/v2\/product"}],"about":[{"href":"https:\/\/roveyayinevi.com.tr\/index.php\/wp-json\/wp\/v2\/types\/product"}],"wp:attachment":[{"href":"https:\/\/roveyayinevi.com.tr\/index.php\/wp-json\/wp\/v2\/media?parent=773535"}],"wp:term":[{"taxonomy":"product_brand","embeddable":true,"href":"https:\/\/roveyayinevi.com.tr\/index.php\/wp-json\/wp\/v2\/product_brand?post=773535"},{"taxonomy":"product_cat","embeddable":true,"href":"https:\/\/roveyayinevi.com.tr\/index.php\/wp-json\/wp\/v2\/product_cat?post=773535"},{"taxonomy":"product_tag","embeddable":true,"href":"https:\/\/roveyayinevi.com.tr\/index.php\/wp-json\/wp\/v2\/product_tag?post=773535"}],"curies":[{"name":"wp","href":"https:\/\/api.w.org\/{rel}","templated":true}]}}