{"id":773534,"date":"2025-08-28T16:19:38","date_gmt":"2025-08-28T13:19:38","guid":{"rendered":"https:\/\/roveyayinevi.com.tr\/index.php\/urun\/babasinin-kizlari\/"},"modified":"2026-04-15T03:39:49","modified_gmt":"2026-04-15T00:39:49","slug":"babasinin-kizlari","status":"publish","type":"product","link":"https:\/\/roveyayinevi.com.tr\/index.php\/urun\/babasinin-kizlari\/","title":{"rendered":"Babas\u0131n\u0131n K\u0131zlar\u0131"},"content":{"rendered":"<p>Bir kad\u0131n\u0131n sustu\u011fu yerden ba\u015fl\u0131yor hik\u00e2ye. Sessizli\u011fin i\u00e7inde saklanan bir \u00f6m\u00fcr, a\u011f\u0131tlar\u0131n aras\u0131nda yank\u0131lanan ge\u00e7mi\u015f\u2026 Halide, y\u0131llar boyunca i\u00e7ine att\u0131\u011f\u0131 ac\u0131lar\u0131n a\u011f\u0131rl\u0131\u011f\u0131na daha fazla dayanamad\u0131\u011f\u0131nda, hik\u00e2yesini payla\u015fmak ve gelecek nesillere miras b\u0131rakmak ister. Bir \u00f6mr\u00fcn y\u00fck\u00fcyle yo\u011frulmu\u015f sessizli\u011fi art\u0131k ta\u015f\u0131namaz hale gelmi\u015ftir. \u00c7\u00fcnk\u00fc baz\u0131 ac\u0131lar, anlat\u0131lmad\u0131\u011f\u0131nda hem sahibini hem de ard\u0131nda kalanlar\u0131 yaralar. Babas\u0131n\u0131n K\u0131zlar\u0131, G\u00fcneydo\u011fu Anadolu\u2019da t\u00f6renin \u00e7\u0131kmaza soktu\u011fu hayatlar\u0131, geni\u015f aile ve akrabal\u0131k ili\u015fkilerini, travmalar\u0131, ac\u0131lar\u0131, m\u00fccadeleci kad\u0131nlar\u0131 merkezine alan; bir ailenin tarihini, toplumsal ve k\u00fclt\u00fcrel de\u011ferlerle yo\u011furan bir anlat\u0131. <\/p>\n","protected":false},"excerpt":{"rendered":"<p>Bir kad\u0131n\u0131n sustu\u011fu yerden ba\u015fl\u0131yor hik\u00e2ye. Sessizli\u011fin i\u00e7inde saklanan bir \u00f6m\u00fcr, a\u011f\u0131tlar\u0131n aras\u0131nda yank\u0131lanan ge\u00e7mi\u015f\u2026 Halide, y\u0131llar boyunca i\u00e7ine att\u0131\u011f\u0131 ac\u0131lar\u0131n a\u011f\u0131rl\u0131\u011f\u0131na daha fazla dayanamad\u0131\u011f\u0131nda, hik\u00e2yesini<span class=\"excerpt-hellip\"> [\u2026]<\/span><\/p>\n","protected":false},"featured_media":0,"template":"","meta":{"_monsterinsights_skip_tracking":false,"_monsterinsights_sitenote_active":false,"_monsterinsights_sitenote_note":"","_monsterinsights_sitenote_category":0},"product_brand":[],"product_cat":[13701,12291],"product_tag":[],"class_list":{"0":"post-773534","1":"product","2":"type-product","3":"status-publish","5":"product_cat-ani-mektup-gunluk","6":"product_cat-edebiyat","7":"pa_cilt-ciltsiz","8":"pa_tur-kitap","9":"pa_yayinevi-dogan-solibri-yayinlari","10":"pa_yazar-fatma-celik","12":"first","13":"instock","14":"sale","15":"shipping-taxable","16":"purchasable","17":"product-type-simple"},"_links":{"self":[{"href":"https:\/\/roveyayinevi.com.tr\/index.php\/wp-json\/wp\/v2\/product\/773534","targetHints":{"allow":["GET"]}}],"collection":[{"href":"https:\/\/roveyayinevi.com.tr\/index.php\/wp-json\/wp\/v2\/product"}],"about":[{"href":"https:\/\/roveyayinevi.com.tr\/index.php\/wp-json\/wp\/v2\/types\/product"}],"wp:attachment":[{"href":"https:\/\/roveyayinevi.com.tr\/index.php\/wp-json\/wp\/v2\/media?parent=773534"}],"wp:term":[{"taxonomy":"product_brand","embeddable":true,"href":"https:\/\/roveyayinevi.com.tr\/index.php\/wp-json\/wp\/v2\/product_brand?post=773534"},{"taxonomy":"product_cat","embeddable":true,"href":"https:\/\/roveyayinevi.com.tr\/index.php\/wp-json\/wp\/v2\/product_cat?post=773534"},{"taxonomy":"product_tag","embeddable":true,"href":"https:\/\/roveyayinevi.com.tr\/index.php\/wp-json\/wp\/v2\/product_tag?post=773534"}],"curies":[{"name":"wp","href":"https:\/\/api.w.org\/{rel}","templated":true}]}}