{"id":773532,"date":"2025-08-28T16:19:34","date_gmt":"2025-08-28T13:19:34","guid":{"rendered":"https:\/\/roveyayinevi.com.tr\/index.php\/urun\/kes-ve-yapistir-araclar\/"},"modified":"2026-04-15T03:39:49","modified_gmt":"2026-04-15T00:39:49","slug":"kes-ve-yapistir-araclar","status":"publish","type":"product","link":"https:\/\/roveyayinevi.com.tr\/index.php\/urun\/kes-ve-yapistir-araclar\/","title":{"rendered":"Kes ve Yap\u0131\u015ft\u0131r Ara\u00e7lar"},"content":{"rendered":"<p>E\u011flenceyi ke\u015ffet: Kes, yap\u0131\u015ft\u0131r! Bu ilgi \u00e7ekici kitapta, kaz\u0131c\u0131lar ve damperli kamyonlardan, denizalt\u0131lara ve kar motosikletlerine kadar k\u00fc\u00e7\u00fck \u00e7ocuklar\u0131n yapabilece\u011fi pek \u00e7ok ara\u00e7 resmi var. \u0130htiyac\u0131n olan tek \u015fey makas ve yap\u0131\u015ft\u0131r\u0131c\u0131! Dikkat, el-g\u00f6z koordinasyonu, g\u00f6rsel alg\u0131 ve motor becerilerin geli\u015fimine katk\u0131 sa\u011flayacak olan bu kitab\u0131, \u00e7ocuklar ellerinden d\u00fc\u015f\u00fcrmeyecek. <\/p>\n","protected":false},"excerpt":{"rendered":"<p>E\u011flenceyi ke\u015ffet: Kes, yap\u0131\u015ft\u0131r! Bu ilgi \u00e7ekici kitapta, kaz\u0131c\u0131lar ve damperli kamyonlardan, denizalt\u0131lara ve kar motosikletlerine kadar k\u00fc\u00e7\u00fck \u00e7ocuklar\u0131n yapabilece\u011fi pek \u00e7ok ara\u00e7 resmi var. \u0130htiyac\u0131n<span class=\"excerpt-hellip\"> [\u2026]<\/span><\/p>\n","protected":false},"featured_media":0,"template":"","meta":{"_monsterinsights_skip_tracking":false,"_monsterinsights_sitenote_active":false,"_monsterinsights_sitenote_note":"","_monsterinsights_sitenote_category":0},"product_brand":[],"product_cat":[12274,15842],"product_tag":[],"class_list":{"0":"post-773532","1":"product","2":"type-product","3":"status-publish","5":"product_cat-cocuk-ve-genclik-kitaplari","6":"product_cat-egitici-kitaplar","7":"pa_cilt-ciltsiz","8":"pa_tur-kitap","9":"pa_yayinevi-1001-cicek-kitaplar","10":"pa_yazar-jessica-greenwell","12":"first","13":"instock","14":"sale","15":"shipping-taxable","16":"purchasable","17":"product-type-simple"},"_links":{"self":[{"href":"https:\/\/roveyayinevi.com.tr\/index.php\/wp-json\/wp\/v2\/product\/773532","targetHints":{"allow":["GET"]}}],"collection":[{"href":"https:\/\/roveyayinevi.com.tr\/index.php\/wp-json\/wp\/v2\/product"}],"about":[{"href":"https:\/\/roveyayinevi.com.tr\/index.php\/wp-json\/wp\/v2\/types\/product"}],"wp:attachment":[{"href":"https:\/\/roveyayinevi.com.tr\/index.php\/wp-json\/wp\/v2\/media?parent=773532"}],"wp:term":[{"taxonomy":"product_brand","embeddable":true,"href":"https:\/\/roveyayinevi.com.tr\/index.php\/wp-json\/wp\/v2\/product_brand?post=773532"},{"taxonomy":"product_cat","embeddable":true,"href":"https:\/\/roveyayinevi.com.tr\/index.php\/wp-json\/wp\/v2\/product_cat?post=773532"},{"taxonomy":"product_tag","embeddable":true,"href":"https:\/\/roveyayinevi.com.tr\/index.php\/wp-json\/wp\/v2\/product_tag?post=773532"}],"curies":[{"name":"wp","href":"https:\/\/api.w.org\/{rel}","templated":true}]}}