{"id":773531,"date":"2025-08-28T16:19:33","date_gmt":"2025-08-28T13:19:33","guid":{"rendered":"https:\/\/roveyayinevi.com.tr\/index.php\/urun\/trend-takipciligi\/"},"modified":"2026-04-15T03:39:49","modified_gmt":"2026-04-15T00:39:49","slug":"trend-takipciligi","status":"publish","type":"product","link":"https:\/\/roveyayinevi.com.tr\/index.php\/urun\/trend-takipciligi\/","title":{"rendered":"Trend Takip\u00e7ili\u011fi"},"content":{"rendered":"<p>\u201cFinans\u201d, \u201cEkonomi\u201d, \u201cTicaret\u201d ve \u201cTrend\u201d konular\u0131nda \u00fclkemizde yay\u0131mlanan en \u00f6nemli ba\u015fvuru kaynaklar\u0131ndan biridir \u201cTrend Takip\u00e7ili\u011fi\u201d Finansal piyasalarda ba\u015far\u0131 i\u00e7in en \u00f6nemli unsur trendleri do\u011fru \u015fekilde tan\u0131mak ve takip etmektir. Ancak bu, g\u00f6r\u00fcnd\u00fc\u011f\u00fc kadar basit de\u011fildir. \u201cTrend Takip\u00e7ili\u011fi; Trend Takibinin Esaslar\u0131 ve T\u00fcrk Piyasalar\u0131na G\u00f6re Yeniden G\u00f6zden Ge\u00e7irilmi\u015f Takip Stratejileri\u201d, klasik teknik analiz kal\u0131plar\u0131n\u0131n \u00f6tesine ge\u00e7erek, T\u00fcrkiye&#8217;nin volatil ve manip\u00fclasyona a\u00e7\u0131k piyasalar\u0131nda uygulanabilecek \u00f6zel stratejiler sunuyor. Yazar Ferhat Uygungider, sade dili ve ger\u00e7ek piyasa \u00f6rnekleriyle okuyucuyu trend takibinin temellerinden ba\u015flayarak, teknik g\u00f6stergeler ve T\u00fcrkiye\u2019ye \u00f6zg\u00fc stratejik yakla\u015f\u0131mlarla donat\u0131yor. Kitap yaln\u0131zca teorik bilgi sunmakla kalm\u0131yor; manip\u00fclatif hareketler, s\u0131\u011f piyasa yap\u0131s\u0131 ve ani hacim patlamalar\u0131 gibi yerel problemleri dikkate alarak, pratik ve uygulanabilir y\u00f6ntemler sunu- yor. \u00dcstelik T\u00fcrkiye\u2019nin \u00f6nde gelen finans uzmanlar\u0131yla yap\u0131lan r\u00f6portajlar sayesinde; yat\u0131r\u0131mc\u0131 davran\u0131\u015flar\u0131, trendlerin s\u00fcrd\u00fcr\u00fclebilirli\u011fi ve yapay zek\u00e2 gibi konularda da geni\u015f bir bak\u0131\u015f a\u00e7\u0131s\u0131 sa\u011fl\u0131yor. \u0130ster yeni ba\u015flayan bir yat\u0131r\u0131mc\u0131 olun, ister deneyimli bir trader; \u201cTrend Takip\u00e7ili\u011fi\u201d, T\u00fcrkiye piyasalar\u0131nda trend yakalaman\u0131n inceliklerini ke\u015ffetmeniz i\u00e7in yaz\u0131ld\u0131. <\/p>\n","protected":false},"excerpt":{"rendered":"<p>\u201cFinans\u201d, \u201cEkonomi\u201d, \u201cTicaret\u201d ve \u201cTrend\u201d konular\u0131nda \u00fclkemizde yay\u0131mlanan en \u00f6nemli ba\u015fvuru kaynaklar\u0131ndan biridir \u201cTrend Takip\u00e7ili\u011fi\u201d Finansal piyasalarda ba\u015far\u0131 i\u00e7in en \u00f6nemli unsur trendleri do\u011fru \u015fekilde tan\u0131mak<span class=\"excerpt-hellip\"> [\u2026]<\/span><\/p>\n","protected":false},"featured_media":0,"template":"","meta":{"_monsterinsights_skip_tracking":false,"_monsterinsights_sitenote_active":false,"_monsterinsights_sitenote_note":"","_monsterinsights_sitenote_category":0},"product_brand":[],"product_cat":[17249,13043],"product_tag":[],"class_list":{"0":"post-773531","1":"product","2":"type-product","3":"status-publish","5":"product_cat-borsa-finans","6":"product_cat-ekonomi","7":"pa_cilt-ciltsiz","8":"pa_tur-kitap","9":"pa_yayinevi-myrina-yayinlari","10":"pa_yazar-ferhat-uygungider","12":"first","13":"instock","14":"sale","15":"shipping-taxable","16":"purchasable","17":"product-type-simple"},"_links":{"self":[{"href":"https:\/\/roveyayinevi.com.tr\/index.php\/wp-json\/wp\/v2\/product\/773531","targetHints":{"allow":["GET"]}}],"collection":[{"href":"https:\/\/roveyayinevi.com.tr\/index.php\/wp-json\/wp\/v2\/product"}],"about":[{"href":"https:\/\/roveyayinevi.com.tr\/index.php\/wp-json\/wp\/v2\/types\/product"}],"wp:attachment":[{"href":"https:\/\/roveyayinevi.com.tr\/index.php\/wp-json\/wp\/v2\/media?parent=773531"}],"wp:term":[{"taxonomy":"product_brand","embeddable":true,"href":"https:\/\/roveyayinevi.com.tr\/index.php\/wp-json\/wp\/v2\/product_brand?post=773531"},{"taxonomy":"product_cat","embeddable":true,"href":"https:\/\/roveyayinevi.com.tr\/index.php\/wp-json\/wp\/v2\/product_cat?post=773531"},{"taxonomy":"product_tag","embeddable":true,"href":"https:\/\/roveyayinevi.com.tr\/index.php\/wp-json\/wp\/v2\/product_tag?post=773531"}],"curies":[{"name":"wp","href":"https:\/\/api.w.org\/{rel}","templated":true}]}}