{"id":773529,"date":"2025-08-28T16:19:29","date_gmt":"2025-08-28T13:19:29","guid":{"rendered":"https:\/\/roveyayinevi.com.tr\/index.php\/urun\/karanliktaki-aydinlik\/"},"modified":"2026-04-15T03:39:49","modified_gmt":"2026-04-15T00:39:49","slug":"karanliktaki-aydinlik","status":"publish","type":"product","link":"https:\/\/roveyayinevi.com.tr\/index.php\/urun\/karanliktaki-aydinlik\/","title":{"rendered":"Karanl\u0131ktaki Ayd\u0131nl\u0131k"},"content":{"rendered":"<p>Gloria E. Anzald\u00faa, bug\u00fcn kendisini t\u00fcm karanl\u0131\u011f\u0131yla dayatan \u201cba\u015fka bir ya\u015fam m\u00fcmk\u00fcn m\u00fcd\u00fcr?\u201d sorusunu g\u00f6rmezden gelemeyenlere b\u00fct\u00fcn modern kabullerin \u00f6tesinden, spirit\u00fcelli\u011fin diyar\u0131ndan seslenir: Bu karanl\u0131\u011f\u0131n i\u00e7indeki ayd\u0131nl\u0131k kendisini, hen\u00fcz bilginin nesnesi olmam\u0131\u015f, kimliklerin kal\u0131plar\u0131na sokulmam\u0131\u015f, kendi s\u0131n\u0131rlar\u0131n\u0131 a\u015fmaktan \u00e7ekinmeyen bir deneyimin pe\u015finden gitme cesareti g\u00f6sterenlere a\u00e7acak. Anzald\u00faa, Karanl\u0131ktaki Ayd\u0131nl\u0131k\u2019ta benli\u011fin, denizlerin ak\u0131nt\u0131s\u0131nda, a\u011fa\u00e7lar\u0131n k\u0131vr\u0131mlar\u0131nda, mitlerin d\u00f6ng\u00fclerinde ve rit\u00fcellerin ritimlerinde eriyip gitti\u011fi; t\u00fcm bile\u015fenlerinin ili\u015fkisel bir \u015fekilde var olabilece\u011fi bir d\u00fcnya tahayy\u00fcl\u00fc sunar. Onun \u201cspirit\u00fcel aktivizm\u201d ad\u0131n\u0131 verdi\u011fi politika bi\u00e7iminin insan merkezcili\u011fi a\u015fma stratejisi tam olarak budur. Queer teoriyi, Chicana feminist bak\u0131\u015f\u0131 ve yerli di\u015fil bilgeli\u011fi de i\u00e7eren bu strateji verili kimliklerin, ikili cinsiyet rejiminin ve toplumsal g\u00fc\u00e7lerin arenas\u0131 haline gelmi\u015f bedenin \u00e7atlaklar\u0131ndan s\u0131zan \u00f6zg\u00fcrle\u015fme potansiyelini de sars\u0131c\u0131 bir \u015fekilde g\u00f6sterir. Karanl\u0131ktaki Ayd\u0131nl\u0131k, Anzald\u00faa\u2019n\u0131n s\u0131n\u0131r durumlar\u0131n\u0131, par\u00e7al\u0131l\u0131\u011f\u0131 ve \u00e7o\u011fullu\u011fu dile getirmek i\u00e7in \u015fiirsel bir dille kurdu\u011fu kavramsal miras\u0131n\u0131n en yetkin metinlerini bir araya getiriyor. Saf teori tutkunlar\u0131n\u0131 sarsacak bu metin bizlere, yeni ya\u015fam tarzlar\u0131 ke\u015ffetmenin yolunun s\u0131n\u0131rlar\u0131 silmekten de\u011fil, onlar\u0131 d\u00f6n\u00fc\u015ft\u00fcrmekten ge\u00e7ti\u011fini \u00f6\u011fretiyor. <\/p>\n","protected":false},"excerpt":{"rendered":"<p>Gloria E. Anzald\u00faa, bug\u00fcn kendisini t\u00fcm karanl\u0131\u011f\u0131yla dayatan \u201cba\u015fka bir ya\u015fam m\u00fcmk\u00fcn m\u00fcd\u00fcr?\u201d sorusunu g\u00f6rmezden gelemeyenlere b\u00fct\u00fcn modern kabullerin \u00f6tesinden, spirit\u00fcelli\u011fin diyar\u0131ndan seslenir: Bu karanl\u0131\u011f\u0131n i\u00e7indeki<span class=\"excerpt-hellip\"> [\u2026]<\/span><\/p>\n","protected":false},"featured_media":0,"template":"","meta":{"_monsterinsights_skip_tracking":false,"_monsterinsights_sitenote_active":false,"_monsterinsights_sitenote_note":"","_monsterinsights_sitenote_category":0},"product_brand":[],"product_cat":[20351,12388],"product_tag":[],"class_list":{"0":"post-773529","1":"product","2":"type-product","3":"status-publish","5":"product_cat-dusunce","6":"product_cat-felsefe","7":"pa_cilt-ciltsiz","8":"pa_tur-kitap","9":"pa_yayinevi-livera-yayinevi","10":"pa_yazar-gloria-e-anzaldua","12":"first","13":"instock","14":"sale","15":"shipping-taxable","16":"purchasable","17":"product-type-simple"},"_links":{"self":[{"href":"https:\/\/roveyayinevi.com.tr\/index.php\/wp-json\/wp\/v2\/product\/773529","targetHints":{"allow":["GET"]}}],"collection":[{"href":"https:\/\/roveyayinevi.com.tr\/index.php\/wp-json\/wp\/v2\/product"}],"about":[{"href":"https:\/\/roveyayinevi.com.tr\/index.php\/wp-json\/wp\/v2\/types\/product"}],"wp:attachment":[{"href":"https:\/\/roveyayinevi.com.tr\/index.php\/wp-json\/wp\/v2\/media?parent=773529"}],"wp:term":[{"taxonomy":"product_brand","embeddable":true,"href":"https:\/\/roveyayinevi.com.tr\/index.php\/wp-json\/wp\/v2\/product_brand?post=773529"},{"taxonomy":"product_cat","embeddable":true,"href":"https:\/\/roveyayinevi.com.tr\/index.php\/wp-json\/wp\/v2\/product_cat?post=773529"},{"taxonomy":"product_tag","embeddable":true,"href":"https:\/\/roveyayinevi.com.tr\/index.php\/wp-json\/wp\/v2\/product_tag?post=773529"}],"curies":[{"name":"wp","href":"https:\/\/api.w.org\/{rel}","templated":true}]}}