{"id":773528,"date":"2025-08-28T16:19:27","date_gmt":"2025-08-28T13:19:27","guid":{"rendered":"https:\/\/roveyayinevi.com.tr\/index.php\/urun\/cagdas-turkiyenin-ustasi-mustafa-kemal-ataturk\/"},"modified":"2026-04-15T03:39:49","modified_gmt":"2026-04-15T00:39:49","slug":"cagdas-turkiyenin-ustasi-mustafa-kemal-ataturk","status":"publish","type":"product","link":"https:\/\/roveyayinevi.com.tr\/index.php\/urun\/cagdas-turkiyenin-ustasi-mustafa-kemal-ataturk\/","title":{"rendered":"\u00c7a\u011fda\u015f T\u00fcrkiye&#8217;nin Ustas\u0131 Mustafa Kemal Atat\u00fcrk"},"content":{"rendered":"<p>Ayd\u0131nlanma felsefesinin \u00f6z \u00e7ocu\u011fu olan Mustafa Kemal\u2019in ad\u0131m ad\u0131m \u201cDevrim Ustas\u0131 Atat\u00fcrk\u201de d\u00f6n\u00fc\u015fme g\u00fcncesi\u2026 Ceyhun Atuf Kansu\u2019nun daha \u00f6nce yay\u0131mlanmam\u0131\u015f yaz\u0131lar\u0131ndan olu\u015fan bu se\u00e7ki, T\u00fcrk Devrimi\u2019nin \u00fclk\u00fcs\u00fcn\u00fcn bir uygarl\u0131k de\u011fi\u015fimi oldu\u011funu g\u00f6zler \u00f6n\u00fcne seriyor. Mustafa Kemal Atat\u00fcrk\u2019\u00fcn unutturulmak istenen devrimci y\u00f6n\u00fcne bak\u0131yor, devrimcinin g\u00f6revinin \u00f6nce kendi ulusu ad\u0131na tam ba\u011f\u0131ms\u0131zl\u0131\u011f\u0131 sa\u011flamak ve korumak oldu\u011funu vurguluyor. \u0130lericili\u011fin do\u011fan\u0131n, toplumun ve bilincin i\u015fleyi\u015f yasalar\u0131n\u0131 bilmek ve zamana ayak uydurarak insan\u0131n geli\u015fimine katk\u0131 vermek oldu\u011funu gen\u00e7 ya\u015f\u0131nda kavrayan Atat\u00fcrk, \u201cyurt, halk ve ulus\u201d kavramlar\u0131n\u0131 devrimci bir potada eritmi\u015ftir. T\u00fcm ezilen toplumlar\u0131n umutlar\u0131n\u0131 filizlendiren bir b\u00fcy\u00fck de\u011fi\u015fime imza atarken kendi \u00fclkesini de orta\u00e7a\u011fdan kurtaracak devrimlere tam ba\u011f\u0131ms\u0131zl\u0131\u011f\u0131 koruyarak kavu\u015fturmu\u015ftur. \u201cAtat\u00fcrk, bir uygarl\u0131k de\u011fi\u015fimi \u00f6ne s\u00fcrmektedir. Atat\u00fcrk T\u00fcrkiyesi, gelece\u011fe giden yolda, bir kurtulu\u015f sava\u015f\u0131, bir devrim, bir ulus ve bir insanl\u0131k ustas\u0131n\u0131n ard\u0131ndan; umudun, ilerlemenin, halk\u0131n, devrimin, bar\u0131\u015f\u0131n ve ezilmi\u015f uluslar i\u00e7in yak\u0131lm\u0131\u015f o ilk ate\u015fin, ulusal tam ba\u011f\u0131ms\u0131zl\u0131k ate\u015finin yand\u0131\u011f\u0131 da\u011f ba\u015f\u0131na y\u00fcr\u00fcyecektir. Mustafa Kemal Atat\u00fcrk, durmadan \u00e7a\u011f\u0131rmaktad\u0131r ve onun sesine ko\u015fanlar durmadan \u00e7o\u011falmaktad\u0131r: Gelecek onlar\u0131nd\u0131r.\u201d <\/p>\n","protected":false},"excerpt":{"rendered":"<p>Ayd\u0131nlanma felsefesinin \u00f6z \u00e7ocu\u011fu olan Mustafa Kemal\u2019in ad\u0131m ad\u0131m \u201cDevrim Ustas\u0131 Atat\u00fcrk\u201de d\u00f6n\u00fc\u015fme g\u00fcncesi\u2026 Ceyhun Atuf Kansu\u2019nun daha \u00f6nce yay\u0131mlanmam\u0131\u015f yaz\u0131lar\u0131ndan olu\u015fan bu se\u00e7ki, T\u00fcrk Devrimi\u2019nin<span class=\"excerpt-hellip\"> [\u2026]<\/span><\/p>\n","protected":false},"featured_media":0,"template":"","meta":{"_monsterinsights_skip_tracking":false,"_monsterinsights_sitenote_active":false,"_monsterinsights_sitenote_note":"","_monsterinsights_sitenote_category":0},"product_brand":[],"product_cat":[12530,12304],"product_tag":[],"class_list":{"0":"post-773528","1":"product","2":"type-product","3":"status-publish","5":"product_cat-mustafa-kemal-ataturk","6":"product_cat-tarih","7":"pa_cilt-ciltsiz","8":"pa_tur-kitap","9":"pa_yayinevi-cumhuriyet-kitaplari","10":"pa_yazar-ceyhun-atuf-kansu","12":"first","13":"instock","14":"sale","15":"shipping-taxable","16":"purchasable","17":"product-type-simple"},"_links":{"self":[{"href":"https:\/\/roveyayinevi.com.tr\/index.php\/wp-json\/wp\/v2\/product\/773528","targetHints":{"allow":["GET"]}}],"collection":[{"href":"https:\/\/roveyayinevi.com.tr\/index.php\/wp-json\/wp\/v2\/product"}],"about":[{"href":"https:\/\/roveyayinevi.com.tr\/index.php\/wp-json\/wp\/v2\/types\/product"}],"wp:attachment":[{"href":"https:\/\/roveyayinevi.com.tr\/index.php\/wp-json\/wp\/v2\/media?parent=773528"}],"wp:term":[{"taxonomy":"product_brand","embeddable":true,"href":"https:\/\/roveyayinevi.com.tr\/index.php\/wp-json\/wp\/v2\/product_brand?post=773528"},{"taxonomy":"product_cat","embeddable":true,"href":"https:\/\/roveyayinevi.com.tr\/index.php\/wp-json\/wp\/v2\/product_cat?post=773528"},{"taxonomy":"product_tag","embeddable":true,"href":"https:\/\/roveyayinevi.com.tr\/index.php\/wp-json\/wp\/v2\/product_tag?post=773528"}],"curies":[{"name":"wp","href":"https:\/\/api.w.org\/{rel}","templated":true}]}}