{"id":773527,"date":"2025-08-28T16:19:26","date_gmt":"2025-08-28T13:19:26","guid":{"rendered":"https:\/\/roveyayinevi.com.tr\/index.php\/urun\/isin-psikolojisi\/"},"modified":"2026-04-08T03:36:38","modified_gmt":"2026-04-08T00:36:38","slug":"isin-psikolojisi","status":"publish","type":"product","link":"https:\/\/roveyayinevi.com.tr\/index.php\/urun\/isin-psikolojisi\/","title":{"rendered":"\u0130\u015fin Psikolojisi"},"content":{"rendered":"<p>&#8220;Modern i\u015f hayat\u0131: Stresin, belirsizli\u011fin ve beklentilerin sarmal\u0131nda&#8221;, &#8220;Ger\u00e7ekten ne yap\u0131yoruz?&#8221;, &#8220;Kim i\u00e7in, ne u\u011fruna \u00e7al\u0131\u015f\u0131yoruz?&#8221; ve &#8220;Geceleri huzurla uyuyabiliyor muyuz?&#8221; sorular\u0131 zihinleri me\u015fgul ediyor.Uzman \u0130\u015f ve \u00d6rg\u00fct Psikolo\u011fu Nil Madi, &#8220;\u0130\u015fin Psikolojisi&#8221; ile bu kritik sorulara cevap arayanlara yol g\u00f6steriyor. Y\u0131llara dayanan deneyim ve uzmanl\u0131kla kaleme al\u0131nan bu eser, okuyucuyu sadece d\u0131\u015fsal ba\u015far\u0131ya de\u011fil; i\u00e7sel dengeye, anlam aray\u0131\u015f\u0131na ve psikolojik dayan\u0131kl\u0131l\u0131\u011fa odaklanmaya davet ediyor.Nil Madi, kariyer planlamas\u0131ndan ki\u015filik analizine, i\u015f yerindeki g\u00f6r\u00fcnmez psikolojik dinamiklerden toksik davran\u0131\u015flara kadar geni\u015f bir yelpazede, hem gen\u00e7 profesyonellere hem de deneyimli \u00e7al\u0131\u015fanlara rehberlik ediyor. Ger\u00e7ek\u00e7i \u00f6rnekler ve \u00e7\u00f6z\u00fcm odakl\u0131 \u00f6nerilerle dolu bu kitap, i\u015f ya\u015fam\u0131n\u0131n karma\u015fas\u0131nda y\u00f6n\u00fcn\u00fc kaybetmek istemeyenler i\u00e7in \u00f6nemli bir kaynak sunuyor.\u00c7\u00fcnk\u00fc hepimizin \u00f6zlemi ayn\u0131: Geceleri huzurla uyuyabilmek, sabaha umutla uyanabilmek&#8230;<\/p>\n","protected":false},"excerpt":{"rendered":"<p>&#8220;Modern i\u015f hayat\u0131: Stresin, belirsizli\u011fin ve beklentilerin sarmal\u0131nda&#8221;, &#8220;Ger\u00e7ekten ne yap\u0131yoruz?&#8221;, &#8220;Kim i\u00e7in, ne u\u011fruna \u00e7al\u0131\u015f\u0131yoruz?&#8221; ve &#8220;Geceleri huzurla uyuyabiliyor muyuz?&#8221; sorular\u0131 zihinleri me\u015fgul ediyor.Uzman \u0130\u015f<span class=\"excerpt-hellip\"> [\u2026]<\/span><\/p>\n","protected":false},"featured_media":0,"template":"","meta":{"_monsterinsights_skip_tracking":false,"_monsterinsights_sitenote_active":false,"_monsterinsights_sitenote_note":"","_monsterinsights_sitenote_category":0},"product_brand":[],"product_cat":[12364,12376],"product_tag":[],"class_list":{"0":"post-773527","1":"product","2":"type-product","3":"status-publish","5":"product_cat-genel-konular","6":"product_cat-kisisel-gelisim","7":"pa_cilt-ciltsiz","8":"pa_tur-kitap","9":"pa_yayinevi-hayat-yayinlari","10":"pa_yazar-nil-madi","12":"first","13":"instock","14":"sale","15":"shipping-taxable","16":"purchasable","17":"product-type-simple"},"_links":{"self":[{"href":"https:\/\/roveyayinevi.com.tr\/index.php\/wp-json\/wp\/v2\/product\/773527","targetHints":{"allow":["GET"]}}],"collection":[{"href":"https:\/\/roveyayinevi.com.tr\/index.php\/wp-json\/wp\/v2\/product"}],"about":[{"href":"https:\/\/roveyayinevi.com.tr\/index.php\/wp-json\/wp\/v2\/types\/product"}],"wp:attachment":[{"href":"https:\/\/roveyayinevi.com.tr\/index.php\/wp-json\/wp\/v2\/media?parent=773527"}],"wp:term":[{"taxonomy":"product_brand","embeddable":true,"href":"https:\/\/roveyayinevi.com.tr\/index.php\/wp-json\/wp\/v2\/product_brand?post=773527"},{"taxonomy":"product_cat","embeddable":true,"href":"https:\/\/roveyayinevi.com.tr\/index.php\/wp-json\/wp\/v2\/product_cat?post=773527"},{"taxonomy":"product_tag","embeddable":true,"href":"https:\/\/roveyayinevi.com.tr\/index.php\/wp-json\/wp\/v2\/product_tag?post=773527"}],"curies":[{"name":"wp","href":"https:\/\/api.w.org\/{rel}","templated":true}]}}