{"id":773526,"date":"2025-08-28T16:19:24","date_gmt":"2025-08-28T13:19:24","guid":{"rendered":"https:\/\/roveyayinevi.com.tr\/index.php\/urun\/hayati-siirleri-hikayeleri-ii\/"},"modified":"2026-04-15T03:39:49","modified_gmt":"2026-04-15T00:39:49","slug":"hayati-siirleri-hikayeleri-ii","status":"publish","type":"product","link":"https:\/\/roveyayinevi.com.tr\/index.php\/urun\/hayati-siirleri-hikayeleri-ii\/","title":{"rendered":"Hayat\u0131 \u015eiirleri Hikayeleri II"},"content":{"rendered":"<p>\u0130brahim a\u015fkla \u015fevkle gelmi\u015fti yan\u0131ma. G\u00f6zleri \u0131\u015f\u0131l \u0131\u015f\u0131ld\u0131&#8230; Bu i\u015fi s\u00fcrd\u00fcrece\u011fini anlatmaya \u00e7al\u0131\u015f\u0131yor. \u00c7ok heyecanl\u0131. Elbette \u0130brahim\u2019in heyecan\u0131n\u0131 de\u011ferlendirmek gerekirdi. Biz de \u00f6yle yapt\u0131k. \u0130brahim\u2019e \u015fiirde uya\u011f\u0131, aya\u011f\u0131, dura\u011f\u0131, hece \u00f6l\u00e7\u00fcs\u00fcn\u00fc anlatt\u0131k. Anlatt\u0131ktan sonra haydi git bakal\u0131m yazd\u0131\u011f\u0131n \u015fiirleri d\u00fczelt getir dedik. \u0130brahim b\u00fcy\u00fck bir azimle dediklerimizi yapmaya \u00e7al\u0131\u015ft\u0131. Adana\u2019da birka\u00e7 kez yan\u0131ma geldi. Anlatt\u0131klar\u0131m\u0131 uygulamaya koydu. K\u0131saca bu yoldan geri d\u00f6nmemesi i\u00e7in yard\u0131mc\u0131 oldum. Zaman i\u00e7inde \u0130brahim\u2019in \u015fiirle ilgili duygular\u0131 dal budak sald\u0131. \u0130brahim zaman i\u00e7inde yazd\u0131\u011f\u0131 \u015fiirleri kendisi de be\u011fenmemeye ba\u015flad\u0131. Bu on da g\u00f6rd\u00fc\u011f\u00fcm en b\u00fcy\u00fck a\u015fama oldu. Yazd\u0131\u011f\u0131 \u015fiirlerde kafiyeler g\u00fcn be g\u00fcn d\u00fczeldi. \u00c7e\u015fitli ozanlar\u0131n \u015fiirlerini okumaya ba\u015flad\u0131. Tavsiyelerimi harfiyen yerine getirmek i\u00e7in m\u00fcthi\u015f bir \u00e7aba harcamaya ba\u015flad\u0131. \u00c7abas\u0131 hi\u00e7 de bo\u015fa gitmedi. \u0130nan\u0131yorum ki ondaki bu azim ve ama\u00e7 var olduk\u00e7a dilediklerine en iyi \u015fekilde ula\u015facakt\u0131r. Ona ba\u015far\u0131lar diliyorum. Yolun a\u00e7\u0131k olsun \u0130brahim diyorum. Haydi Bakal\u0131m\u2026 \u0130leri daha ileri\u2026 Dr. Halil At\u0131lgan K\u00fclt\u00fcr Bakanl\u0131\u011f\u0131 Emekli Devlet THM Korosu \u015eefi &#8211; Ara\u015ft\u0131rmac\u0131 &#8211; Yazar <\/p>\n","protected":false},"excerpt":{"rendered":"<p>\u0130brahim a\u015fkla \u015fevkle gelmi\u015fti yan\u0131ma. G\u00f6zleri \u0131\u015f\u0131l \u0131\u015f\u0131ld\u0131&#8230; Bu i\u015fi s\u00fcrd\u00fcrece\u011fini anlatmaya \u00e7al\u0131\u015f\u0131yor. \u00c7ok heyecanl\u0131. Elbette \u0130brahim\u2019in heyecan\u0131n\u0131 de\u011ferlendirmek gerekirdi. Biz de \u00f6yle yapt\u0131k. \u0130brahim\u2019e \u015fiirde<span class=\"excerpt-hellip\"> [\u2026]<\/span><\/p>\n","protected":false},"featured_media":0,"template":"","meta":{"_monsterinsights_skip_tracking":false,"_monsterinsights_sitenote_active":false,"_monsterinsights_sitenote_note":"","_monsterinsights_sitenote_category":0},"product_brand":[],"product_cat":[12291,12509],"product_tag":[],"class_list":{"0":"post-773526","1":"product","2":"type-product","3":"status-publish","5":"product_cat-edebiyat","6":"product_cat-siir","7":"pa_cilt-ciltsiz","8":"pa_tur-kitap","9":"pa_yayinevi-gulnar-yayinlari","10":"pa_yazar-ibrahim-bozkurt","12":"first","13":"instock","14":"sale","15":"shipping-taxable","16":"purchasable","17":"product-type-simple"},"_links":{"self":[{"href":"https:\/\/roveyayinevi.com.tr\/index.php\/wp-json\/wp\/v2\/product\/773526","targetHints":{"allow":["GET"]}}],"collection":[{"href":"https:\/\/roveyayinevi.com.tr\/index.php\/wp-json\/wp\/v2\/product"}],"about":[{"href":"https:\/\/roveyayinevi.com.tr\/index.php\/wp-json\/wp\/v2\/types\/product"}],"wp:attachment":[{"href":"https:\/\/roveyayinevi.com.tr\/index.php\/wp-json\/wp\/v2\/media?parent=773526"}],"wp:term":[{"taxonomy":"product_brand","embeddable":true,"href":"https:\/\/roveyayinevi.com.tr\/index.php\/wp-json\/wp\/v2\/product_brand?post=773526"},{"taxonomy":"product_cat","embeddable":true,"href":"https:\/\/roveyayinevi.com.tr\/index.php\/wp-json\/wp\/v2\/product_cat?post=773526"},{"taxonomy":"product_tag","embeddable":true,"href":"https:\/\/roveyayinevi.com.tr\/index.php\/wp-json\/wp\/v2\/product_tag?post=773526"}],"curies":[{"name":"wp","href":"https:\/\/api.w.org\/{rel}","templated":true}]}}