{"id":773525,"date":"2025-08-28T16:19:22","date_gmt":"2025-08-28T13:19:22","guid":{"rendered":"https:\/\/roveyayinevi.com.tr\/index.php\/urun\/otobiyografi-4\/"},"modified":"2026-04-15T03:39:49","modified_gmt":"2026-04-15T00:39:49","slug":"otobiyografi-4","status":"publish","type":"product","link":"https:\/\/roveyayinevi.com.tr\/index.php\/urun\/otobiyografi-4\/","title":{"rendered":"Otobiyografi"},"content":{"rendered":"<p>Her yaz\u0131 bir t\u00fcr otobiyografi say\u0131labilir mi? Yazarlar anlat\u0131 yoluyla kendilerini nas\u0131l kurar, yeniden yarat\u0131r ve ke\u015ffeder? Linda Anderson, bu sorular\u0131 da i\u00e7ine alan kitab\u0131yla, okurlar\u0131 otobiyografinin zengin ve katmanl\u0131 d\u00fcnyas\u0131na do\u011fru bir yolculu\u011fa \u00e7\u0131kar\u0131yor. Aziz Augustinus\u2019tan Rousseau\u2019ya, \u00e7a\u011fda\u015f an\u0131 yaz\u0131lar\u0131ndan dijital bloglara kadar uzanan geni\u015f bir yelpazede, bir ya\u015fam anlat\u0131s\u0131n\u0131 kaleme alman\u0131n itiraf, g\u00fcnl\u00fck ve an\u0131 gibi farkl\u0131 formlar\u0131n\u0131 inceliyor ve \u00f6znellik, hakikat, bellek ve kimlik \u00fczerine temel tart\u0131\u015fmalar\u0131 ele al\u0131yor. Bu kitap, feminist, postkolonyal ve postyap\u0131salc\u0131 kuramdaki \u00f6nemli geli\u015fmeleri de mercek alt\u0131na alarak edebi an\u0131lar, tan\u0131kl\u0131k yaz\u0131m\u0131 ve \u00f6z-anlat\u0131m gibi g\u00fcncel konulara da yeni b\u00f6l\u00fcmler ay\u0131r\u0131yor. Kuramsal derinlik ile anlat\u0131m a\u00e7\u0131kl\u0131\u011f\u0131n\u0131 birle\u015ftiren Anderson, edebiyat\u0131n en ilgi \u00e7ekici ve k\u0131\u015fk\u0131rt\u0131c\u0131 t\u00fcrlerinden birine g\u00fc\u00e7l\u00fc bir giri\u015f sunuyor. Otobiyografi, hem \u00f6\u011frenciler hem ara\u015ft\u0131rmac\u0131lar hem de ya\u015famlar\u0131m\u0131z\u0131 nas\u0131l yazd\u0131\u011f\u0131m\u0131z\u0131 merak eden herkes i\u00e7in vazge\u00e7ilmez bir kaynak olarak Vak\u0131fBank K\u00fclt\u00fcr Yay\u0131nlar\u0131 etiketiyle sizlerle! <\/p>\n","protected":false},"excerpt":{"rendered":"<p>Her yaz\u0131 bir t\u00fcr otobiyografi say\u0131labilir mi? Yazarlar anlat\u0131 yoluyla kendilerini nas\u0131l kurar, yeniden yarat\u0131r ve ke\u015ffeder? Linda Anderson, bu sorular\u0131 da i\u00e7ine alan kitab\u0131yla, okurlar\u0131<span class=\"excerpt-hellip\"> [\u2026]<\/span><\/p>\n","protected":false},"featured_media":0,"template":"","meta":{"_monsterinsights_skip_tracking":false,"_monsterinsights_sitenote_active":false,"_monsterinsights_sitenote_note":"","_monsterinsights_sitenote_category":0},"product_brand":[],"product_cat":[14009,12291],"product_tag":[],"class_list":{"0":"post-773525","1":"product","2":"type-product","3":"status-publish","5":"product_cat-biyografi-otobiyografi-edebiyat","6":"product_cat-edebiyat","7":"pa_cilt-ciltsiz","8":"pa_tur-kitap","9":"pa_yayinevi-vakifbank-kultur-yayinlari","10":"pa_yazar-linda-anderson","12":"first","13":"instock","14":"sale","15":"shipping-taxable","16":"purchasable","17":"product-type-simple"},"_links":{"self":[{"href":"https:\/\/roveyayinevi.com.tr\/index.php\/wp-json\/wp\/v2\/product\/773525","targetHints":{"allow":["GET"]}}],"collection":[{"href":"https:\/\/roveyayinevi.com.tr\/index.php\/wp-json\/wp\/v2\/product"}],"about":[{"href":"https:\/\/roveyayinevi.com.tr\/index.php\/wp-json\/wp\/v2\/types\/product"}],"wp:attachment":[{"href":"https:\/\/roveyayinevi.com.tr\/index.php\/wp-json\/wp\/v2\/media?parent=773525"}],"wp:term":[{"taxonomy":"product_brand","embeddable":true,"href":"https:\/\/roveyayinevi.com.tr\/index.php\/wp-json\/wp\/v2\/product_brand?post=773525"},{"taxonomy":"product_cat","embeddable":true,"href":"https:\/\/roveyayinevi.com.tr\/index.php\/wp-json\/wp\/v2\/product_cat?post=773525"},{"taxonomy":"product_tag","embeddable":true,"href":"https:\/\/roveyayinevi.com.tr\/index.php\/wp-json\/wp\/v2\/product_tag?post=773525"}],"curies":[{"name":"wp","href":"https:\/\/api.w.org\/{rel}","templated":true}]}}