{"id":773524,"date":"2025-08-28T16:19:20","date_gmt":"2025-08-28T13:19:20","guid":{"rendered":"https:\/\/roveyayinevi.com.tr\/index.php\/urun\/ekonomik-ideoloji-ve-japon-endustri-politikalari\/"},"modified":"2026-04-15T03:39:49","modified_gmt":"2026-04-15T00:39:49","slug":"ekonomik-ideoloji-ve-japon-endustri-politikalari","status":"publish","type":"product","link":"https:\/\/roveyayinevi.com.tr\/index.php\/urun\/ekonomik-ideoloji-ve-japon-endustri-politikalari\/","title":{"rendered":"Ekonomik \u0130deoloji ve Japon End\u00fcstri Politikalar\u0131"},"content":{"rendered":"<p>\u0130ktisadi b\u00fcy\u00fcmede kurumlar\u0131n rol\u00fc, iktisat yaz\u0131n\u0131nda geni\u015f bir yer tutar. Japonya\u2019n\u0131n II. D\u00fcnya Sava\u015f\u0131 sonras\u0131nda sergiledi\u011fi mucizevi iktisadi b\u00fcy\u00fcme performans\u0131 da uzunca bir s\u00fcre Japon ekonomi y\u00f6netiminin amiral gemisi olan MITI\u2019yla (Ministry of International Trade and Industry) a\u00e7\u0131klanm\u0131\u015ft\u0131r. Bai Gao bu \u00e7al\u0131\u015fmas\u0131nda, Japon ekonomisinin iki d\u00fcnya sava\u015f\u0131 aras\u0131 d\u00f6nemden sava\u015f sonras\u0131 d\u00f6neme (1931-1965) evrimini incelerken kurumlar\u0131n politika olu\u015fturma s\u00fcre\u00e7lerini mercek alt\u0131na alarak end\u00fcstri politikalar\u0131n\u0131n entelekt\u00fcel temellerini g\u00fcn y\u00fcz\u00fcne \u00e7\u0131kar\u0131yor. Birincil ve ikincil kaynaklardan politikalar\u0131n tarihini soru\u015fturan Gao, Japon ekonomi y\u00f6netiminin ekonomik problemleri nas\u0131l tan\u0131mlad\u0131\u011f\u0131n\u0131, d\u00fcnyay\u0131 nas\u0131l alg\u0131lad\u0131\u011f\u0131n\u0131 ve k\u00fcresel sistemdeki de\u011fi\u015fimlere nas\u0131l yan\u0131t verdi\u011fini analiz ediyor. Ekonomik \u0130deoloji ve Japon End\u00fcstri Politikas\u0131, sadece Japonya\u2019n\u0131n kalk\u0131nmas\u0131n\u0131 a\u00e7\u0131klamakla kalm\u0131yor, okuyucular\u0131n\u0131 neoklasik iktisat d\u00fc\u015f\u00fcncesinin evrensellik iddias\u0131n\u0131 ve kapitalizmin t\u00fcrlerini sorgulamaya davet ediyor. <\/p>\n","protected":false},"excerpt":{"rendered":"<p>\u0130ktisadi b\u00fcy\u00fcmede kurumlar\u0131n rol\u00fc, iktisat yaz\u0131n\u0131nda geni\u015f bir yer tutar. Japonya\u2019n\u0131n II. D\u00fcnya Sava\u015f\u0131 sonras\u0131nda sergiledi\u011fi mucizevi iktisadi b\u00fcy\u00fcme performans\u0131 da uzunca bir s\u00fcre Japon ekonomi<span class=\"excerpt-hellip\"> [\u2026]<\/span><\/p>\n","protected":false},"featured_media":0,"template":"","meta":{"_monsterinsights_skip_tracking":false,"_monsterinsights_sitenote_active":false,"_monsterinsights_sitenote_note":"","_monsterinsights_sitenote_category":0},"product_brand":[],"product_cat":[13044,13043],"product_tag":[],"class_list":{"0":"post-773524","1":"product","2":"type-product","3":"status-publish","5":"product_cat-dunya-ekonomisi","6":"product_cat-ekonomi","7":"pa_cilt-ciltsiz","8":"pa_tur-kitap","9":"pa_yayinevi-vakifbank-kultur-yayinlari","10":"pa_yazar-bai-gao","12":"first","13":"instock","14":"sale","15":"shipping-taxable","16":"purchasable","17":"product-type-simple"},"_links":{"self":[{"href":"https:\/\/roveyayinevi.com.tr\/index.php\/wp-json\/wp\/v2\/product\/773524","targetHints":{"allow":["GET"]}}],"collection":[{"href":"https:\/\/roveyayinevi.com.tr\/index.php\/wp-json\/wp\/v2\/product"}],"about":[{"href":"https:\/\/roveyayinevi.com.tr\/index.php\/wp-json\/wp\/v2\/types\/product"}],"wp:attachment":[{"href":"https:\/\/roveyayinevi.com.tr\/index.php\/wp-json\/wp\/v2\/media?parent=773524"}],"wp:term":[{"taxonomy":"product_brand","embeddable":true,"href":"https:\/\/roveyayinevi.com.tr\/index.php\/wp-json\/wp\/v2\/product_brand?post=773524"},{"taxonomy":"product_cat","embeddable":true,"href":"https:\/\/roveyayinevi.com.tr\/index.php\/wp-json\/wp\/v2\/product_cat?post=773524"},{"taxonomy":"product_tag","embeddable":true,"href":"https:\/\/roveyayinevi.com.tr\/index.php\/wp-json\/wp\/v2\/product_tag?post=773524"}],"curies":[{"name":"wp","href":"https:\/\/api.w.org\/{rel}","templated":true}]}}