{"id":773523,"date":"2025-08-28T16:19:19","date_gmt":"2025-08-28T13:19:19","guid":{"rendered":"https:\/\/roveyayinevi.com.tr\/index.php\/urun\/nikolas-kopernik-dunya-gezegen-olunca\/"},"modified":"2026-04-15T03:39:49","modified_gmt":"2026-04-15T00:39:49","slug":"nikolas-kopernik-dunya-gezegen-olunca","status":"publish","type":"product","link":"https:\/\/roveyayinevi.com.tr\/index.php\/urun\/nikolas-kopernik-dunya-gezegen-olunca\/","title":{"rendered":"Nikolas Kopernik D\u00fcnya Gezegen Olunca"},"content":{"rendered":"<p>1473\u2019te Polonya\u2019da do\u011fan Nicolaus Copernicus sessiz bir devrim ba\u015flatt\u0131. Hi\u00e7bir bilim insan\u0131 evrendeki yerimize dair anlay\u0131\u015f\u0131m\u0131z\u0131 bu merakl\u0131 piskopos doktoru ve kilise g\u00f6revlisi kadar k\u00f6kten de\u011fi\u015ftirmemi\u015ftir. Polonya\u2019da do\u011fmu\u015f, Krakov\u2019da ve ard\u0131ndan \u0130talya\u2019da e\u011fitim g\u00f6rm\u00fc\u015f, yeti\u015fkinlik hayat\u0131n\u0131n tamam\u0131nda kilise y\u00f6neticisi olarak g\u00f6rev yapm\u0131\u015ft\u0131r. Gezegenlerin hareketlerini tan\u0131mlamak i\u00e7in g\u00fczel ve tutarl\u0131 bir sistem ke\u015ffetme aray\u0131\u015f\u0131nda Kopernik, g\u00fcne\u015fi sistemin merkezine yerle\u015ftirdi ve d\u00fcnyay\u0131 g\u00fcne\u015fin etraf\u0131nda hareket eden bir gezegen haline getirdi. Bug\u00fcn g\u00fcne\u015f sistemimizi ba\u015fka bir \u015fekilde hayal etmek zor, ancak Kopernik\u2019in fikri kendi zaman\u0131 i\u00e7in d\u00fcnyay\u0131 sarst\u0131. G\u00fcne\u015f merkezli evren vizyonu bir\u00e7oklar\u0131 i\u00e7in \u015fok edici ve \u00e7o\u011fu i\u00e7in inan\u0131lmaz olsa da g\u00f6ksel hareketlerin fiziksel olarak anla\u015f\u0131lmas\u0131 i\u00e7in temel bir taslak haline geldi. Onun g\u00fcne\u015f merkezli sistem kavram\u0131n\u0131n halka ula\u015fmas\u0131 neredeyse iki y\u00fcz y\u0131l ald\u0131. Yine de Kopernik\u2019in ola\u011fan\u00fcst\u00fc metninde ortaya koydu\u011fu \u015fey bilimde ger\u00e7ekten devrim yaratt\u0131. Bu nedenle, muazzam bir d\u00f6n\u00fc\u015f\u00fcm\u00fcn ilk ad\u0131m\u0131n\u0131 atan sessiz bir doktor olarak Kopernik, Bilimsel Devrimin babas\u0131 olarak kabul edilir. <\/p>\n","protected":false},"excerpt":{"rendered":"<p>1473\u2019te Polonya\u2019da do\u011fan Nicolaus Copernicus sessiz bir devrim ba\u015flatt\u0131. Hi\u00e7bir bilim insan\u0131 evrendeki yerimize dair anlay\u0131\u015f\u0131m\u0131z\u0131 bu merakl\u0131 piskopos doktoru ve kilise g\u00f6revlisi kadar k\u00f6kten de\u011fi\u015ftirmemi\u015ftir.<span class=\"excerpt-hellip\"> [\u2026]<\/span><\/p>\n","protected":false},"featured_media":0,"template":"","meta":{"_monsterinsights_skip_tracking":false,"_monsterinsights_sitenote_active":false,"_monsterinsights_sitenote_note":"","_monsterinsights_sitenote_category":0},"product_brand":[],"product_cat":[13005,15998],"product_tag":[],"class_list":{"0":"post-773523","1":"product","2":"type-product","3":"status-publish","5":"product_cat-bilim-muhendislik","6":"product_cat-bilim-tarihi","7":"pa_cilt-ciltsiz","8":"pa_tur-kitap","9":"pa_yayinevi-vakifbank-kultur-yayinlari","10":"pa_yazar-owen-gingerich-james-maclachlan","12":"first","13":"instock","14":"sale","15":"shipping-taxable","16":"purchasable","17":"product-type-simple"},"_links":{"self":[{"href":"https:\/\/roveyayinevi.com.tr\/index.php\/wp-json\/wp\/v2\/product\/773523","targetHints":{"allow":["GET"]}}],"collection":[{"href":"https:\/\/roveyayinevi.com.tr\/index.php\/wp-json\/wp\/v2\/product"}],"about":[{"href":"https:\/\/roveyayinevi.com.tr\/index.php\/wp-json\/wp\/v2\/types\/product"}],"wp:attachment":[{"href":"https:\/\/roveyayinevi.com.tr\/index.php\/wp-json\/wp\/v2\/media?parent=773523"}],"wp:term":[{"taxonomy":"product_brand","embeddable":true,"href":"https:\/\/roveyayinevi.com.tr\/index.php\/wp-json\/wp\/v2\/product_brand?post=773523"},{"taxonomy":"product_cat","embeddable":true,"href":"https:\/\/roveyayinevi.com.tr\/index.php\/wp-json\/wp\/v2\/product_cat?post=773523"},{"taxonomy":"product_tag","embeddable":true,"href":"https:\/\/roveyayinevi.com.tr\/index.php\/wp-json\/wp\/v2\/product_tag?post=773523"}],"curies":[{"name":"wp","href":"https:\/\/api.w.org\/{rel}","templated":true}]}}