{"id":773522,"date":"2025-08-28T16:19:17","date_gmt":"2025-08-28T13:19:17","guid":{"rendered":"https:\/\/roveyayinevi.com.tr\/index.php\/urun\/kucuk-mantar\/"},"modified":"2026-04-15T03:39:49","modified_gmt":"2026-04-15T00:39:49","slug":"kucuk-mantar","status":"publish","type":"product","link":"https:\/\/roveyayinevi.com.tr\/index.php\/urun\/kucuk-mantar\/","title":{"rendered":"K\u00fc\u00e7\u00fck Mantar"},"content":{"rendered":"<p>Mantarlar\u0131n nas\u0131l geli\u015fti\u011fini, birbiriyle ve do\u011fayla nas\u0131l bir ba\u011f kurdu\u011funu hi\u00e7 merak ettiniz mi? \u00d6yleyse, k\u00fc\u00e7\u00fck mantarla tan\u0131\u015fmal\u0131s\u0131n\u0131z! Bu kitapta bir mantar\u0131n olu\u015fum ve b\u00fcy\u00fcme maceras\u0131 \u00fczerinden \u00e7ocuklara bilgiler veriliyor. <\/p>\n","protected":false},"excerpt":{"rendered":"<p>Mantarlar\u0131n nas\u0131l geli\u015fti\u011fini, birbiriyle ve do\u011fayla nas\u0131l bir ba\u011f kurdu\u011funu hi\u00e7 merak ettiniz mi? \u00d6yleyse, k\u00fc\u00e7\u00fck mantarla tan\u0131\u015fmal\u0131s\u0131n\u0131z! Bu kitapta bir mantar\u0131n olu\u015fum ve b\u00fcy\u00fcme maceras\u0131<span class=\"excerpt-hellip\"> [\u2026]<\/span><\/p>\n","protected":false},"featured_media":0,"template":"","meta":{"_monsterinsights_skip_tracking":false,"_monsterinsights_sitenote_active":false,"_monsterinsights_sitenote_note":"","_monsterinsights_sitenote_category":0},"product_brand":[],"product_cat":[12274,12518],"product_tag":[],"class_list":{"0":"post-773522","1":"product","2":"type-product","3":"status-publish","5":"product_cat-cocuk-ve-genclik-kitaplari","6":"product_cat-okul-oncesi-kitaplar","7":"pa_cilt-ciltsiz","8":"pa_tur-kitap","9":"pa_yayinevi-is-bankasi-kultur-yayinlari","10":"pa_yazar-willow-green","12":"first","13":"instock","14":"sale","15":"shipping-taxable","16":"purchasable","17":"product-type-simple"},"_links":{"self":[{"href":"https:\/\/roveyayinevi.com.tr\/index.php\/wp-json\/wp\/v2\/product\/773522","targetHints":{"allow":["GET"]}}],"collection":[{"href":"https:\/\/roveyayinevi.com.tr\/index.php\/wp-json\/wp\/v2\/product"}],"about":[{"href":"https:\/\/roveyayinevi.com.tr\/index.php\/wp-json\/wp\/v2\/types\/product"}],"wp:attachment":[{"href":"https:\/\/roveyayinevi.com.tr\/index.php\/wp-json\/wp\/v2\/media?parent=773522"}],"wp:term":[{"taxonomy":"product_brand","embeddable":true,"href":"https:\/\/roveyayinevi.com.tr\/index.php\/wp-json\/wp\/v2\/product_brand?post=773522"},{"taxonomy":"product_cat","embeddable":true,"href":"https:\/\/roveyayinevi.com.tr\/index.php\/wp-json\/wp\/v2\/product_cat?post=773522"},{"taxonomy":"product_tag","embeddable":true,"href":"https:\/\/roveyayinevi.com.tr\/index.php\/wp-json\/wp\/v2\/product_tag?post=773522"}],"curies":[{"name":"wp","href":"https:\/\/api.w.org\/{rel}","templated":true}]}}