{"id":773521,"date":"2025-08-28T16:19:15","date_gmt":"2025-08-28T13:19:15","guid":{"rendered":"https:\/\/roveyayinevi.com.tr\/index.php\/urun\/kucuk-kahramanlarin-ilk-yardim-kitabi-dunyayi-ogreniyorum\/"},"modified":"2026-04-15T03:39:49","modified_gmt":"2026-04-15T00:39:49","slug":"kucuk-kahramanlarin-ilk-yardim-kitabi-dunyayi-ogreniyorum","status":"publish","type":"product","link":"https:\/\/roveyayinevi.com.tr\/index.php\/urun\/kucuk-kahramanlarin-ilk-yardim-kitabi-dunyayi-ogreniyorum\/","title":{"rendered":"K\u00fc\u00e7\u00fck Kahramanlar\u0131n \u0130lk Yardim Kitab\u0131 &#8211; D\u00fcnyay\u0131 \u00d6\u011freniyorum"},"content":{"rendered":"<p>B\u00fcy\u00fckannelerini ziyarete giden Alya ile Mete, parkta ne\u015feyle oynuyorlard\u0131. Karde\u015flerden biri d\u00fc\u015ft\u00fc, dizini incitti, di\u011feri kafas\u0131n\u0131 \u00e7arpt\u0131. G\u00fcnboyu k\u00fc\u00e7\u00fck kazalar atlatan \u00e7ocuklar, b\u00fcy\u00fckanneleri yere d\u00fc\u015f\u00fcp aya\u011fa kalkamad\u0131\u011f\u0131nda ne yap\u0131lmas\u0131 gerekti\u011fini \u00e7ok iyi biliyorlard\u0131! <\/p>\n","protected":false},"excerpt":{"rendered":"<p>B\u00fcy\u00fckannelerini ziyarete giden Alya ile Mete, parkta ne\u015feyle oynuyorlard\u0131. Karde\u015flerden biri d\u00fc\u015ft\u00fc, dizini incitti, di\u011feri kafas\u0131n\u0131 \u00e7arpt\u0131. G\u00fcnboyu k\u00fc\u00e7\u00fck kazalar atlatan \u00e7ocuklar, b\u00fcy\u00fckanneleri yere d\u00fc\u015f\u00fcp aya\u011fa<span class=\"excerpt-hellip\"> [\u2026]<\/span><\/p>\n","protected":false},"featured_media":0,"template":"","meta":{"_monsterinsights_skip_tracking":false,"_monsterinsights_sitenote_active":false,"_monsterinsights_sitenote_note":"","_monsterinsights_sitenote_category":0},"product_brand":[],"product_cat":[12274,12518],"product_tag":[],"class_list":{"0":"post-773521","1":"product","2":"type-product","3":"status-publish","5":"product_cat-cocuk-ve-genclik-kitaplari","6":"product_cat-okul-oncesi-kitaplar","7":"pa_cilt-ciltsiz","8":"pa_tur-kitap","9":"pa_yayinevi-is-bankasi-kultur-yayinlari","10":"pa_yazar-corinna-fuchs","12":"first","13":"instock","14":"sale","15":"shipping-taxable","16":"purchasable","17":"product-type-simple"},"_links":{"self":[{"href":"https:\/\/roveyayinevi.com.tr\/index.php\/wp-json\/wp\/v2\/product\/773521","targetHints":{"allow":["GET"]}}],"collection":[{"href":"https:\/\/roveyayinevi.com.tr\/index.php\/wp-json\/wp\/v2\/product"}],"about":[{"href":"https:\/\/roveyayinevi.com.tr\/index.php\/wp-json\/wp\/v2\/types\/product"}],"wp:attachment":[{"href":"https:\/\/roveyayinevi.com.tr\/index.php\/wp-json\/wp\/v2\/media?parent=773521"}],"wp:term":[{"taxonomy":"product_brand","embeddable":true,"href":"https:\/\/roveyayinevi.com.tr\/index.php\/wp-json\/wp\/v2\/product_brand?post=773521"},{"taxonomy":"product_cat","embeddable":true,"href":"https:\/\/roveyayinevi.com.tr\/index.php\/wp-json\/wp\/v2\/product_cat?post=773521"},{"taxonomy":"product_tag","embeddable":true,"href":"https:\/\/roveyayinevi.com.tr\/index.php\/wp-json\/wp\/v2\/product_tag?post=773521"}],"curies":[{"name":"wp","href":"https:\/\/api.w.org\/{rel}","templated":true}]}}