{"id":773520,"date":"2025-08-28T16:19:13","date_gmt":"2025-08-28T13:19:13","guid":{"rendered":"https:\/\/roveyayinevi.com.tr\/index.php\/urun\/dev-tirlar-ve-kamyonlar-dunyayi-ogreniyorum\/"},"modified":"2026-04-15T03:39:49","modified_gmt":"2026-04-15T00:39:49","slug":"dev-tirlar-ve-kamyonlar-dunyayi-ogreniyorum","status":"publish","type":"product","link":"https:\/\/roveyayinevi.com.tr\/index.php\/urun\/dev-tirlar-ve-kamyonlar-dunyayi-ogreniyorum\/","title":{"rendered":"Dev T\u0131rlar ve Kamyonlar &#8211; D\u00fcnyay\u0131 \u00d6\u011freniyorum"},"content":{"rendered":"<p>D\u00fcnyan\u0131n en b\u00fcy\u00fck kara ta\u015f\u0131tlar\u0131n\u0131 ke\u015ffetmeye haz\u0131r m\u0131s\u0131n? Dev t\u0131rlar, koca tekerlekli kamyonlar, r\u00fczg\u00e2r t\u00fcrbini ta\u015f\u0131yanlar, madende \u00e7al\u0131\u015fan damperli kamyonlar, hatta uzunlu\u011fu elli metreyi bulan ara\u00e7lar! Bu kitapta en b\u00fcy\u00fck, en g\u00fc\u00e7l\u00fc, en g\u00fcr\u00fclt\u00fcl\u00fc ta\u015f\u0131tlar seni bekliyor! <\/p>\n","protected":false},"excerpt":{"rendered":"<p>D\u00fcnyan\u0131n en b\u00fcy\u00fck kara ta\u015f\u0131tlar\u0131n\u0131 ke\u015ffetmeye haz\u0131r m\u0131s\u0131n? Dev t\u0131rlar, koca tekerlekli kamyonlar, r\u00fczg\u00e2r t\u00fcrbini ta\u015f\u0131yanlar, madende \u00e7al\u0131\u015fan damperli kamyonlar, hatta uzunlu\u011fu elli metreyi bulan ara\u00e7lar!<span class=\"excerpt-hellip\"> [\u2026]<\/span><\/p>\n","protected":false},"featured_media":0,"template":"","meta":{"_monsterinsights_skip_tracking":false,"_monsterinsights_sitenote_active":false,"_monsterinsights_sitenote_note":"","_monsterinsights_sitenote_category":0},"product_brand":[],"product_cat":[12274,12284],"product_tag":[],"class_list":{"0":"post-773520","1":"product","2":"type-product","3":"status-publish","5":"product_cat-cocuk-ve-genclik-kitaplari","6":"product_cat-hikayeler","7":"pa_cilt-ciltsiz","8":"pa_tur-kitap","9":"pa_yayinevi-is-bankasi-kultur-yayinlari","10":"pa_yazar-christian-tielmann","12":"first","13":"instock","14":"sale","15":"shipping-taxable","16":"purchasable","17":"product-type-simple"},"_links":{"self":[{"href":"https:\/\/roveyayinevi.com.tr\/index.php\/wp-json\/wp\/v2\/product\/773520","targetHints":{"allow":["GET"]}}],"collection":[{"href":"https:\/\/roveyayinevi.com.tr\/index.php\/wp-json\/wp\/v2\/product"}],"about":[{"href":"https:\/\/roveyayinevi.com.tr\/index.php\/wp-json\/wp\/v2\/types\/product"}],"wp:attachment":[{"href":"https:\/\/roveyayinevi.com.tr\/index.php\/wp-json\/wp\/v2\/media?parent=773520"}],"wp:term":[{"taxonomy":"product_brand","embeddable":true,"href":"https:\/\/roveyayinevi.com.tr\/index.php\/wp-json\/wp\/v2\/product_brand?post=773520"},{"taxonomy":"product_cat","embeddable":true,"href":"https:\/\/roveyayinevi.com.tr\/index.php\/wp-json\/wp\/v2\/product_cat?post=773520"},{"taxonomy":"product_tag","embeddable":true,"href":"https:\/\/roveyayinevi.com.tr\/index.php\/wp-json\/wp\/v2\/product_tag?post=773520"}],"curies":[{"name":"wp","href":"https:\/\/api.w.org\/{rel}","templated":true}]}}