{"id":773519,"date":"2025-08-28T16:19:12","date_gmt":"2025-08-28T13:19:12","guid":{"rendered":"https:\/\/roveyayinevi.com.tr\/index.php\/urun\/bir-osmanli-pasasinin-portresi-hicaz-valisi-ahmed-ratib-pasa-1846-1913\/"},"modified":"2026-04-15T03:39:49","modified_gmt":"2026-04-15T00:39:49","slug":"bir-osmanli-pasasinin-portresi-hicaz-valisi-ahmed-ratib-pasa-1846-1913","status":"publish","type":"product","link":"https:\/\/roveyayinevi.com.tr\/index.php\/urun\/bir-osmanli-pasasinin-portresi-hicaz-valisi-ahmed-ratib-pasa-1846-1913\/","title":{"rendered":"Bir Osmanl\u0131 Pa\u015fas\u0131n\u0131n Portresi: Hicaz Valisi Ahmed Ratib Pa\u015fa (1846-1913)"},"content":{"rendered":"<p>Osmanl\u0131 \u0130mparatorlu\u011funun \u00e7alkant\u0131l\u0131 son asr\u0131nda, bir devlet adam\u0131n\u0131n portresi\u2026 Kaptan-\u0131 Derya Mahmud Pa\u015fa\u2019n\u0131n o\u011flu olan Ahmed R\u00e2tib, Bahriye Mektebi\u2019ndeki ba\u015far\u0131s\u0131yla babas\u0131n\u0131n izinden gitti. II. Abd\u00fclhamid\u2019in tahta \u00e7\u0131k\u0131\u015f\u0131yla saray\u0131n bendeg\u00e2n z\u00fcmresine d\u00e2hil oldu. Padi\u015fah\u0131n g\u00fcvenini kazanarak \u00e7ok k\u0131sa s\u00fcreli\u011fine de olsa \u00f6nce bahriye naz\u0131r\u0131 ard\u0131ndan Osmanl\u0131\u2019n\u0131n stratejik vilayetlerinden Hicaz\u2019a vali olarak atand\u0131. 15 y\u0131l gibi uzun bir s\u00fcre g\u00f6rev yapt\u0131\u011f\u0131 vilayette Mekke emirleri, bedevi \u015feyhleri ve merkez\u00ee h\u00fck\u00fcmetle kurdu\u011fu karma\u015f\u0131k ili\u015fkiler, Pa\u015fa\u2019y\u0131 hem g\u00fc\u00e7l\u00fc bir idareci hem de kimi ele\u015ftirilerin oda\u011f\u0131 h\u00e2line getirdi. M\u00fc\u015fir Ahmed R\u00e2tib Pa\u015fa\u2019n\u0131n hayat hik\u00e2yesini merkeze alan bu eser, ayn\u0131 zamanda ge\u00e7 d\u00f6nem Osmanl\u0131 b\u00fcrokrasisinin, merkez-ta\u015fra ili\u015fkilerinin, hilafet siyasetiyle \u015fekillenen Hicaz idaresinin ve bu d\u00f6nemin d\u0131\u015f politika gerilimlerinin bir panoramas\u0131. \u0130ngiliz n\u00fcfuzu kar\u015f\u0131s\u0131nda Mekke emirleriyle kurulan k\u0131r\u0131lgan ittifaklar, hac organizasyonlar\u0131, demiryolu projeleri, telgraf hatt\u0131 tart\u0131\u015fmalar\u0131 ve \u0130ttihad-\u0131 \u0130sl\u00e2m siyasetinin Hicaz\u2019daki yans\u0131malar\u0131, Pa\u015fa\u2019n\u0131n g\u00f6rev s\u00fcresinde \u0130mparatorlu\u011fun kar\u015f\u0131la\u015ft\u0131\u011f\u0131 yap\u0131sal sorunlar\u0131n izd\u00fc\u015f\u00fcmleri olarak bu anlat\u0131da yerini buluyor. Bir Osmanl\u0131 Pa\u015fas\u0131n\u0131n Portresi: Hicaz Valisi Ahmed R\u00e2tib Pa\u015fa (1846-1913), titizlikle derlenmi\u015f ar\u015fiv belgeleri, hat\u0131rat t\u00fcr\u00fc eserler ve d\u00f6nemin bas\u0131n kaynaklar\u0131 ile \u00f6r\u00fclen bir biyografi, sadece bir valinin de\u011fil, bir devrin hik\u00e2yesi\u2026 <\/p>\n","protected":false},"excerpt":{"rendered":"<p>Osmanl\u0131 \u0130mparatorlu\u011funun \u00e7alkant\u0131l\u0131 son asr\u0131nda, bir devlet adam\u0131n\u0131n portresi\u2026 Kaptan-\u0131 Derya Mahmud Pa\u015fa\u2019n\u0131n o\u011flu olan Ahmed R\u00e2tib, Bahriye Mektebi\u2019ndeki ba\u015far\u0131s\u0131yla babas\u0131n\u0131n izinden gitti. II. Abd\u00fclhamid\u2019in tahta<span class=\"excerpt-hellip\"> [\u2026]<\/span><\/p>\n","protected":false},"featured_media":0,"template":"","meta":{"_monsterinsights_skip_tracking":false,"_monsterinsights_sitenote_active":false,"_monsterinsights_sitenote_note":"","_monsterinsights_sitenote_category":0},"product_brand":[],"product_cat":[12304],"product_tag":[],"class_list":{"0":"post-773519","1":"product","2":"type-product","3":"status-publish","5":"product_cat-tarih","6":"pa_cilt-ciltsiz","7":"pa_tur-kitap","8":"pa_yayinevi-vakifbank-kultur-yayinlari","9":"pa_yazar-mehmet-korkmaz","11":"first","12":"instock","13":"sale","14":"shipping-taxable","15":"purchasable","16":"product-type-simple"},"_links":{"self":[{"href":"https:\/\/roveyayinevi.com.tr\/index.php\/wp-json\/wp\/v2\/product\/773519","targetHints":{"allow":["GET"]}}],"collection":[{"href":"https:\/\/roveyayinevi.com.tr\/index.php\/wp-json\/wp\/v2\/product"}],"about":[{"href":"https:\/\/roveyayinevi.com.tr\/index.php\/wp-json\/wp\/v2\/types\/product"}],"wp:attachment":[{"href":"https:\/\/roveyayinevi.com.tr\/index.php\/wp-json\/wp\/v2\/media?parent=773519"}],"wp:term":[{"taxonomy":"product_brand","embeddable":true,"href":"https:\/\/roveyayinevi.com.tr\/index.php\/wp-json\/wp\/v2\/product_brand?post=773519"},{"taxonomy":"product_cat","embeddable":true,"href":"https:\/\/roveyayinevi.com.tr\/index.php\/wp-json\/wp\/v2\/product_cat?post=773519"},{"taxonomy":"product_tag","embeddable":true,"href":"https:\/\/roveyayinevi.com.tr\/index.php\/wp-json\/wp\/v2\/product_tag?post=773519"}],"curies":[{"name":"wp","href":"https:\/\/api.w.org\/{rel}","templated":true}]}}