{"id":773515,"date":"2025-08-28T16:19:04","date_gmt":"2025-08-28T13:19:04","guid":{"rendered":"https:\/\/roveyayinevi.com.tr\/index.php\/urun\/osmanli-dunyasinin-kadin-banileri-gulnus-sultan-ve-mimari-mirasi\/"},"modified":"2026-04-15T03:39:48","modified_gmt":"2026-04-15T00:39:48","slug":"osmanli-dunyasinin-kadin-banileri-gulnus-sultan-ve-mimari-mirasi","status":"publish","type":"product","link":"https:\/\/roveyayinevi.com.tr\/index.php\/urun\/osmanli-dunyasinin-kadin-banileri-gulnus-sultan-ve-mimari-mirasi\/","title":{"rendered":"Osmanl\u0131 D\u00fcnyas\u0131n\u0131n Kad\u0131n Banileri \u2013 G\u00fclnu\u015f Sultan ve Mimari Miras\u0131"},"content":{"rendered":"<p>Muzaffer \u00d6zg\u00fcle\u015f, bir padi\u015fah\u0131n ba\u015fkad\u0131n\u0131 ve iki padi\u015fah\u0131n annesi olarak Osmanl\u0131 tarihine ge\u00e7mi\u015f olan G\u00fclnu\u015f Emetullah Valide Sultan\u2019\u0131n hayat\u0131n\u0131 ve hay\u0131r faaliyetlerini ayd\u0131nlat\u0131yor. Bu kitap, G\u00fclnu\u015f Sultan\u2019\u0131n b\u00fcy\u00fck bir \u00e7e\u015fitlilik g\u00f6steren banilik faaliyetleri hakk\u0131nda ilgi \u00e7ekici bir analiz sunmakla kalm\u0131yor, ayn\u0131 zamanda kendisinden \u00f6nceki ve sonraki Osmanl\u0131 hanedan kad\u0131nlar\u0131n\u0131n y\u00fczy\u0131llar boyu y\u00fcr\u00fctt\u00fckleri banilik faaliyetlerini topluca g\u00f6zden ge\u00e7iriyor, b\u0131rakt\u0131klar\u0131 miras\u0131 de\u011ferlendiren geni\u015f bir panorama \u00e7iziyor.                                                                                                      Prof. Dr. Leslie P. Peirce Ahmet Refik Alt\u0131nay\u2019\u0131n deyimiyle, \u201cKad\u0131nlar Saltanat\u0131\u201dn\u0131n H\u00fcrrem Sultan, K\u00f6sem Sultan gibi isimlerinin yan\u0131nda G\u00fclnu\u015f Emetullah Sultan\u2019\u0131n Osmanl\u0131 \u0130mparatorlu\u011fu tarihinde hak etti\u011fi yeri bulamad\u0131\u011f\u0131 s\u00f6ylenebilir. Oysa G\u00fclnu\u015f Sultan, Girit\u2019in Resmo \u015fehrinden Osmanl\u0131 payitaht\u0131na ve saraya uzanan yolculu\u011funda, IV. Mehmed\u2019in ba\u015fkad\u0131n\u0131 olduktan sonra, iki o\u011flu, II. Mustafa ve III. Ahmed d\u00f6nemlerinde, 1695\u2019ten 1715 y\u0131l\u0131ndaki \u00f6l\u00fcm\u00fcne kadar valide sultanl\u0131k makam\u0131nda b\u00fcy\u00fck bir n\u00fcfuz sahibi olarak oturmu\u015ftur. Osmanl\u0131 D\u00fcnyas\u0131n\u0131n Kad\u0131n Banileri. G\u00fclnu\u015f Sultan ve Mimari Miras\u0131 G\u00fclnu\u015f Sultan\u2019\u0131n mimari alandaki hamilik rol\u00fcn\u00fc, kendisinden \u00f6nce ve sonra gelen hanedan kad\u0131nlar\u0131n\u0131n olu\u015fturdu\u011fu kad\u0131n baniler gelene\u011fi i\u00e7inde de\u011ferlendiriyor. Dr. Muzaffer \u00d6zg\u00fcle\u015f geni\u015f bir ar\u015fiv ve saha \u00e7al\u0131\u015fmas\u0131na dayanan eserinde, Osmanl\u0131\u2019da hayrat sahibi hanedan kad\u0131nlar\u0131n\u0131n banilik faaliyetlerinin b\u00fcy\u00fckl\u00fck ve kapsam\u0131n\u0131n, yap\u0131sal, tarihsel ve ideolojik fakt\u00f6rler gibi \u00e7e\u015fitli parametrelerle nas\u0131l \u015fekillendi\u011fini g\u00f6sterirken, Osmanl\u0131 tarihinde bir padi\u015fah\u0131n yan\u0131nda sefere \u00e7\u0131kan tek haseki olan G\u00fclnu\u015f Sultan\u2019\u0131n etkileyici ya\u015fam\u0131na da \u0131\u015f\u0131k tutuyor.<\/p>\n","protected":false},"excerpt":{"rendered":"<p>Muzaffer \u00d6zg\u00fcle\u015f, bir padi\u015fah\u0131n ba\u015fkad\u0131n\u0131 ve iki padi\u015fah\u0131n annesi olarak Osmanl\u0131 tarihine ge\u00e7mi\u015f olan G\u00fclnu\u015f Emetullah Valide Sultan\u2019\u0131n hayat\u0131n\u0131 ve hay\u0131r faaliyetlerini ayd\u0131nlat\u0131yor. Bu kitap, G\u00fclnu\u015f<span class=\"excerpt-hellip\"> [\u2026]<\/span><\/p>\n","protected":false},"featured_media":0,"template":"","meta":{"_monsterinsights_skip_tracking":false,"_monsterinsights_sitenote_active":false,"_monsterinsights_sitenote_note":"","_monsterinsights_sitenote_category":0},"product_brand":[],"product_cat":[13517,12304],"product_tag":[],"class_list":{"0":"post-773515","1":"product","2":"type-product","3":"status-publish","5":"product_cat-osmanli-tarihi","6":"product_cat-tarih","7":"pa_cilt-ciltsiz","8":"pa_tur-kitap","9":"pa_yayinevi-is-bankasi-kultur-yayinlari","10":"pa_yazar-muzaffer-ozgules","12":"first","13":"instock","14":"sale","15":"shipping-taxable","16":"purchasable","17":"product-type-simple"},"_links":{"self":[{"href":"https:\/\/roveyayinevi.com.tr\/index.php\/wp-json\/wp\/v2\/product\/773515","targetHints":{"allow":["GET"]}}],"collection":[{"href":"https:\/\/roveyayinevi.com.tr\/index.php\/wp-json\/wp\/v2\/product"}],"about":[{"href":"https:\/\/roveyayinevi.com.tr\/index.php\/wp-json\/wp\/v2\/types\/product"}],"wp:attachment":[{"href":"https:\/\/roveyayinevi.com.tr\/index.php\/wp-json\/wp\/v2\/media?parent=773515"}],"wp:term":[{"taxonomy":"product_brand","embeddable":true,"href":"https:\/\/roveyayinevi.com.tr\/index.php\/wp-json\/wp\/v2\/product_brand?post=773515"},{"taxonomy":"product_cat","embeddable":true,"href":"https:\/\/roveyayinevi.com.tr\/index.php\/wp-json\/wp\/v2\/product_cat?post=773515"},{"taxonomy":"product_tag","embeddable":true,"href":"https:\/\/roveyayinevi.com.tr\/index.php\/wp-json\/wp\/v2\/product_tag?post=773515"}],"curies":[{"name":"wp","href":"https:\/\/api.w.org\/{rel}","templated":true}]}}