{"id":773513,"date":"2025-08-28T16:19:00","date_gmt":"2025-08-28T13:19:00","guid":{"rendered":"https:\/\/roveyayinevi.com.tr\/index.php\/urun\/miras-15\/"},"modified":"2026-04-15T03:39:48","modified_gmt":"2026-04-15T00:39:48","slug":"miras-15","status":"publish","type":"product","link":"https:\/\/roveyayinevi.com.tr\/index.php\/urun\/miras-15\/","title":{"rendered":"Miras"},"content":{"rendered":"<p>Geni\u015f ailelerin k\u00f6\u015fklerde ge\u00e7en hayatlar\u0131n\u0131 konu alan Miras, ailenin ta\u015frada ya\u015fayan gen\u00e7 \u00fcyesinin \u015fehre, daha \u00f6nce tan\u0131\u015fmad\u0131\u011f\u0131 halalar\u0131n ve amcalar\u0131n \u015fehrine geli\u015fiyle ba\u015flar. Bir zamanlar\u0131n zengin ve k\u00f6kl\u00fc ailesi b\u00fcy\u00fck annelerinin \u00f6l\u00fcm\u00fcyle t\u00fcrl\u00fc darg\u0131nl\u0131klarla birbirinden kopmu\u015f, habersiz hayatlar\u0131n\u0131 s\u00fcr\u00fcyorlard\u0131r. Miras kakafonisinin uza\u011f\u0131nda yeti\u015fmi\u015f gen\u00e7 adam naif ki\u015fili\u011fiyle, dinleyen haliyle ailenin herkes\u00e7e sevilen \u00fcyesine d\u00f6n\u00fc\u015f\u00fcr. Babas\u0131n\u0131n i\u015fletti\u011fi de\u011firmeni devralma umuduyla ba\u015flayan yolculu\u011fu gen\u00e7 adam\u0131 beklenmedik maceralara s\u00fcr\u00fckler. Miras, Esendal\u2019\u0131n ilk roman\u0131d\u0131r. Meslek dergisinde tefrika edilen roman, derginin kapanmas\u0131yla, kesin bir sona ula\u015famadan y\u0131llarca okurla bulu\u015fmay\u0131 bekler; bu ilk roman en son yay\u0131mlan\u0131r. <\/p>\n","protected":false},"excerpt":{"rendered":"<p>Geni\u015f ailelerin k\u00f6\u015fklerde ge\u00e7en hayatlar\u0131n\u0131 konu alan Miras, ailenin ta\u015frada ya\u015fayan gen\u00e7 \u00fcyesinin \u015fehre, daha \u00f6nce tan\u0131\u015fmad\u0131\u011f\u0131 halalar\u0131n ve amcalar\u0131n \u015fehrine geli\u015fiyle ba\u015flar. Bir zamanlar\u0131n zengin<span class=\"excerpt-hellip\"> [\u2026]<\/span><\/p>\n","protected":false},"featured_media":0,"template":"","meta":{"_monsterinsights_skip_tracking":false,"_monsterinsights_sitenote_active":false,"_monsterinsights_sitenote_note":"","_monsterinsights_sitenote_category":0},"product_brand":[],"product_cat":[12291,12711],"product_tag":[],"class_list":{"0":"post-773513","1":"product","2":"type-product","3":"status-publish","5":"product_cat-edebiyat","6":"product_cat-roman-oyku","7":"pa_cilt-ciltsiz","8":"pa_tur-kitap","9":"pa_yayinevi-is-bankasi-kultur-yayinlari","10":"pa_yazar-memduh-sevket-esendal","12":"first","13":"instock","14":"sale","15":"shipping-taxable","16":"purchasable","17":"product-type-simple"},"_links":{"self":[{"href":"https:\/\/roveyayinevi.com.tr\/index.php\/wp-json\/wp\/v2\/product\/773513","targetHints":{"allow":["GET"]}}],"collection":[{"href":"https:\/\/roveyayinevi.com.tr\/index.php\/wp-json\/wp\/v2\/product"}],"about":[{"href":"https:\/\/roveyayinevi.com.tr\/index.php\/wp-json\/wp\/v2\/types\/product"}],"wp:attachment":[{"href":"https:\/\/roveyayinevi.com.tr\/index.php\/wp-json\/wp\/v2\/media?parent=773513"}],"wp:term":[{"taxonomy":"product_brand","embeddable":true,"href":"https:\/\/roveyayinevi.com.tr\/index.php\/wp-json\/wp\/v2\/product_brand?post=773513"},{"taxonomy":"product_cat","embeddable":true,"href":"https:\/\/roveyayinevi.com.tr\/index.php\/wp-json\/wp\/v2\/product_cat?post=773513"},{"taxonomy":"product_tag","embeddable":true,"href":"https:\/\/roveyayinevi.com.tr\/index.php\/wp-json\/wp\/v2\/product_tag?post=773513"}],"curies":[{"name":"wp","href":"https:\/\/api.w.org\/{rel}","templated":true}]}}