{"id":773509,"date":"2025-08-28T16:18:51","date_gmt":"2025-08-28T13:18:51","guid":{"rendered":"https:\/\/roveyayinevi.com.tr\/index.php\/urun\/damoklesin-karanlik-odasi-ciltli\/"},"modified":"2026-04-07T03:34:19","modified_gmt":"2026-04-07T00:34:19","slug":"damoklesin-karanlik-odasi-ciltli","status":"publish","type":"product","link":"https:\/\/roveyayinevi.com.tr\/index.php\/urun\/damoklesin-karanlik-odasi-ciltli\/","title":{"rendered":"Damokles\u2019in Karanl\u0131k Odas\u0131 (Ciltli)"},"content":{"rendered":"<p>Damokles\u2019in Karanl\u0131k Odas\u0131, \u0130kinci D\u00fcnya Sava\u015f\u0131 \u00fczerine yaz\u0131lm\u0131\u015f en \u00fcst\u00fcn romanlardan biri olarak kabul edilir. Willem Frederik Hermans\u2019\u0131n 1958 tarihli yap\u0131t\u0131, gerilim roman\u0131 kisvesi alt\u0131nda hakikatin bilinemezli\u011fi \u00fczerine felsefi bir tart\u0131\u015fma sunar. Okurla bulu\u015ftu\u011fu andan itibaren b\u00fcy\u00fck ilgi g\u00f6rm\u00fc\u015f, 1962\u2019de \u0130ngilizceye \u00e7evrilmi\u015f, Hollandal\u0131 y\u00f6netmen Fons Rademakers taraf\u0131ndan 1963\u2019te sinemaya uyarlanm\u0131\u015f, ayr\u0131ca John Le Carr\u00e9\u2019nin \u00fcnl\u00fc So\u011fuktan Gelen Casus adl\u0131 roman\u0131na da ilham vermi\u015ftir. Nazi i\u015fgali alt\u0131ndaki Hollanda\u2019n\u0131n Voorschoten kasabas\u0131nda bir t\u00fct\u00fcn d\u00fckk\u00e2n\u0131 olan Osewoudt, kendisine t\u0131pat\u0131p benzeyen Dorbeck ad\u0131nda bir direni\u015f \u00f6rg\u00fct\u00fc mensubuyla tan\u0131\u015f\u0131r. Dorbeck verdi\u011fi talimatlarla onun Gestapo\u2019ya ve Hollandal\u0131 i\u015fbirlik\u00e7ilere kar\u015f\u0131 sald\u0131r\u0131larda g\u00f6rev almas\u0131n\u0131 sa\u011flar. Ancak sava\u015ftan sonra Osewoudt i\u015fbirlik\u00e7i olarak yakalan\u0131r. Dorbeck ise kay\u0131plara kar\u0131\u015fm\u0131\u015ft\u0131r. Osewoudt\u2019un masumiyetini kan\u0131tlamak i\u00e7in ona ihtiyac\u0131 vard\u0131r. Dorbeck\u2019in ger\u00e7ekten var olup olmad\u0131\u011f\u0131n\u0131 bilmenin hi\u00e7bir yolu yoktur. Zira Hermans\u2019\u0131n yap\u0131tlar\u0131n\u0131n ge\u00e7ti\u011fi evrende, g\u00fcvenilir bilgiyi yaln\u0131zca bilimin ve mant\u0131\u011f\u0131n hizmetindeki ara\u00e7lar \u00fcretebilir. Hermans\u2019\u0131n karakterleri onlar\u0131 ku\u015fatan ger\u00e7ekli\u011fi her daim yanl\u0131\u015f yorumlayan m\u00fcnzeviler; d\u00fcnya ile temsili aras\u0131ndaki \u00e7eli\u015fkide kaybolmu\u015f, tesad\u00fcf\u00fcn merhametine kalm\u0131\u015f kurbanlard\u0131r.<\/p>\n","protected":false},"excerpt":{"rendered":"<p>Damokles\u2019in Karanl\u0131k Odas\u0131, \u0130kinci D\u00fcnya Sava\u015f\u0131 \u00fczerine yaz\u0131lm\u0131\u015f en \u00fcst\u00fcn romanlardan biri olarak kabul edilir. Willem Frederik Hermans\u2019\u0131n 1958 tarihli yap\u0131t\u0131, gerilim roman\u0131 kisvesi alt\u0131nda hakikatin<span class=\"excerpt-hellip\"> [\u2026]<\/span><\/p>\n","protected":false},"featured_media":0,"template":"","meta":{"_monsterinsights_skip_tracking":false,"_monsterinsights_sitenote_active":false,"_monsterinsights_sitenote_note":"","_monsterinsights_sitenote_category":0},"product_brand":[],"product_cat":[12291,12711],"product_tag":[],"class_list":{"0":"post-773509","1":"product","2":"type-product","3":"status-publish","5":"product_cat-edebiyat","6":"product_cat-roman-oyku","7":"pa_cilt-ciltli","8":"pa_tur-kitap","9":"pa_yayinevi-is-bankasi-kultur-yayinlari","10":"pa_yazar-willem-frederik-hermans","12":"first","13":"instock","14":"sale","15":"shipping-taxable","16":"purchasable","17":"product-type-simple"},"_links":{"self":[{"href":"https:\/\/roveyayinevi.com.tr\/index.php\/wp-json\/wp\/v2\/product\/773509","targetHints":{"allow":["GET"]}}],"collection":[{"href":"https:\/\/roveyayinevi.com.tr\/index.php\/wp-json\/wp\/v2\/product"}],"about":[{"href":"https:\/\/roveyayinevi.com.tr\/index.php\/wp-json\/wp\/v2\/types\/product"}],"wp:attachment":[{"href":"https:\/\/roveyayinevi.com.tr\/index.php\/wp-json\/wp\/v2\/media?parent=773509"}],"wp:term":[{"taxonomy":"product_brand","embeddable":true,"href":"https:\/\/roveyayinevi.com.tr\/index.php\/wp-json\/wp\/v2\/product_brand?post=773509"},{"taxonomy":"product_cat","embeddable":true,"href":"https:\/\/roveyayinevi.com.tr\/index.php\/wp-json\/wp\/v2\/product_cat?post=773509"},{"taxonomy":"product_tag","embeddable":true,"href":"https:\/\/roveyayinevi.com.tr\/index.php\/wp-json\/wp\/v2\/product_tag?post=773509"}],"curies":[{"name":"wp","href":"https:\/\/api.w.org\/{rel}","templated":true}]}}