{"id":773507,"date":"2025-08-28T16:18:46","date_gmt":"2025-08-28T13:18:46","guid":{"rendered":"https:\/\/roveyayinevi.com.tr\/index.php\/urun\/cogunlugun-iradesi\/"},"modified":"2026-04-15T03:39:48","modified_gmt":"2026-04-15T00:39:48","slug":"cogunlugun-iradesi","status":"publish","type":"product","link":"https:\/\/roveyayinevi.com.tr\/index.php\/urun\/cogunlugun-iradesi\/","title":{"rendered":"\u00c7o\u011funlu\u011fun \u0130radesi"},"content":{"rendered":"<p>rade G\u00fc\u00e7t\u00fcr. G\u00fc\u00e7 Hayatt\u0131r. Devasa yap\u0131n\u0131n y\u0131k\u0131lmaz g\u00f6r\u00fcnen sistemi, herkesin iradesini payla\u015farak sisteme g\u00fc\u00e7 vermesine dayan\u0131yor. G\u00fc\u00e7l\u00fc olan\u0131n, ba\u015fkalar\u0131n\u0131n iradesiyle beslendi\u011fi bu d\u00fczende, halk\u0131n \u00e7o\u011funlu\u011fu sadece birer enerji kayna\u011f\u0131na d\u00f6n\u00fc\u015fm\u00fc\u015f durumda. Ama Vis Telimus farkl\u0131. Sisteme boyun e\u011fmeyen, ge\u00e7mi\u015fi s\u0131rlarla \u00f6rt\u00fcl\u00fc bir yetim. Hayat\u0131n\u0131 s\u00fcrd\u00fcrmek i\u00e7in kurallara uymak zorunda, ta ki bir g\u00fcn imparatorlu\u011fun kalbindeki en prestijli akademiye kabul edilene kadar. Bu, sadece ki\u015fisel bir y\u00fckseli\u015fin de\u011fil; ayn\u0131 zamanda t\u00fcm sistemi de\u011fi\u015ftirebilecek bir komplonun ba\u015flang\u0131c\u0131. Vis, g\u00fc\u00e7 hiyerar\u015fisinin doru\u011funa \u00e7\u0131kmak i\u00e7in zek\u00e2s\u0131n\u0131, sabr\u0131n\u0131 ve iradesini kullanmal\u0131. Fakat etraf\u0131ndaki herkesin bir g\u00fcndemi var. Dost gibi g\u00f6r\u00fcnenler d\u00fc\u015fman, d\u00fc\u015fman gibi g\u00f6r\u00fcnenler ise ger\u00e7ek m\u00fcttefik olabilir. Her ad\u0131mda daha derine inen Vis, sonunda \u015fu soruyla y\u00fczle\u015fmek zorunda kalacak: Bir imparatorlu\u011fu ayakta tutan irade mi, yoksa onu y\u0131kacak olan iradesizlik midir? James Islington&#8217;dan, g\u00fc\u00e7, sadakat ve devrim \u00fczerine s\u00fcr\u00fckleyici bir epik fantezi. &#8220;Islington, t\u00fcr\u00fcn t\u00fcm do\u011fru \u00f6\u011feleriyle dolu bir d\u00fcnya kurmu\u015f: Karma\u015f\u0131k bir irade sistemi, efsanelerden \u00e7\u0131km\u0131\u015f \u00fcrk\u00fct\u00fcc\u00fc tehditler, politik entrikalar ve niyetleri nadiren net olan geni\u015f bir karakter kadrosu. Hacimli epik fantezi romanlar\u0131n\u0131n hayranlar\u0131 hayal k\u0131r\u0131kl\u0131\u011f\u0131na u\u011framayacak.&#8221; PUBLISHERS WEEKLY<\/p>\n","protected":false},"excerpt":{"rendered":"<p>rade G\u00fc\u00e7t\u00fcr. G\u00fc\u00e7 Hayatt\u0131r. Devasa yap\u0131n\u0131n y\u0131k\u0131lmaz g\u00f6r\u00fcnen sistemi, herkesin iradesini payla\u015farak sisteme g\u00fc\u00e7 vermesine dayan\u0131yor. G\u00fc\u00e7l\u00fc olan\u0131n, ba\u015fkalar\u0131n\u0131n iradesiyle beslendi\u011fi bu d\u00fczende, halk\u0131n \u00e7o\u011funlu\u011fu sadece<span class=\"excerpt-hellip\"> [\u2026]<\/span><\/p>\n","protected":false},"featured_media":0,"template":"","meta":{"_monsterinsights_skip_tracking":false,"_monsterinsights_sitenote_active":false,"_monsterinsights_sitenote_note":"","_monsterinsights_sitenote_category":0},"product_brand":[],"product_cat":[12291,14777],"product_tag":[],"class_list":{"0":"post-773507","1":"product","2":"type-product","3":"status-publish","5":"product_cat-edebiyat","6":"product_cat-fantastik","7":"pa_cilt-ciltsiz","8":"pa_tur-kitap","9":"pa_yayinevi-akil-celen-kitaplar","10":"pa_yazar-james-islington","12":"first","13":"instock","14":"sale","15":"shipping-taxable","16":"purchasable","17":"product-type-simple"},"_links":{"self":[{"href":"https:\/\/roveyayinevi.com.tr\/index.php\/wp-json\/wp\/v2\/product\/773507","targetHints":{"allow":["GET"]}}],"collection":[{"href":"https:\/\/roveyayinevi.com.tr\/index.php\/wp-json\/wp\/v2\/product"}],"about":[{"href":"https:\/\/roveyayinevi.com.tr\/index.php\/wp-json\/wp\/v2\/types\/product"}],"wp:attachment":[{"href":"https:\/\/roveyayinevi.com.tr\/index.php\/wp-json\/wp\/v2\/media?parent=773507"}],"wp:term":[{"taxonomy":"product_brand","embeddable":true,"href":"https:\/\/roveyayinevi.com.tr\/index.php\/wp-json\/wp\/v2\/product_brand?post=773507"},{"taxonomy":"product_cat","embeddable":true,"href":"https:\/\/roveyayinevi.com.tr\/index.php\/wp-json\/wp\/v2\/product_cat?post=773507"},{"taxonomy":"product_tag","embeddable":true,"href":"https:\/\/roveyayinevi.com.tr\/index.php\/wp-json\/wp\/v2\/product_tag?post=773507"}],"curies":[{"name":"wp","href":"https:\/\/api.w.org\/{rel}","templated":true}]}}