{"id":773505,"date":"2025-08-28T16:18:41","date_gmt":"2025-08-28T13:18:41","guid":{"rendered":"https:\/\/roveyayinevi.com.tr\/index.php\/urun\/kafatasi-adasi-1-2\/"},"modified":"2026-04-15T03:39:48","modified_gmt":"2026-04-15T00:39:48","slug":"kafatasi-adasi-1-2","status":"publish","type":"product","link":"https:\/\/roveyayinevi.com.tr\/index.php\/urun\/kafatasi-adasi-1-2\/","title":{"rendered":"Kafatas\u0131 Adas\u0131 1-2"},"content":{"rendered":"<p>David Eliot\u2019\u0131n hayat\u0131, prestijli okulundan at\u0131l\u0131p Groosham \u00c7iftli\u011fi\u2019ne g\u00f6nderilmesiyle alt\u00fcst oldu. Kafatas\u0131 Adas\u0131\u2019ndaki bu gizemli \u015fatoda \u00f6\u011fretmenler son derece tuhaft\u0131, \u00f6\u011frencilerse garip ve i\u00e7ine kapan\u0131kt\u0131. David, k\u0131sa s\u00fcrede yeni arkada\u015flar\u0131yla okulun karanl\u0131k s\u0131rlar\u0131n\u0131n pe\u015fine d\u00fc\u015ft\u00fc. Aradan bir y\u0131l ge\u00e7ti. Art\u0131k okulun en ba\u015far\u0131l\u0131 \u00f6\u011frencisi olan David, b\u00fcy\u00fck \u00f6d\u00fcl olan Lanetli K\u00e2se\u2019yi kazanaca\u011f\u0131na emindi. Fakat beklenmedik bir anda gelen Vincent, her \u015feyi de\u011fi\u015ftirdi. David, bu gizemli kupay\u0131 elde etmeye \u00e7al\u0131\u015f\u0131rken Groosham \u00c7iftli\u011fi\u2019nin kaderinin bizzat bu k\u00e2senin elinde oldu\u011funu \u00f6\u011frendi. \u00c7\u00fcnk\u00fc bu \u00f6d\u00fcl\u2026 sadece bir kupa de\u011fildi.<\/p>\n","protected":false},"excerpt":{"rendered":"<p>David Eliot\u2019\u0131n hayat\u0131, prestijli okulundan at\u0131l\u0131p Groosham \u00c7iftli\u011fi\u2019ne g\u00f6nderilmesiyle alt\u00fcst oldu. Kafatas\u0131 Adas\u0131\u2019ndaki bu gizemli \u015fatoda \u00f6\u011fretmenler son derece tuhaft\u0131, \u00f6\u011frencilerse garip ve i\u00e7ine kapan\u0131kt\u0131. David,<span class=\"excerpt-hellip\"> [\u2026]<\/span><\/p>\n","protected":false},"featured_media":0,"template":"","meta":{"_monsterinsights_skip_tracking":false,"_monsterinsights_sitenote_active":false,"_monsterinsights_sitenote_note":"","_monsterinsights_sitenote_category":0},"product_brand":[],"product_cat":[12416,12291],"product_tag":[],"class_list":{"0":"post-773505","1":"product","2":"type-product","3":"status-publish","5":"product_cat-cizgi-roman","6":"product_cat-edebiyat","7":"pa_cilt-ciltsiz","8":"pa_tur-kitap","9":"pa_yayinevi-artemis-yayinlari","10":"pa_yazar-anthony-horowitz","12":"first","13":"instock","14":"sale","15":"shipping-taxable","16":"purchasable","17":"product-type-simple"},"_links":{"self":[{"href":"https:\/\/roveyayinevi.com.tr\/index.php\/wp-json\/wp\/v2\/product\/773505","targetHints":{"allow":["GET"]}}],"collection":[{"href":"https:\/\/roveyayinevi.com.tr\/index.php\/wp-json\/wp\/v2\/product"}],"about":[{"href":"https:\/\/roveyayinevi.com.tr\/index.php\/wp-json\/wp\/v2\/types\/product"}],"wp:attachment":[{"href":"https:\/\/roveyayinevi.com.tr\/index.php\/wp-json\/wp\/v2\/media?parent=773505"}],"wp:term":[{"taxonomy":"product_brand","embeddable":true,"href":"https:\/\/roveyayinevi.com.tr\/index.php\/wp-json\/wp\/v2\/product_brand?post=773505"},{"taxonomy":"product_cat","embeddable":true,"href":"https:\/\/roveyayinevi.com.tr\/index.php\/wp-json\/wp\/v2\/product_cat?post=773505"},{"taxonomy":"product_tag","embeddable":true,"href":"https:\/\/roveyayinevi.com.tr\/index.php\/wp-json\/wp\/v2\/product_tag?post=773505"}],"curies":[{"name":"wp","href":"https:\/\/api.w.org\/{rel}","templated":true}]}}