{"id":773504,"date":"2025-08-28T16:18:39","date_gmt":"2025-08-28T13:18:39","guid":{"rendered":"https:\/\/roveyayinevi.com.tr\/index.php\/urun\/bahar-sonsuz-degil-ki\/"},"modified":"2026-03-12T03:37:49","modified_gmt":"2026-03-12T00:37:49","slug":"bahar-sonsuz-degil-ki","status":"publish","type":"product","link":"https:\/\/roveyayinevi.com.tr\/index.php\/urun\/bahar-sonsuz-degil-ki\/","title":{"rendered":"Bahar Sonsuz De\u011fil ki"},"content":{"rendered":"<p>Z\u00dcL   En bilinen resminden Yahya Kemal\u2019i Tan\u0131yamayan bir son s\u0131n\u0131f \u00f6\u011frencisine T\u00fcyolar veriyorum ipucu olsun diye. Hani, \u201cS\u00fcleymaniye\u2019de Bayram Sabah\u0131\u201d Hani \u201cSessiz Gemi\u201d\u2026 \u201cAk\u0131nc\u0131lar\u201d \u201cEnd\u00fcl\u00fcste Raks\u201d yahut \u201cErenk\u00f6y\u00fcnde Bahar\u2026\u201d Olmad\u0131ysa \u201cRintlerin Ak\u015fam\u0131\u201d Daha m\u0131 \u201cRintlerin \u00d6l\u00fcm\u00fc\u201d Edebiyat tarihimiz g\u00f6rmemi\u015ftir Bu g\u00fcne kadar, b\u00f6yle bir zul\u00fcm\u00fc. \u015eimdi hemen bulacaks\u0131n, dizelere kulak ver: \u201cSana d\u00fcn bir tepeden bakt\u0131m aziz \u0130stanbul, G\u00f6rmedim gezmedi\u011fim, sevmedi\u011fim hi\u00e7bir yer\u201d Yahut \u201c\u0130stanbul\u2019u Fetheden Yeni\u00e7eriye Gazel\u201d \u00c7atlayaca\u011f\u0131m evlad\u0131m, bulacaksan bul! De\u011fil ipucu, ipin tamam\u0131n\u0131 da versem, z\u00fcl\u2026 <\/p>\n","protected":false},"excerpt":{"rendered":"<p>Z\u00dcL En bilinen resminden Yahya Kemal\u2019i Tan\u0131yamayan bir son s\u0131n\u0131f \u00f6\u011frencisine T\u00fcyolar veriyorum ipucu olsun diye. Hani, \u201cS\u00fcleymaniye\u2019de Bayram Sabah\u0131\u201d Hani \u201cSessiz Gemi\u201d\u2026 \u201cAk\u0131nc\u0131lar\u201d \u201cEnd\u00fcl\u00fcste Raks\u201d<span class=\"excerpt-hellip\"> [\u2026]<\/span><\/p>\n","protected":false},"featured_media":0,"template":"","meta":{"_monsterinsights_skip_tracking":false,"_monsterinsights_sitenote_active":false,"_monsterinsights_sitenote_note":"","_monsterinsights_sitenote_category":0},"product_brand":[],"product_cat":[12291,12509],"product_tag":[],"class_list":{"0":"post-773504","1":"product","2":"type-product","3":"status-publish","5":"product_cat-edebiyat","6":"product_cat-siir","7":"pa_cilt-ciltsiz","8":"pa_tur-kitap","9":"pa_yayinevi-kirmizi-cati-yayinlari","10":"pa_yazar-ismail-guctas","12":"first","13":"instock","14":"sale","15":"shipping-taxable","16":"purchasable","17":"product-type-simple"},"_links":{"self":[{"href":"https:\/\/roveyayinevi.com.tr\/index.php\/wp-json\/wp\/v2\/product\/773504","targetHints":{"allow":["GET"]}}],"collection":[{"href":"https:\/\/roveyayinevi.com.tr\/index.php\/wp-json\/wp\/v2\/product"}],"about":[{"href":"https:\/\/roveyayinevi.com.tr\/index.php\/wp-json\/wp\/v2\/types\/product"}],"wp:attachment":[{"href":"https:\/\/roveyayinevi.com.tr\/index.php\/wp-json\/wp\/v2\/media?parent=773504"}],"wp:term":[{"taxonomy":"product_brand","embeddable":true,"href":"https:\/\/roveyayinevi.com.tr\/index.php\/wp-json\/wp\/v2\/product_brand?post=773504"},{"taxonomy":"product_cat","embeddable":true,"href":"https:\/\/roveyayinevi.com.tr\/index.php\/wp-json\/wp\/v2\/product_cat?post=773504"},{"taxonomy":"product_tag","embeddable":true,"href":"https:\/\/roveyayinevi.com.tr\/index.php\/wp-json\/wp\/v2\/product_tag?post=773504"}],"curies":[{"name":"wp","href":"https:\/\/api.w.org\/{rel}","templated":true}]}}