{"id":773497,"date":"2025-08-28T16:18:27","date_gmt":"2025-08-28T13:18:27","guid":{"rendered":"https:\/\/roveyayinevi.com.tr\/index.php\/urun\/orgut-iklimi\/"},"modified":"2026-04-15T03:39:48","modified_gmt":"2026-04-15T00:39:48","slug":"orgut-iklimi","status":"publish","type":"product","link":"https:\/\/roveyayinevi.com.tr\/index.php\/urun\/orgut-iklimi\/","title":{"rendered":"\u00d6rg\u00fct \u0130klimi"},"content":{"rendered":"<p>B\u0130R\u0130NC\u0130 B\u00d6L\u00dcM \u00d6RG\u00dcT KAVRAMI   \u0130K\u0130NC\u0130 B\u00d6L\u00dcM \u00d6RG\u00dcT \u0120KL\u0120M\u0120 KAVRAMI   \u00dc\u00c7\u00dcNC\u00dc B\u00d6L\u00dcM \u00d6RG\u00dcT \u0120KL\u0120M\u0120 TEOR\u0120LER\u0120 <\/p>\n","protected":false},"excerpt":{"rendered":"<p>B\u0130R\u0130NC\u0130 B\u00d6L\u00dcM \u00d6RG\u00dcT KAVRAMI \u0130K\u0130NC\u0130 B\u00d6L\u00dcM \u00d6RG\u00dcT \u0120KL\u0120M\u0120 KAVRAMI \u00dc\u00c7\u00dcNC\u00dc B\u00d6L\u00dcM \u00d6RG\u00dcT \u0120KL\u0120M\u0120 TEOR\u0120LER\u0120<\/p>\n","protected":false},"featured_media":0,"template":"","meta":{"_monsterinsights_skip_tracking":false,"_monsterinsights_sitenote_active":false,"_monsterinsights_sitenote_note":"","_monsterinsights_sitenote_category":0},"product_brand":[],"product_cat":[12573,12566],"product_tag":[],"class_list":{"0":"post-773497","1":"product","2":"type-product","3":"status-publish","5":"product_cat-akademik-kitaplar","6":"product_cat-egitim","7":"pa_cilt-ciltsiz","8":"pa_tur-kitap","9":"pa_yayinevi-gazi-kitabevi","10":"pa_yazar-kolektif","12":"first","13":"instock","14":"sale","15":"shipping-taxable","16":"purchasable","17":"product-type-simple"},"_links":{"self":[{"href":"https:\/\/roveyayinevi.com.tr\/index.php\/wp-json\/wp\/v2\/product\/773497","targetHints":{"allow":["GET"]}}],"collection":[{"href":"https:\/\/roveyayinevi.com.tr\/index.php\/wp-json\/wp\/v2\/product"}],"about":[{"href":"https:\/\/roveyayinevi.com.tr\/index.php\/wp-json\/wp\/v2\/types\/product"}],"wp:attachment":[{"href":"https:\/\/roveyayinevi.com.tr\/index.php\/wp-json\/wp\/v2\/media?parent=773497"}],"wp:term":[{"taxonomy":"product_brand","embeddable":true,"href":"https:\/\/roveyayinevi.com.tr\/index.php\/wp-json\/wp\/v2\/product_brand?post=773497"},{"taxonomy":"product_cat","embeddable":true,"href":"https:\/\/roveyayinevi.com.tr\/index.php\/wp-json\/wp\/v2\/product_cat?post=773497"},{"taxonomy":"product_tag","embeddable":true,"href":"https:\/\/roveyayinevi.com.tr\/index.php\/wp-json\/wp\/v2\/product_tag?post=773497"}],"curies":[{"name":"wp","href":"https:\/\/api.w.org\/{rel}","templated":true}]}}