{"id":773496,"date":"2025-08-28T16:18:26","date_gmt":"2025-08-28T13:18:26","guid":{"rendered":"https:\/\/roveyayinevi.com.tr\/index.php\/urun\/mobbing-is-yerinde-psikolojik-taciz\/"},"modified":"2026-04-15T03:39:48","modified_gmt":"2026-04-15T00:39:48","slug":"mobbing-is-yerinde-psikolojik-taciz","status":"publish","type":"product","link":"https:\/\/roveyayinevi.com.tr\/index.php\/urun\/mobbing-is-yerinde-psikolojik-taciz\/","title":{"rendered":"Mobbing &#8211; \u0130\u015f Yerinde Psikolojik Taciz"},"content":{"rendered":"<p>\u0130\u00e7indekiler :     1. MOBB\u0130NG KAVRAMI   2. MOBB\u0130NG BENZER\u0130 KAVRAMLAR   3. MOBB\u0130NG DAVRANI\u015eLARI   4. MOBB\u0130NG UNSURLARI   5. MOBB\u0130NG T\u00dcRLER\u0130 (UYGULANMA Y\u00d6N\u00dc)   6. MOBB\u0130NG S\u00dcREC\u0130N\u0130N TARAFLARI   7. MOBB\u0130NG\u0130 OLU\u015eTURAN NEDENLER   8. MOBB\u0130NG A\u015eAMALARI   9. MOBB\u0130NG\u0130N ETK\u0130LER\u0130     10. MOBB\u0130NGLE M\u00dcCADELE Y\u00d6NTEMLER\u0130   11. MOBB\u0130NG\u0130N \u0130SPATI   12. T\u00dcRK HUKUKUNDA MOBB\u0130NG   13. YARGI KARARLARINDA MOBB\u0130NG   14. KAYNAKLAR <\/p>\n","protected":false},"excerpt":{"rendered":"<p>\u0130\u00e7indekiler : 1. MOBB\u0130NG KAVRAMI 2. MOBB\u0130NG BENZER\u0130 KAVRAMLAR 3. MOBB\u0130NG DAVRANI\u015eLARI 4. MOBB\u0130NG UNSURLARI 5. MOBB\u0130NG T\u00dcRLER\u0130 (UYGULANMA Y\u00d6N\u00dc) 6. MOBB\u0130NG S\u00dcREC\u0130N\u0130N TARAFLARI 7. MOBB\u0130NG\u0130<span class=\"excerpt-hellip\"> [\u2026]<\/span><\/p>\n","protected":false},"featured_media":0,"template":"","meta":{"_monsterinsights_skip_tracking":false,"_monsterinsights_sitenote_active":false,"_monsterinsights_sitenote_note":"","_monsterinsights_sitenote_category":0},"product_brand":[],"product_cat":[20502,12357],"product_tag":[],"class_list":{"0":"post-773496","1":"product","2":"type-product","3":"status-publish","5":"product_cat-basvuru-kitaplari-psikoloji","6":"product_cat-psikoloji","7":"pa_cilt-ciltsiz","8":"pa_tur-kitap","9":"pa_yayinevi-gazi-kitabevi","10":"pa_yazar-r-tugrul-ogulata","12":"first","13":"instock","14":"sale","15":"shipping-taxable","16":"purchasable","17":"product-type-simple"},"_links":{"self":[{"href":"https:\/\/roveyayinevi.com.tr\/index.php\/wp-json\/wp\/v2\/product\/773496","targetHints":{"allow":["GET"]}}],"collection":[{"href":"https:\/\/roveyayinevi.com.tr\/index.php\/wp-json\/wp\/v2\/product"}],"about":[{"href":"https:\/\/roveyayinevi.com.tr\/index.php\/wp-json\/wp\/v2\/types\/product"}],"wp:attachment":[{"href":"https:\/\/roveyayinevi.com.tr\/index.php\/wp-json\/wp\/v2\/media?parent=773496"}],"wp:term":[{"taxonomy":"product_brand","embeddable":true,"href":"https:\/\/roveyayinevi.com.tr\/index.php\/wp-json\/wp\/v2\/product_brand?post=773496"},{"taxonomy":"product_cat","embeddable":true,"href":"https:\/\/roveyayinevi.com.tr\/index.php\/wp-json\/wp\/v2\/product_cat?post=773496"},{"taxonomy":"product_tag","embeddable":true,"href":"https:\/\/roveyayinevi.com.tr\/index.php\/wp-json\/wp\/v2\/product_tag?post=773496"}],"curies":[{"name":"wp","href":"https:\/\/api.w.org\/{rel}","templated":true}]}}