{"id":773494,"date":"2025-08-28T16:18:23","date_gmt":"2025-08-28T13:18:23","guid":{"rendered":"https:\/\/roveyayinevi.com.tr\/index.php\/urun\/kendini-bulma-cesareti\/"},"modified":"2026-04-12T03:31:16","modified_gmt":"2026-04-12T00:31:16","slug":"kendini-bulma-cesareti","status":"publish","type":"product","link":"https:\/\/roveyayinevi.com.tr\/index.php\/urun\/kendini-bulma-cesareti\/","title":{"rendered":"Kendini Bulma Cesareti"},"content":{"rendered":"<p>Kendini Bulma Cesareti, i\u00e7inizdeki \u00e7ocu\u011fu duymaya, ihtiya\u00e7lar\u0131n\u0131z\u0131 fark etmeye ve kendinize ula\u015fmaya bir davet. \u0130\u00e7sel par\u00e7alar\u0131n\u0131z aras\u0131ndaki dengeyi fark ederek kendinizle ili\u015fkinizi anlamay\u0131 sa\u011flayacak bir yol rehberi. Birbirini tamamlayan b\u00f6l\u00fcmlerle psikoterapi kuramlar\u0131ndan yola \u00e7\u0131karak insan\u0131n duygu d\u00fcnyas\u0131n\u0131 olu\u015fturan kaynaklar ve \u00e7a\u011fr\u0131lar gibi, kendini bulma cesareti sizi bekliyor. Kendine sor: Bu duygunun sahibi kim? Sen mi yoksa \u00e7ocuklu\u011fun mu?<\/p>\n","protected":false},"excerpt":{"rendered":"<p>Kendini Bulma Cesareti, i\u00e7inizdeki \u00e7ocu\u011fu duymaya, ihtiya\u00e7lar\u0131n\u0131z\u0131 fark etmeye ve kendinize ula\u015fmaya bir davet. \u0130\u00e7sel par\u00e7alar\u0131n\u0131z aras\u0131ndaki dengeyi fark ederek kendinizle ili\u015fkinizi anlamay\u0131 sa\u011flayacak bir yol<span class=\"excerpt-hellip\"> [\u2026]<\/span><\/p>\n","protected":false},"featured_media":0,"template":"","meta":{"_monsterinsights_skip_tracking":false,"_monsterinsights_sitenote_active":false,"_monsterinsights_sitenote_note":"","_monsterinsights_sitenote_category":0},"product_brand":[],"product_cat":[12364,12376],"product_tag":[],"class_list":{"0":"post-773494","1":"product","2":"type-product","3":"status-publish","5":"product_cat-genel-konular","6":"product_cat-kisisel-gelisim","7":"pa_cilt-ciltsiz","8":"pa_tur-kitap","9":"pa_yayinevi-cinar-yayinlari","10":"pa_yazar-berna-ermis","12":"first","13":"instock","14":"sale","15":"shipping-taxable","16":"purchasable","17":"product-type-simple"},"_links":{"self":[{"href":"https:\/\/roveyayinevi.com.tr\/index.php\/wp-json\/wp\/v2\/product\/773494","targetHints":{"allow":["GET"]}}],"collection":[{"href":"https:\/\/roveyayinevi.com.tr\/index.php\/wp-json\/wp\/v2\/product"}],"about":[{"href":"https:\/\/roveyayinevi.com.tr\/index.php\/wp-json\/wp\/v2\/types\/product"}],"wp:attachment":[{"href":"https:\/\/roveyayinevi.com.tr\/index.php\/wp-json\/wp\/v2\/media?parent=773494"}],"wp:term":[{"taxonomy":"product_brand","embeddable":true,"href":"https:\/\/roveyayinevi.com.tr\/index.php\/wp-json\/wp\/v2\/product_brand?post=773494"},{"taxonomy":"product_cat","embeddable":true,"href":"https:\/\/roveyayinevi.com.tr\/index.php\/wp-json\/wp\/v2\/product_cat?post=773494"},{"taxonomy":"product_tag","embeddable":true,"href":"https:\/\/roveyayinevi.com.tr\/index.php\/wp-json\/wp\/v2\/product_tag?post=773494"}],"curies":[{"name":"wp","href":"https:\/\/api.w.org\/{rel}","templated":true}]}}