{"id":773493,"date":"2025-08-28T16:18:22","date_gmt":"2025-08-28T13:18:22","guid":{"rendered":"https:\/\/roveyayinevi.com.tr\/index.php\/urun\/erkekligin-iptali\/"},"modified":"2026-04-15T03:39:48","modified_gmt":"2026-04-15T00:39:48","slug":"erkekligin-iptali","status":"publish","type":"product","link":"https:\/\/roveyayinevi.com.tr\/index.php\/urun\/erkekligin-iptali\/","title":{"rendered":"Erkekli\u011fin \u0130ptali"},"content":{"rendered":"<p>D\u0131\u015far\u0131dan gelen g\u00f6r\u00fcnmez bir el, erke\u011fin i\u00e7indeki hakikati bo\u011fuyor. O g\u00f6r\u00fcnmez el art\u0131k yaln\u0131zca politik de\u011fil, teknolojik, kimyasal ve k\u00fclt\u00fcrel bir ayg\u0131t. Bu el Instagram filtreleriyle erkek bedenini estetize ediyor, Spotify listeleriyle hislerini ehlile\u015ftiriyor, Netflix senaryolar\u0131yla ruhunu formatl\u0131yor. Bu elin dokunmad\u0131\u011f\u0131 bir alan kalmad\u0131: \u00c7atal\u0131m\u0131za, kulaklar\u0131m\u0131za ve zihnimize de\u011fmi\u015f durumda. Modern erkek, testosteronunu kaybediyor, iradesini yitiriyor, d\u00f6v\u00fc\u015fme i\u00e7g\u00fcd\u00fcs\u00fcnden, koruma refleksinden, liderlik d\u00fcrt\u00fcs\u00fcnden sistemli \u015fekilde ar\u0131nd\u0131r\u0131l\u0131yor. Bu bir rastlant\u0131 de\u011fil. Yaln\u0131zca ya\u015fam tarzlar\u0131 de\u011fil, hormon profilleri bile de\u011fi\u015fiyor. GDO\u2019lu yiyeceklerle, \u00f6strojen benzeri kimyasallarla dolu ambalajl\u0131 \u00fcr\u00fcnlerle erkek bedeni do\u011fall\u0131\u011f\u0131n\u0131 yitiriyor. Bu bir biyolojik silahs\u0131zland\u0131rmad\u0131r.Di\u011fer yandan kad\u0131nlar \u00f6zg\u00fcrle\u015fmek istiyorlar. Ama bu \u00f6zg\u00fcrl\u00fc\u011f\u00fcn bedelini yaln\u0131zl\u0131k, t\u00fckenmi\u015flik ve aidiyetsizlikle \u00f6demeye ba\u015flad\u0131lar. \u00c7\u00fcnk\u00fc ger\u00e7ekte, kad\u0131nlar erkeklerin \u00e7\u00f6k\u00fc\u015f\u00fc \u00fczerinden \u00f6zg\u00fcrle\u015fmeye \u00e7al\u0131\u015f\u0131yorlar. Oysa bilmiyorlar ki, erke\u011fin \u00e7\u00f6k\u00fc\u015f\u00fc, kad\u0131n\u0131n da \u00e7\u00f6k\u00fc\u015f\u00fcd\u00fcr. Bug\u00fcn erkekli\u011fin sava\u015f alan\u0131 laboratuvarlar, reklam ajanslar\u0131, algoritmalar ve hormonal dengesizliklerdir. Mask\u00fclen enerji art\u0131k sava\u015f meydanlar\u0131nda de\u011fil, raf \u00f6mr\u00fc uzat\u0131lm\u0131\u015f yiyeceklerin i\u00e7inde, Wi-Fi sinyallerinde ve dijital \u00f6fke n\u00f6betlerinde bo\u011fuluyor. Bu bir kurgu de\u011fil. Bu, erkekli\u011fin topyek\u00fbn iptal plan\u0131d\u0131r.<\/p>\n","protected":false},"excerpt":{"rendered":"<p>D\u0131\u015far\u0131dan gelen g\u00f6r\u00fcnmez bir el, erke\u011fin i\u00e7indeki hakikati bo\u011fuyor. O g\u00f6r\u00fcnmez el art\u0131k yaln\u0131zca politik de\u011fil, teknolojik, kimyasal ve k\u00fclt\u00fcrel bir ayg\u0131t. Bu el Instagram filtreleriyle<span class=\"excerpt-hellip\"> [\u2026]<\/span><\/p>\n","protected":false},"featured_media":0,"template":"","meta":{"_monsterinsights_skip_tracking":false,"_monsterinsights_sitenote_active":false,"_monsterinsights_sitenote_note":"","_monsterinsights_sitenote_category":0},"product_brand":[],"product_cat":[12358,12357],"product_tag":[],"class_list":{"0":"post-773493","1":"product","2":"type-product","3":"status-publish","5":"product_cat-genel-psikoloji","6":"product_cat-psikoloji","7":"pa_cilt-ciltsiz","8":"pa_tur-kitap","9":"pa_yayinevi-hayykitap","10":"pa_yazar-haydar-salik","12":"first","13":"instock","14":"sale","15":"shipping-taxable","16":"purchasable","17":"product-type-simple"},"_links":{"self":[{"href":"https:\/\/roveyayinevi.com.tr\/index.php\/wp-json\/wp\/v2\/product\/773493","targetHints":{"allow":["GET"]}}],"collection":[{"href":"https:\/\/roveyayinevi.com.tr\/index.php\/wp-json\/wp\/v2\/product"}],"about":[{"href":"https:\/\/roveyayinevi.com.tr\/index.php\/wp-json\/wp\/v2\/types\/product"}],"wp:attachment":[{"href":"https:\/\/roveyayinevi.com.tr\/index.php\/wp-json\/wp\/v2\/media?parent=773493"}],"wp:term":[{"taxonomy":"product_brand","embeddable":true,"href":"https:\/\/roveyayinevi.com.tr\/index.php\/wp-json\/wp\/v2\/product_brand?post=773493"},{"taxonomy":"product_cat","embeddable":true,"href":"https:\/\/roveyayinevi.com.tr\/index.php\/wp-json\/wp\/v2\/product_cat?post=773493"},{"taxonomy":"product_tag","embeddable":true,"href":"https:\/\/roveyayinevi.com.tr\/index.php\/wp-json\/wp\/v2\/product_tag?post=773493"}],"curies":[{"name":"wp","href":"https:\/\/api.w.org\/{rel}","templated":true}]}}